{"id":49,"date":"2017-10-17T23:12:54","date_gmt":"2017-10-18T02:12:54","guid":{"rendered":"http:\/\/smirna.cl\/wordpress\/?page_id=49"},"modified":"2026-04-18T14:12:54","modified_gmt":"2026-04-18T18:12:54","slug":"bienvenida","status":"publish","type":"page","link":"https:\/\/smirna.cl\/wordpress\/","title":{"rendered":"Bienvenida"},"content":{"rendered":"<h3 class=\"xmsonormal\" style=\"text-align: center;\">\u00a1Les damos la bienvenida a nuestra p\u00e1gina Web de Iglesia Smirna!<\/h3>\n<p>&nbsp;<\/p>\n<p data-start=\"264\" data-end=\"585\"><img loading=\"lazy\" decoding=\"async\" class=\" wp-image-3533 alignleft\" src=\"http:\/\/smirna.cl\/wordpress\/wp-content\/uploads\/2026\/04\/FB_IMG_1775691382302-207x300.jpg\" alt=\"\" width=\"167\" height=\"242\" srcset=\"https:\/\/smirna.cl\/wordpress\/wp-content\/uploads\/2026\/04\/FB_IMG_1775691382302-207x300.jpg 207w, https:\/\/smirna.cl\/wordpress\/wp-content\/uploads\/2026\/04\/FB_IMG_1775691382302-531x768.jpg 531w, https:\/\/smirna.cl\/wordpress\/wp-content\/uploads\/2026\/04\/FB_IMG_1775691382302-768x1111.jpg 768w, https:\/\/smirna.cl\/wordpress\/wp-content\/uploads\/2026\/04\/FB_IMG_1775691382302-1062x1536.jpg 1062w, https:\/\/smirna.cl\/wordpress\/wp-content\/uploads\/2026\/04\/FB_IMG_1775691382302.jpg 1106w\" sizes=\"auto, (max-width: 167px) 100vw, 167px\" \/>Lamentamos profundamente la partida a la presencia del Se\u00f1or de nuestro Pastor, Rev. Nadir Carre\u00f1o Maufras, el 8 de abril de 2026, uno de los fundadores de nuestra iglesia y quien la pastore\u00f3 fielmente durante 55 a\u00f1os. Nos consuela saber que hoy est\u00e1 en la presencia de su Salvador, a quien sirvi\u00f3 con fidelidad toda su vida.<\/p>\n<p data-start=\"587\" data-end=\"787\">Prontamente compartiremos una recopilaci\u00f3n de sus publicaciones, temas y libros, reflejo de su ministerio tanto en nuestra iglesia como en las distintas organizaciones que el Se\u00f1or le permiti\u00f3 servir.<\/p>\n<p class=\"xmsonormal\">El Se\u00f1or obra en medio de toda circunstancia.\u00a0 Recordamos cuando la pandemia que nos afect\u00f3 globalmente nos permiti\u00f3 abrir nuevos ministerios para compartir el evangelio. Nuestro trabajo se abri\u00f3 a las redes sociales y ahora las Buenas Nuevas de Salvaci\u00f3n se est\u00e1n expandiendo a trav\u00e9s de distintos medios, alcanzando lugares antes impensados.<\/p>\n<p>Le invitamos a acompa\u00f1arnos en nuestros servicios dominicales: Escuela Dominical a las 10:30 hr. y Culto Solemne a las 18:00 hr., los cuales se transmiten por <a href=\"https:\/\/www.youtube.com\/IglesiaPresbiterianaBiblicaSmirna\">YouTube<\/a> y <a href=\"https:\/\/www.facebook.com\/iglesiasmirna\">Facebook Live<\/a>. Ser\u00e1 una bendici\u00f3n recibirle presencialmente en nuestro templo, ubicado en Catedral 4474, Quinta Normal, para adorar juntos al Se\u00f1or y orar los unos por los otros.<\/p>\n<p class=\"xmsonormal\">Durante la semana realizamos nuestro culto de Estudio B\u00edblico, Oraci\u00f3n y Testimonios los mi\u00e9rcoles a las 19:30 hrs., transmitido v\u00eda Zoom y Facebook Live.<\/p>\n<p class=\"xmsonormal\">Tambi\u00e9n le invitamos a seguirnos en nuestras redes sociales (<a href=\"https:\/\/www.youtube.com\/IglesiaPresbiterianaBiblicaSmirna\">YouTube<\/a>, <a href=\"https:\/\/www.facebook.com\/iglesiasmirna\">Facebook<\/a>, <a href=\"https:\/\/www.instagram.com\/iglesiasmirna.cl\/\">Instagram)<\/a> donde compartimos nuestros servicios, material b\u00edblico para la edificaci\u00f3n espiritual y noticias de la vida de la iglesia.<\/p>\n<p class=\"xmsonormal\"><strong>\u00a1Que el Se\u00f1or les bendiga!<\/strong><\/p>\n<p>&nbsp;<\/p>\n<p>Mateo 5:14-16:<br \/>\n<span id=\"es-RVA-23251\" class=\"text Matt-5-16\"><em><sup class=\"versenum\">14 <\/sup><\/em><em>Vosotros sois la luz del mundo: una ciudad asentada sobre un monte no se puede esconder.<\/em><br \/>\n<em><sup class=\"versenum\">15 <\/sup><\/em><em>Ni se enciende una l\u00e1mpara y se pone debajo de un almud, mas sobre el candelero, y alumbra \u00e1 todos los que est\u00e1n en casa.<\/em><br \/>\n<em><sup class=\"versenum\">16 <\/sup><\/em><em>As\u00ed alumbre vuestra luz delante de los hombres, para que vean vuestras obras buenas, y glorifiquen \u00e1 vuestro Padre que est\u00e1 en los cielos.<\/em><\/span><\/p>\n<p><a href=\"http:\/\/smirna.cl\/wordpress\/el-plan-de-salvacion\/\"><img loading=\"lazy\" decoding=\"async\" class=\"wp-image-87 aligncenter\" src=\"http:\/\/smirna.cl\/wordpress\/wp-content\/uploads\/2017\/11\/smirna-1.jpg\" alt=\"\" width=\"547\" height=\"410\" srcset=\"https:\/\/smirna.cl\/wordpress\/wp-content\/uploads\/2017\/11\/smirna-1.jpg 720w, https:\/\/smirna.cl\/wordpress\/wp-content\/uploads\/2017\/11\/smirna-1-300x225.jpg 300w\" sizes=\"auto, (max-width: 547px) 100vw, 547px\" \/><\/a><\/p>\n","protected":false},"excerpt":{"rendered":"<p>\u00a1Les damos la bienvenida a nuestra p\u00e1gina Web de Iglesia Smirna! &nbsp; Lamentamos profundamente la partida a la presencia del Se\u00f1or de nuestro Pastor, Rev. Nadir Carre\u00f1o Maufras, el 8 de abril de 2026, uno de los fundadores de nuestra iglesia y quien la pastore\u00f3 fielmente durante 55 a\u00f1os. Nos consuela saber que hoy est\u00e1 [&hellip;]<\/p>\n","protected":false},"author":1,"featured_media":0,"parent":0,"menu_order":0,"comment_status":"closed","ping_status":"closed","template":"","meta":{"_monsterinsights_skip_tracking":false,"_monsterinsights_sitenote_active":false,"_monsterinsights_sitenote_note":"","_monsterinsights_sitenote_category":0,"__cvm_playback_settings":[],"__cvm_video_id":"","footnotes":""},"class_list":["post-49","page","type-page","status-publish","hentry"],"yoast_head":"<!-- This site is optimized with the Yoast SEO plugin v27.5 - https:\/\/yoast.com\/product\/yoast-seo-wordpress\/ -->\n<title>Bienvenida - Iglesia Smirna<\/title>\n<meta name=\"description\" content=\"La Iglesia Presbiteriana Fundamentalista B\u00edblica Smirna le da la bienvenida. Nuestro prop\u00f3sito es evangelizar, edificar a los creyentes y defender la fe.\" \/>\n<meta name=\"robots\" content=\"index, follow, max-snippet:-1, max-image-preview:large, max-video-preview:-1\" \/>\n<link rel=\"canonical\" href=\"https:\/\/smirna.cl\/wordpress\/\" \/>\n<meta property=\"og:locale\" content=\"es_ES\" \/>\n<meta property=\"og:type\" content=\"article\" \/>\n<meta property=\"og:title\" content=\"Bienvenida - Iglesia Smirna\" \/>\n<meta property=\"og:description\" content=\"La Iglesia Presbiteriana Fundamentalista B\u00edblica Smirna le da la bienvenida. Nuestro prop\u00f3sito es evangelizar, edificar a los creyentes y defender la fe.\" \/>\n<meta property=\"og:url\" content=\"https:\/\/smirna.cl\/wordpress\/\" \/>\n<meta property=\"og:site_name\" content=\"Iglesia Smirna\" \/>\n<meta property=\"article:publisher\" content=\"http:\/\/www.facebook.com\/iglesiasmirna\/\" \/>\n<meta property=\"article:modified_time\" content=\"2026-04-18T18:12:54+00:00\" \/>\n<meta property=\"og:image\" content=\"https:\/\/smirna.cl\/wordpress\/wp-content\/uploads\/2026\/04\/FB_IMG_1775691382302.jpg\" \/>\n\t<meta property=\"og:image:width\" content=\"1106\" \/>\n\t<meta property=\"og:image:height\" content=\"1600\" \/>\n\t<meta property=\"og:image:type\" content=\"image\/jpeg\" \/>\n<meta name=\"twitter:label1\" content=\"Tiempo de lectura\" \/>\n\t<meta name=\"twitter:data1\" content=\"2 minutos\" \/>\n<script type=\"application\/ld+json\" class=\"yoast-schema-graph\">{\"@context\":\"https:\\\/\\\/schema.org\",\"@graph\":[{\"@type\":\"WebPage\",\"@id\":\"https:\\\/\\\/smirna.cl\\\/wordpress\\\/\",\"url\":\"https:\\\/\\\/smirna.cl\\\/wordpress\\\/\",\"name\":\"Bienvenida - Iglesia Smirna\",\"isPartOf\":{\"@id\":\"https:\\\/\\\/smirna.cl\\\/wordpress\\\/#website\"},\"primaryImageOfPage\":{\"@id\":\"https:\\\/\\\/smirna.cl\\\/wordpress\\\/#primaryimage\"},\"image\":{\"@id\":\"https:\\\/\\\/smirna.cl\\\/wordpress\\\/#primaryimage\"},\"thumbnailUrl\":\"http:\\\/\\\/smirna.cl\\\/wordpress\\\/wp-content\\\/uploads\\\/2026\\\/04\\\/FB_IMG_1775691382302-207x300.jpg\",\"datePublished\":\"2017-10-18T02:12:54+00:00\",\"dateModified\":\"2026-04-18T18:12:54+00:00\",\"description\":\"La Iglesia Presbiteriana Fundamentalista B\u00edblica Smirna le da la bienvenida. Nuestro prop\u00f3sito es evangelizar, edificar a los creyentes y defender la fe.\",\"breadcrumb\":{\"@id\":\"https:\\\/\\\/smirna.cl\\\/wordpress\\\/#breadcrumb\"},\"inLanguage\":\"es\",\"potentialAction\":[{\"@type\":\"ReadAction\",\"target\":[\"https:\\\/\\\/smirna.cl\\\/wordpress\\\/\"]}]},{\"@type\":\"ImageObject\",\"inLanguage\":\"es\",\"@id\":\"https:\\\/\\\/smirna.cl\\\/wordpress\\\/#primaryimage\",\"url\":\"https:\\\/\\\/smirna.cl\\\/wordpress\\\/wp-content\\\/uploads\\\/2026\\\/04\\\/FB_IMG_1775691382302.jpg\",\"contentUrl\":\"https:\\\/\\\/smirna.cl\\\/wordpress\\\/wp-content\\\/uploads\\\/2026\\\/04\\\/FB_IMG_1775691382302.jpg\",\"width\":1106,\"height\":1600},{\"@type\":\"BreadcrumbList\",\"@id\":\"https:\\\/\\\/smirna.cl\\\/wordpress\\\/#breadcrumb\",\"itemListElement\":[{\"@type\":\"ListItem\",\"position\":1,\"name\":\"Home\",\"item\":\"https:\\\/\\\/smirna.cl\\\/wordpress\\\/\"},{\"@type\":\"ListItem\",\"position\":2,\"name\":\"Bienvenida\"}]},{\"@type\":\"WebSite\",\"@id\":\"https:\\\/\\\/smirna.cl\\\/wordpress\\\/#website\",\"url\":\"https:\\\/\\\/smirna.cl\\\/wordpress\\\/\",\"name\":\"Iglesia Smirna\",\"description\":\"Iglesia Smirna\",\"publisher\":{\"@id\":\"https:\\\/\\\/smirna.cl\\\/wordpress\\\/#organization\"},\"potentialAction\":[{\"@type\":\"SearchAction\",\"target\":{\"@type\":\"EntryPoint\",\"urlTemplate\":\"https:\\\/\\\/smirna.cl\\\/wordpress\\\/?s={search_term_string}\"},\"query-input\":{\"@type\":\"PropertyValueSpecification\",\"valueRequired\":true,\"valueName\":\"search_term_string\"}}],\"inLanguage\":\"es\"},{\"@type\":\"Organization\",\"@id\":\"https:\\\/\\\/smirna.cl\\\/wordpress\\\/#organization\",\"name\":\"Iglesia Smirna\",\"url\":\"https:\\\/\\\/smirna.cl\\\/wordpress\\\/\",\"logo\":{\"@type\":\"ImageObject\",\"inLanguage\":\"es\",\"@id\":\"https:\\\/\\\/smirna.cl\\\/wordpress\\\/#\\\/schema\\\/logo\\\/image\\\/\",\"url\":\"http:\\\/\\\/smirna.cl\\\/wordpress\\\/wp-content\\\/uploads\\\/2017\\\/11\\\/logo-1.jpg\",\"contentUrl\":\"http:\\\/\\\/smirna.cl\\\/wordpress\\\/wp-content\\\/uploads\\\/2017\\\/11\\\/logo-1.jpg\",\"width\":65,\"height\":72,\"caption\":\"Iglesia Smirna\"},\"image\":{\"@id\":\"https:\\\/\\\/smirna.cl\\\/wordpress\\\/#\\\/schema\\\/logo\\\/image\\\/\"},\"sameAs\":[\"http:\\\/\\\/www.facebook.com\\\/iglesiasmirna\\\/\",\"https:\\\/\\\/www.youtube.com\\\/channel\\\/UCNLg72edfDxAGpMGOHgxXMA\"]}]}<\/script>\n<!-- \/ Yoast SEO plugin. -->","yoast_head_json":{"title":"Bienvenida - Iglesia Smirna","description":"La Iglesia Presbiteriana Fundamentalista B\u00edblica Smirna le da la bienvenida. Nuestro prop\u00f3sito es evangelizar, edificar a los creyentes y defender la fe.","robots":{"index":"index","follow":"follow","max-snippet":"max-snippet:-1","max-image-preview":"max-image-preview:large","max-video-preview":"max-video-preview:-1"},"canonical":"https:\/\/smirna.cl\/wordpress\/","og_locale":"es_ES","og_type":"article","og_title":"Bienvenida - Iglesia Smirna","og_description":"La Iglesia Presbiteriana Fundamentalista B\u00edblica Smirna le da la bienvenida. Nuestro prop\u00f3sito es evangelizar, edificar a los creyentes y defender la fe.","og_url":"https:\/\/smirna.cl\/wordpress\/","og_site_name":"Iglesia Smirna","article_publisher":"http:\/\/www.facebook.com\/iglesiasmirna\/","article_modified_time":"2026-04-18T18:12:54+00:00","og_image":[{"width":1106,"height":1600,"url":"https:\/\/smirna.cl\/wordpress\/wp-content\/uploads\/2026\/04\/FB_IMG_1775691382302.jpg","type":"image\/jpeg"}],"twitter_misc":{"Tiempo de lectura":"2 minutos"},"schema":{"@context":"https:\/\/schema.org","@graph":[{"@type":"WebPage","@id":"https:\/\/smirna.cl\/wordpress\/","url":"https:\/\/smirna.cl\/wordpress\/","name":"Bienvenida - Iglesia Smirna","isPartOf":{"@id":"https:\/\/smirna.cl\/wordpress\/#website"},"primaryImageOfPage":{"@id":"https:\/\/smirna.cl\/wordpress\/#primaryimage"},"image":{"@id":"https:\/\/smirna.cl\/wordpress\/#primaryimage"},"thumbnailUrl":"http:\/\/smirna.cl\/wordpress\/wp-content\/uploads\/2026\/04\/FB_IMG_1775691382302-207x300.jpg","datePublished":"2017-10-18T02:12:54+00:00","dateModified":"2026-04-18T18:12:54+00:00","description":"La Iglesia Presbiteriana Fundamentalista B\u00edblica Smirna le da la bienvenida. Nuestro prop\u00f3sito es evangelizar, edificar a los creyentes y defender la fe.","breadcrumb":{"@id":"https:\/\/smirna.cl\/wordpress\/#breadcrumb"},"inLanguage":"es","potentialAction":[{"@type":"ReadAction","target":["https:\/\/smirna.cl\/wordpress\/"]}]},{"@type":"ImageObject","inLanguage":"es","@id":"https:\/\/smirna.cl\/wordpress\/#primaryimage","url":"https:\/\/smirna.cl\/wordpress\/wp-content\/uploads\/2026\/04\/FB_IMG_1775691382302.jpg","contentUrl":"https:\/\/smirna.cl\/wordpress\/wp-content\/uploads\/2026\/04\/FB_IMG_1775691382302.jpg","width":1106,"height":1600},{"@type":"BreadcrumbList","@id":"https:\/\/smirna.cl\/wordpress\/#breadcrumb","itemListElement":[{"@type":"ListItem","position":1,"name":"Home","item":"https:\/\/smirna.cl\/wordpress\/"},{"@type":"ListItem","position":2,"name":"Bienvenida"}]},{"@type":"WebSite","@id":"https:\/\/smirna.cl\/wordpress\/#website","url":"https:\/\/smirna.cl\/wordpress\/","name":"Iglesia Smirna","description":"Iglesia Smirna","publisher":{"@id":"https:\/\/smirna.cl\/wordpress\/#organization"},"potentialAction":[{"@type":"SearchAction","target":{"@type":"EntryPoint","urlTemplate":"https:\/\/smirna.cl\/wordpress\/?s={search_term_string}"},"query-input":{"@type":"PropertyValueSpecification","valueRequired":true,"valueName":"search_term_string"}}],"inLanguage":"es"},{"@type":"Organization","@id":"https:\/\/smirna.cl\/wordpress\/#organization","name":"Iglesia Smirna","url":"https:\/\/smirna.cl\/wordpress\/","logo":{"@type":"ImageObject","inLanguage":"es","@id":"https:\/\/smirna.cl\/wordpress\/#\/schema\/logo\/image\/","url":"http:\/\/smirna.cl\/wordpress\/wp-content\/uploads\/2017\/11\/logo-1.jpg","contentUrl":"http:\/\/smirna.cl\/wordpress\/wp-content\/uploads\/2017\/11\/logo-1.jpg","width":65,"height":72,"caption":"Iglesia Smirna"},"image":{"@id":"https:\/\/smirna.cl\/wordpress\/#\/schema\/logo\/image\/"},"sameAs":["http:\/\/www.facebook.com\/iglesiasmirna\/","https:\/\/www.youtube.com\/channel\/UCNLg72edfDxAGpMGOHgxXMA"]}]}},"_links":{"self":[{"href":"https:\/\/smirna.cl\/wordpress\/wp-json\/wp\/v2\/pages\/49","targetHints":{"allow":["GET"]}}],"collection":[{"href":"https:\/\/smirna.cl\/wordpress\/wp-json\/wp\/v2\/pages"}],"about":[{"href":"https:\/\/smirna.cl\/wordpress\/wp-json\/wp\/v2\/types\/page"}],"author":[{"embeddable":true,"href":"https:\/\/smirna.cl\/wordpress\/wp-json\/wp\/v2\/users\/1"}],"replies":[{"embeddable":true,"href":"https:\/\/smirna.cl\/wordpress\/wp-json\/wp\/v2\/comments?post=49"}],"version-history":[{"count":279,"href":"https:\/\/smirna.cl\/wordpress\/wp-json\/wp\/v2\/pages\/49\/revisions"}],"predecessor-version":[{"id":3579,"href":"https:\/\/smirna.cl\/wordpress\/wp-json\/wp\/v2\/pages\/49\/revisions\/3579"}],"wp:attachment":[{"href":"https:\/\/smirna.cl\/wordpress\/wp-json\/wp\/v2\/media?parent=49"}],"curies":[{"name":"wp","href":"https:\/\/api.w.org\/{rel}","templated":true}]}}