{"id":48,"date":"2017-10-18T02:12:54","date_gmt":"2017-10-18T02:12:54","guid":{"rendered":"http:\/\/smirna.cl\/wordpress\/?page_id=48"},"modified":"2025-04-09T13:58:19","modified_gmt":"2025-04-09T17:58:19","slug":"documentacion","status":"publish","type":"page","link":"https:\/\/smirna.cl\/wordpress\/documentacion\/","title":{"rendered":"Documentos"},"content":{"rendered":"<p><img loading=\"lazy\" decoding=\"async\" class=\"alignnone size-full wp-image-300\" src=\"http:\/\/smirna.cl\/wordpress\/wp-content\/uploads\/2017\/11\/boletines.jpg\" alt=\"\" width=\"250\" height=\"292\" \/><\/p>\n<p>Aqu\u00ed estaremos compartiendo documentos de inter\u00e9s:<\/p>\n<ul>\n<li><a href=\"http:\/\/smirna.cl\/wordpress\/el-catecismo-menor-de-la-asamblea-de-westminster\/\">Catecismo menor de la Asamblea de Westminster<\/a> (1647)<\/li>\n<li><a href=\"http:\/\/smirna.cl\/wordpress\/el-credo-de-los-apostoles\/\">Credo de los Ap\u00f3stoles<\/a><\/li>\n<li><a href=\"http:\/\/smirna.cl\/wordpress\/declaracion-de-fe-concilio-internacional-de-iglesias-cristianas\/\">Declaraci\u00f3n de fe del Concilio Internacional de Iglesias Cristianas<\/a><\/li>\n<li><a href=\"http:\/\/smirna.cl\/wordpress\/un-estudio-sobre-efesios\/\">Un estudio sobre Efesios<\/a> (P. Nadir Carre\u00f1o)<\/li>\n<li><a href=\"http:\/\/smirna.cl\/wordpress\/el-anciano-gobernante\/\">El anciano gobernante<\/a> (P. Olivero Maufr\u00e1s, 1927)<\/li>\n<li><a href=\"http:\/\/smirna.cl\/wordpress\/biblias-adulteradas-o-falsificadas\/\">Biblias adulteradas o falsificadas<\/a><\/li>\n<li><a href=\"http:\/\/smirna.cl\/wordpress\/1841-2\/\">C\u00f3mo educar a los hijos para Dios<\/a> (Edward Payson, 1783 \u2013 1827)<\/li>\n<li><a href=\"http:\/\/smirna.cl\/wordpress\/doce-anos-de-victoria-en-america-latina-1949-1961\/\">Doce a\u00f1os de victoria en Am\u00e9rica Latina: 1949 &#8211; 1961<\/a> (Dr. Earl White)<\/li>\n<li><a href=\"http:\/\/smirna.cl\/wordpress\/el-credo-de-los-apostoles-los-12-articulos-de-la-fe\/\">El credo de los ap\u00f3stoles &#8211; Los 12 art\u00edculos de la fe<\/a> (Alvar Carre\u00f1o)<\/li>\n<li><a href=\"http:\/\/smirna.cl\/wordpress\/2066-2\/\">Apostolado Moderno y G12<\/a> (P. Victor Pino, 2007)<\/li>\n<li><a href=\"http:\/\/smirna.cl\/wordpress\/la-reforma-del-siglo-xvi\/\">La reforma del siglo XVI<\/a> (P. Nadir Carre\u00f1o)<\/li>\n<li><a href=\"http:\/\/smirna.cl\/wordpress\/probad-los-espiritus-si-son-de-dios\/\">Probad los esp\u00edritus si son de Dios<\/a><\/li>\n<li><a href=\"http:\/\/smirna.cl\/wordpress\/los-cinco-puntos-del-calvinismo\/\">Los cinco puntos del Calvinismo (<\/a>P. Nadir Carre\u00f1o)<\/li>\n<li><a href=\"http:\/\/smirna.cl\/wordpress\/biografia-del-pastor-olivero-maufras\/\">Biograf\u00eda del pastor Olivero Maufr\u00e1s<\/a> (Alvar Carre\u00f1o)<\/li>\n<li><a href=\"http:\/\/smirna.cl\/wordpress\/de-los-pirineos-a-los-andes\/\">De los Pirineos a Los Andes<\/a> (Profesor Juan Garrido U.)<\/li>\n<li><a href=\"http:\/\/smirna.cl\/wordpress\/documental-la-reforma-protestante-y-la-musica\/\">Documental: La Reforma Protestante y la M\u00fasica\u00a0<\/a><\/li>\n<li><a href=\"https:\/\/smirna.cl\/wordpress\/guia-para-la-lectura-de-la-biblia-un-capitulo-por-dia\/\">Gu\u00eda para la lectura de la Biblia, un cap\u00edtulo por d\u00eda<\/a><\/li>\n<\/ul>\n<p>&nbsp;<\/p>\n<p>Tambi\u00e9n puede revisar la secci\u00f3n \u00ab<a href=\"http:\/\/smirna.cl\/wordpress\/mensajes-en-texto\/\">Mensajes en texto<\/a>\u00bb<\/p>\n<p>Si desea saber <strong>\u00bfC\u00f3mo puedo ser salvo?<\/strong>, aqu\u00ed compartimos con usted <a href=\"http:\/\/smirna.cl\/wordpress\/el-plan-de-salvacion\/\">El plan de salvaci\u00f3n<\/a><\/p>\n","protected":false},"excerpt":{"rendered":"<p>Aqu\u00ed estaremos compartiendo documentos de inter\u00e9s: Catecismo menor de la Asamblea de Westminster (1647) Credo de los Ap\u00f3stoles Declaraci\u00f3n de fe del Concilio Internacional de Iglesias Cristianas Un estudio sobre Efesios (P. Nadir Carre\u00f1o) El anciano gobernante (P. Olivero Maufr\u00e1s, 1927) Biblias adulteradas o falsificadas C\u00f3mo educar a los hijos para Dios (Edward Payson, 1783 [&hellip;]<\/p>\n","protected":false},"author":1,"featured_media":0,"parent":0,"menu_order":0,"comment_status":"closed","ping_status":"closed","template":"","meta":{"_monsterinsights_skip_tracking":false,"_monsterinsights_sitenote_active":false,"_monsterinsights_sitenote_note":"","_monsterinsights_sitenote_category":0,"__cvm_playback_settings":[],"__cvm_video_id":"","footnotes":""},"class_list":["post-48","page","type-page","status-publish","hentry"],"yoast_head":"<!-- This site is optimized with the Yoast SEO plugin v27.5 - https:\/\/yoast.com\/product\/yoast-seo-wordpress\/ -->\n<title>Documentos - Iglesia Smirna<\/title>\n<meta name=\"description\" content=\"En esta p\u00e1gina compartimos diversos documentos de inter\u00e9s general respecto a nuestra iglesia, sus or\u00edgenes y nuestros puntos de vista\" \/>\n<meta name=\"robots\" content=\"index, follow, max-snippet:-1, max-image-preview:large, max-video-preview:-1\" \/>\n<link rel=\"canonical\" href=\"https:\/\/smirna.cl\/wordpress\/documentacion\/\" \/>\n<meta property=\"og:locale\" content=\"es_ES\" \/>\n<meta property=\"og:type\" content=\"article\" \/>\n<meta property=\"og:title\" content=\"Documentos - Iglesia Smirna\" \/>\n<meta property=\"og:description\" content=\"En esta p\u00e1gina compartimos diversos documentos de inter\u00e9s general respecto a nuestra iglesia, sus or\u00edgenes y nuestros puntos de vista\" \/>\n<meta property=\"og:url\" content=\"https:\/\/smirna.cl\/wordpress\/documentacion\/\" \/>\n<meta property=\"og:site_name\" content=\"Iglesia Smirna\" \/>\n<meta property=\"article:publisher\" content=\"http:\/\/www.facebook.com\/iglesiasmirna\/\" \/>\n<meta property=\"article:modified_time\" content=\"2025-04-09T17:58:19+00:00\" \/>\n<meta property=\"og:image\" content=\"https:\/\/smirna.cl\/wordpress\/wp-content\/uploads\/2017\/11\/boletines.jpg\" \/>\n\t<meta property=\"og:image:width\" content=\"250\" \/>\n\t<meta property=\"og:image:height\" content=\"292\" \/>\n\t<meta property=\"og:image:type\" content=\"image\/jpeg\" \/>\n<meta name=\"twitter:label1\" content=\"Tiempo de lectura\" \/>\n\t<meta name=\"twitter:data1\" content=\"1 minuto\" \/>\n<script type=\"application\/ld+json\" class=\"yoast-schema-graph\">{\"@context\":\"https:\\\/\\\/schema.org\",\"@graph\":[{\"@type\":\"WebPage\",\"@id\":\"https:\\\/\\\/smirna.cl\\\/wordpress\\\/documentacion\\\/\",\"url\":\"https:\\\/\\\/smirna.cl\\\/wordpress\\\/documentacion\\\/\",\"name\":\"Documentos - Iglesia Smirna\",\"isPartOf\":{\"@id\":\"https:\\\/\\\/smirna.cl\\\/wordpress\\\/#website\"},\"primaryImageOfPage\":{\"@id\":\"https:\\\/\\\/smirna.cl\\\/wordpress\\\/documentacion\\\/#primaryimage\"},\"image\":{\"@id\":\"https:\\\/\\\/smirna.cl\\\/wordpress\\\/documentacion\\\/#primaryimage\"},\"thumbnailUrl\":\"http:\\\/\\\/smirna.cl\\\/wordpress\\\/wp-content\\\/uploads\\\/2017\\\/11\\\/boletines.jpg\",\"datePublished\":\"2017-10-18T02:12:54+00:00\",\"dateModified\":\"2025-04-09T17:58:19+00:00\",\"description\":\"En esta p\u00e1gina compartimos diversos documentos de inter\u00e9s general respecto a nuestra iglesia, sus or\u00edgenes y nuestros puntos de vista\",\"breadcrumb\":{\"@id\":\"https:\\\/\\\/smirna.cl\\\/wordpress\\\/documentacion\\\/#breadcrumb\"},\"inLanguage\":\"es\",\"potentialAction\":[{\"@type\":\"ReadAction\",\"target\":[\"https:\\\/\\\/smirna.cl\\\/wordpress\\\/documentacion\\\/\"]}]},{\"@type\":\"ImageObject\",\"inLanguage\":\"es\",\"@id\":\"https:\\\/\\\/smirna.cl\\\/wordpress\\\/documentacion\\\/#primaryimage\",\"url\":\"https:\\\/\\\/smirna.cl\\\/wordpress\\\/wp-content\\\/uploads\\\/2017\\\/11\\\/boletines.jpg\",\"contentUrl\":\"https:\\\/\\\/smirna.cl\\\/wordpress\\\/wp-content\\\/uploads\\\/2017\\\/11\\\/boletines.jpg\",\"width\":250,\"height\":292},{\"@type\":\"BreadcrumbList\",\"@id\":\"https:\\\/\\\/smirna.cl\\\/wordpress\\\/documentacion\\\/#breadcrumb\",\"itemListElement\":[{\"@type\":\"ListItem\",\"position\":1,\"name\":\"Home\",\"item\":\"https:\\\/\\\/smirna.cl\\\/wordpress\\\/\"},{\"@type\":\"ListItem\",\"position\":2,\"name\":\"Documentos\"}]},{\"@type\":\"WebSite\",\"@id\":\"https:\\\/\\\/smirna.cl\\\/wordpress\\\/#website\",\"url\":\"https:\\\/\\\/smirna.cl\\\/wordpress\\\/\",\"name\":\"Iglesia Smirna\",\"description\":\"Iglesia Smirna\",\"publisher\":{\"@id\":\"https:\\\/\\\/smirna.cl\\\/wordpress\\\/#organization\"},\"potentialAction\":[{\"@type\":\"SearchAction\",\"target\":{\"@type\":\"EntryPoint\",\"urlTemplate\":\"https:\\\/\\\/smirna.cl\\\/wordpress\\\/?s={search_term_string}\"},\"query-input\":{\"@type\":\"PropertyValueSpecification\",\"valueRequired\":true,\"valueName\":\"search_term_string\"}}],\"inLanguage\":\"es\"},{\"@type\":\"Organization\",\"@id\":\"https:\\\/\\\/smirna.cl\\\/wordpress\\\/#organization\",\"name\":\"Iglesia Smirna\",\"url\":\"https:\\\/\\\/smirna.cl\\\/wordpress\\\/\",\"logo\":{\"@type\":\"ImageObject\",\"inLanguage\":\"es\",\"@id\":\"https:\\\/\\\/smirna.cl\\\/wordpress\\\/#\\\/schema\\\/logo\\\/image\\\/\",\"url\":\"http:\\\/\\\/smirna.cl\\\/wordpress\\\/wp-content\\\/uploads\\\/2017\\\/11\\\/logo-1.jpg\",\"contentUrl\":\"http:\\\/\\\/smirna.cl\\\/wordpress\\\/wp-content\\\/uploads\\\/2017\\\/11\\\/logo-1.jpg\",\"width\":65,\"height\":72,\"caption\":\"Iglesia Smirna\"},\"image\":{\"@id\":\"https:\\\/\\\/smirna.cl\\\/wordpress\\\/#\\\/schema\\\/logo\\\/image\\\/\"},\"sameAs\":[\"http:\\\/\\\/www.facebook.com\\\/iglesiasmirna\\\/\",\"https:\\\/\\\/www.youtube.com\\\/channel\\\/UCNLg72edfDxAGpMGOHgxXMA\"]}]}<\/script>\n<!-- \/ Yoast SEO plugin. -->","yoast_head_json":{"title":"Documentos - Iglesia Smirna","description":"En esta p\u00e1gina compartimos diversos documentos de inter\u00e9s general respecto a nuestra iglesia, sus or\u00edgenes y nuestros puntos de vista","robots":{"index":"index","follow":"follow","max-snippet":"max-snippet:-1","max-image-preview":"max-image-preview:large","max-video-preview":"max-video-preview:-1"},"canonical":"https:\/\/smirna.cl\/wordpress\/documentacion\/","og_locale":"es_ES","og_type":"article","og_title":"Documentos - Iglesia Smirna","og_description":"En esta p\u00e1gina compartimos diversos documentos de inter\u00e9s general respecto a nuestra iglesia, sus or\u00edgenes y nuestros puntos de vista","og_url":"https:\/\/smirna.cl\/wordpress\/documentacion\/","og_site_name":"Iglesia Smirna","article_publisher":"http:\/\/www.facebook.com\/iglesiasmirna\/","article_modified_time":"2025-04-09T17:58:19+00:00","og_image":[{"width":250,"height":292,"url":"https:\/\/smirna.cl\/wordpress\/wp-content\/uploads\/2017\/11\/boletines.jpg","type":"image\/jpeg"}],"twitter_misc":{"Tiempo de lectura":"1 minuto"},"schema":{"@context":"https:\/\/schema.org","@graph":[{"@type":"WebPage","@id":"https:\/\/smirna.cl\/wordpress\/documentacion\/","url":"https:\/\/smirna.cl\/wordpress\/documentacion\/","name":"Documentos - Iglesia Smirna","isPartOf":{"@id":"https:\/\/smirna.cl\/wordpress\/#website"},"primaryImageOfPage":{"@id":"https:\/\/smirna.cl\/wordpress\/documentacion\/#primaryimage"},"image":{"@id":"https:\/\/smirna.cl\/wordpress\/documentacion\/#primaryimage"},"thumbnailUrl":"http:\/\/smirna.cl\/wordpress\/wp-content\/uploads\/2017\/11\/boletines.jpg","datePublished":"2017-10-18T02:12:54+00:00","dateModified":"2025-04-09T17:58:19+00:00","description":"En esta p\u00e1gina compartimos diversos documentos de inter\u00e9s general respecto a nuestra iglesia, sus or\u00edgenes y nuestros puntos de vista","breadcrumb":{"@id":"https:\/\/smirna.cl\/wordpress\/documentacion\/#breadcrumb"},"inLanguage":"es","potentialAction":[{"@type":"ReadAction","target":["https:\/\/smirna.cl\/wordpress\/documentacion\/"]}]},{"@type":"ImageObject","inLanguage":"es","@id":"https:\/\/smirna.cl\/wordpress\/documentacion\/#primaryimage","url":"https:\/\/smirna.cl\/wordpress\/wp-content\/uploads\/2017\/11\/boletines.jpg","contentUrl":"https:\/\/smirna.cl\/wordpress\/wp-content\/uploads\/2017\/11\/boletines.jpg","width":250,"height":292},{"@type":"BreadcrumbList","@id":"https:\/\/smirna.cl\/wordpress\/documentacion\/#breadcrumb","itemListElement":[{"@type":"ListItem","position":1,"name":"Home","item":"https:\/\/smirna.cl\/wordpress\/"},{"@type":"ListItem","position":2,"name":"Documentos"}]},{"@type":"WebSite","@id":"https:\/\/smirna.cl\/wordpress\/#website","url":"https:\/\/smirna.cl\/wordpress\/","name":"Iglesia Smirna","description":"Iglesia Smirna","publisher":{"@id":"https:\/\/smirna.cl\/wordpress\/#organization"},"potentialAction":[{"@type":"SearchAction","target":{"@type":"EntryPoint","urlTemplate":"https:\/\/smirna.cl\/wordpress\/?s={search_term_string}"},"query-input":{"@type":"PropertyValueSpecification","valueRequired":true,"valueName":"search_term_string"}}],"inLanguage":"es"},{"@type":"Organization","@id":"https:\/\/smirna.cl\/wordpress\/#organization","name":"Iglesia Smirna","url":"https:\/\/smirna.cl\/wordpress\/","logo":{"@type":"ImageObject","inLanguage":"es","@id":"https:\/\/smirna.cl\/wordpress\/#\/schema\/logo\/image\/","url":"http:\/\/smirna.cl\/wordpress\/wp-content\/uploads\/2017\/11\/logo-1.jpg","contentUrl":"http:\/\/smirna.cl\/wordpress\/wp-content\/uploads\/2017\/11\/logo-1.jpg","width":65,"height":72,"caption":"Iglesia Smirna"},"image":{"@id":"https:\/\/smirna.cl\/wordpress\/#\/schema\/logo\/image\/"},"sameAs":["http:\/\/www.facebook.com\/iglesiasmirna\/","https:\/\/www.youtube.com\/channel\/UCNLg72edfDxAGpMGOHgxXMA"]}]}},"_links":{"self":[{"href":"https:\/\/smirna.cl\/wordpress\/wp-json\/wp\/v2\/pages\/48","targetHints":{"allow":["GET"]}}],"collection":[{"href":"https:\/\/smirna.cl\/wordpress\/wp-json\/wp\/v2\/pages"}],"about":[{"href":"https:\/\/smirna.cl\/wordpress\/wp-json\/wp\/v2\/types\/page"}],"author":[{"embeddable":true,"href":"https:\/\/smirna.cl\/wordpress\/wp-json\/wp\/v2\/users\/1"}],"replies":[{"embeddable":true,"href":"https:\/\/smirna.cl\/wordpress\/wp-json\/wp\/v2\/comments?post=48"}],"version-history":[{"count":25,"href":"https:\/\/smirna.cl\/wordpress\/wp-json\/wp\/v2\/pages\/48\/revisions"}],"predecessor-version":[{"id":3402,"href":"https:\/\/smirna.cl\/wordpress\/wp-json\/wp\/v2\/pages\/48\/revisions\/3402"}],"wp:attachment":[{"href":"https:\/\/smirna.cl\/wordpress\/wp-json\/wp\/v2\/media?parent=48"}],"curies":[{"name":"wp","href":"https:\/\/api.w.org\/{rel}","templated":true}]}}