{"id":3527,"date":"2026-04-08T09:43:52","date_gmt":"2026-04-08T13:43:52","guid":{"rendered":"https:\/\/smirna.cl\/wordpress\/?page_id=3527"},"modified":"2026-04-08T19:48:22","modified_gmt":"2026-04-08T23:48:22","slug":"despedida-pastor-nadir-carreno","status":"publish","type":"page","link":"https:\/\/smirna.cl\/wordpress\/despedida-pastor-nadir-carreno\/","title":{"rendered":"Despedida Pastor Nadir Carre\u00f1o"},"content":{"rendered":"<p><img loading=\"lazy\" decoding=\"async\" class=\"alignnone size-medium wp-image-3528 alignleft\" src=\"http:\/\/smirna.cl\/wordpress\/wp-content\/uploads\/2026\/04\/WhatsApp-Image-2026-04-08-at-7.17.00-AM-213x300.jpeg\" alt=\"\" width=\"213\" height=\"300\" srcset=\"https:\/\/smirna.cl\/wordpress\/wp-content\/uploads\/2026\/04\/WhatsApp-Image-2026-04-08-at-7.17.00-AM-213x300.jpeg 213w, https:\/\/smirna.cl\/wordpress\/wp-content\/uploads\/2026\/04\/WhatsApp-Image-2026-04-08-at-7.17.00-AM-545x768.jpeg 545w, https:\/\/smirna.cl\/wordpress\/wp-content\/uploads\/2026\/04\/WhatsApp-Image-2026-04-08-at-7.17.00-AM-768x1083.jpeg 768w, https:\/\/smirna.cl\/wordpress\/wp-content\/uploads\/2026\/04\/WhatsApp-Image-2026-04-08-at-7.17.00-AM-1090x1536.jpeg 1090w, https:\/\/smirna.cl\/wordpress\/wp-content\/uploads\/2026\/04\/WhatsApp-Image-2026-04-08-at-7.17.00-AM.jpeg 1135w\" sizes=\"auto, (max-width: 213px) 100vw, 213px\" \/><img loading=\"lazy\" decoding=\"async\" class=\"alignnone size-medium wp-image-3533\" src=\"http:\/\/smirna.cl\/wordpress\/wp-content\/uploads\/2026\/04\/FB_IMG_1775691382302-207x300.jpg\" alt=\"\" width=\"207\" height=\"300\" srcset=\"https:\/\/smirna.cl\/wordpress\/wp-content\/uploads\/2026\/04\/FB_IMG_1775691382302-207x300.jpg 207w, https:\/\/smirna.cl\/wordpress\/wp-content\/uploads\/2026\/04\/FB_IMG_1775691382302-531x768.jpg 531w, https:\/\/smirna.cl\/wordpress\/wp-content\/uploads\/2026\/04\/FB_IMG_1775691382302-768x1111.jpg 768w, https:\/\/smirna.cl\/wordpress\/wp-content\/uploads\/2026\/04\/FB_IMG_1775691382302-1062x1536.jpg 1062w, https:\/\/smirna.cl\/wordpress\/wp-content\/uploads\/2026\/04\/FB_IMG_1775691382302.jpg 1106w\" sizes=\"auto, (max-width: 207px) 100vw, 207px\" \/><\/p>\n<p>&nbsp;<\/p>\n<p>Amados hermanos en el Se\u00f1or.<\/p>\n<p>Siendo las 4:18 hr. del 08.04.2026, nuestro pastor Nadir Carre\u00f1o ha acabado su carrera y entrado a la gloria celestial.<br \/>\nSus hijos, nietos y bisnietos damos gracias al Se\u00f1or por el padre y abuelo que nos dio.<br \/>\nSu ejemplo de vida y entrega a la causa del evangelio marc\u00f3 nuestras vidas as\u00ed como la de muchos.<br \/>\nFueron casi 94 a\u00f1os de vida que se confunden con el tiempo de servicio al Se\u00f1or.<br \/>\nSu partida ha sido en completa paz.<br \/>\nAgradecemos las oraciones del pueblo evang\u00e9lico que lo sostuvieron no s\u00f3lo en este \u00faltimo tramo de su vida sino que siempre.<br \/>\nSu ejemplo de servicio al Se\u00f1or debe proyectarse en el tiempo en la congregaci\u00f3n que pastore\u00f3 desde 1971.<br \/>\nLo llevaremos al templo de Smirna donde esperamos tener un culto solemne hoy a las 19:00 hr.<br \/>\nSus hijos, nietos y bisnietos.<\/p>\n<p>Informaci\u00f3n de los servicios:<br \/>\nCulto mi\u00e9rcoles 08.04.26 a las 19.00 hr.<br \/>\nCulto jueves 09.04.26 a las 19.00 hr.<br \/>\nSepultaci\u00f3n en Cementerio Camino a Cana\u00e1n: Viernes a las 12:00 hr.<\/p>\n","protected":false},"excerpt":{"rendered":"<p>&nbsp; Amados hermanos en el Se\u00f1or. Siendo las 4:18 hr. del 08.04.2026, nuestro pastor Nadir Carre\u00f1o ha acabado su carrera y entrado a la gloria celestial. Sus hijos, nietos y bisnietos damos gracias al Se\u00f1or por el padre y abuelo que nos dio. Su ejemplo de vida y entrega a la causa del evangelio marc\u00f3 [&hellip;]<\/p>\n","protected":false},"author":1,"featured_media":0,"parent":0,"menu_order":0,"comment_status":"closed","ping_status":"closed","template":"","meta":{"_monsterinsights_skip_tracking":false,"_monsterinsights_sitenote_active":false,"_monsterinsights_sitenote_note":"","_monsterinsights_sitenote_category":0,"__cvm_playback_settings":[],"__cvm_video_id":"","footnotes":""},"class_list":["post-3527","page","type-page","status-publish","hentry"],"yoast_head":"<!-- This site is optimized with the Yoast SEO plugin v27.4 - https:\/\/yoast.com\/product\/yoast-seo-wordpress\/ -->\n<title>Despedida Pastor Nadir Carre\u00f1o - Iglesia Smirna<\/title>\n<meta name=\"robots\" content=\"index, follow, max-snippet:-1, max-image-preview:large, max-video-preview:-1\" \/>\n<link rel=\"canonical\" href=\"https:\/\/smirna.cl\/wordpress\/despedida-pastor-nadir-carreno\/\" \/>\n<meta property=\"og:locale\" content=\"es_ES\" \/>\n<meta property=\"og:type\" content=\"article\" \/>\n<meta property=\"og:title\" content=\"Despedida Pastor Nadir Carre\u00f1o - Iglesia Smirna\" \/>\n<meta property=\"og:description\" content=\"&nbsp; Amados hermanos en el Se\u00f1or. Siendo las 4:18 hr. del 08.04.2026, nuestro pastor Nadir Carre\u00f1o ha acabado su carrera y entrado a la gloria celestial. Sus hijos, nietos y bisnietos damos gracias al Se\u00f1or por el padre y abuelo que nos dio. Su ejemplo de vida y entrega a la causa del evangelio marc\u00f3 [&hellip;]\" \/>\n<meta property=\"og:url\" content=\"https:\/\/smirna.cl\/wordpress\/despedida-pastor-nadir-carreno\/\" \/>\n<meta property=\"og:site_name\" content=\"Iglesia Smirna\" \/>\n<meta property=\"article:publisher\" content=\"http:\/\/www.facebook.com\/iglesiasmirna\/\" \/>\n<meta property=\"article:modified_time\" content=\"2026-04-08T23:48:22+00:00\" \/>\n<meta property=\"og:image\" content=\"https:\/\/smirna.cl\/wordpress\/wp-content\/uploads\/2026\/04\/WhatsApp-Image-2026-04-08-at-7.17.00-AM.jpeg\" \/>\n\t<meta property=\"og:image:width\" content=\"1135\" \/>\n\t<meta property=\"og:image:height\" content=\"1600\" \/>\n\t<meta property=\"og:image:type\" content=\"image\/jpeg\" \/>\n<meta name=\"twitter:label1\" content=\"Tiempo de lectura\" \/>\n\t<meta name=\"twitter:data1\" content=\"2 minutos\" \/>\n<script type=\"application\/ld+json\" class=\"yoast-schema-graph\">{\"@context\":\"https:\\\/\\\/schema.org\",\"@graph\":[{\"@type\":\"WebPage\",\"@id\":\"https:\\\/\\\/smirna.cl\\\/wordpress\\\/despedida-pastor-nadir-carreno\\\/\",\"url\":\"https:\\\/\\\/smirna.cl\\\/wordpress\\\/despedida-pastor-nadir-carreno\\\/\",\"name\":\"Despedida Pastor Nadir Carre\u00f1o - Iglesia Smirna\",\"isPartOf\":{\"@id\":\"https:\\\/\\\/smirna.cl\\\/wordpress\\\/#website\"},\"primaryImageOfPage\":{\"@id\":\"https:\\\/\\\/smirna.cl\\\/wordpress\\\/despedida-pastor-nadir-carreno\\\/#primaryimage\"},\"image\":{\"@id\":\"https:\\\/\\\/smirna.cl\\\/wordpress\\\/despedida-pastor-nadir-carreno\\\/#primaryimage\"},\"thumbnailUrl\":\"http:\\\/\\\/smirna.cl\\\/wordpress\\\/wp-content\\\/uploads\\\/2026\\\/04\\\/WhatsApp-Image-2026-04-08-at-7.17.00-AM-213x300.jpeg\",\"datePublished\":\"2026-04-08T13:43:52+00:00\",\"dateModified\":\"2026-04-08T23:48:22+00:00\",\"breadcrumb\":{\"@id\":\"https:\\\/\\\/smirna.cl\\\/wordpress\\\/despedida-pastor-nadir-carreno\\\/#breadcrumb\"},\"inLanguage\":\"es\",\"potentialAction\":[{\"@type\":\"ReadAction\",\"target\":[\"https:\\\/\\\/smirna.cl\\\/wordpress\\\/despedida-pastor-nadir-carreno\\\/\"]}]},{\"@type\":\"ImageObject\",\"inLanguage\":\"es\",\"@id\":\"https:\\\/\\\/smirna.cl\\\/wordpress\\\/despedida-pastor-nadir-carreno\\\/#primaryimage\",\"url\":\"https:\\\/\\\/smirna.cl\\\/wordpress\\\/wp-content\\\/uploads\\\/2026\\\/04\\\/WhatsApp-Image-2026-04-08-at-7.17.00-AM.jpeg\",\"contentUrl\":\"https:\\\/\\\/smirna.cl\\\/wordpress\\\/wp-content\\\/uploads\\\/2026\\\/04\\\/WhatsApp-Image-2026-04-08-at-7.17.00-AM.jpeg\",\"width\":1135,\"height\":1600},{\"@type\":\"BreadcrumbList\",\"@id\":\"https:\\\/\\\/smirna.cl\\\/wordpress\\\/despedida-pastor-nadir-carreno\\\/#breadcrumb\",\"itemListElement\":[{\"@type\":\"ListItem\",\"position\":1,\"name\":\"Home\",\"item\":\"https:\\\/\\\/smirna.cl\\\/wordpress\\\/\"},{\"@type\":\"ListItem\",\"position\":2,\"name\":\"Despedida Pastor Nadir Carre\u00f1o\"}]},{\"@type\":\"WebSite\",\"@id\":\"https:\\\/\\\/smirna.cl\\\/wordpress\\\/#website\",\"url\":\"https:\\\/\\\/smirna.cl\\\/wordpress\\\/\",\"name\":\"Iglesia Smirna\",\"description\":\"Iglesia Smirna\",\"publisher\":{\"@id\":\"https:\\\/\\\/smirna.cl\\\/wordpress\\\/#organization\"},\"potentialAction\":[{\"@type\":\"SearchAction\",\"target\":{\"@type\":\"EntryPoint\",\"urlTemplate\":\"https:\\\/\\\/smirna.cl\\\/wordpress\\\/?s={search_term_string}\"},\"query-input\":{\"@type\":\"PropertyValueSpecification\",\"valueRequired\":true,\"valueName\":\"search_term_string\"}}],\"inLanguage\":\"es\"},{\"@type\":\"Organization\",\"@id\":\"https:\\\/\\\/smirna.cl\\\/wordpress\\\/#organization\",\"name\":\"Iglesia Smirna\",\"url\":\"https:\\\/\\\/smirna.cl\\\/wordpress\\\/\",\"logo\":{\"@type\":\"ImageObject\",\"inLanguage\":\"es\",\"@id\":\"https:\\\/\\\/smirna.cl\\\/wordpress\\\/#\\\/schema\\\/logo\\\/image\\\/\",\"url\":\"http:\\\/\\\/smirna.cl\\\/wordpress\\\/wp-content\\\/uploads\\\/2017\\\/11\\\/logo-1.jpg\",\"contentUrl\":\"http:\\\/\\\/smirna.cl\\\/wordpress\\\/wp-content\\\/uploads\\\/2017\\\/11\\\/logo-1.jpg\",\"width\":65,\"height\":72,\"caption\":\"Iglesia Smirna\"},\"image\":{\"@id\":\"https:\\\/\\\/smirna.cl\\\/wordpress\\\/#\\\/schema\\\/logo\\\/image\\\/\"},\"sameAs\":[\"http:\\\/\\\/www.facebook.com\\\/iglesiasmirna\\\/\",\"https:\\\/\\\/www.youtube.com\\\/channel\\\/UCNLg72edfDxAGpMGOHgxXMA\"]}]}<\/script>\n<!-- \/ Yoast SEO plugin. -->","yoast_head_json":{"title":"Despedida Pastor Nadir Carre\u00f1o - Iglesia Smirna","robots":{"index":"index","follow":"follow","max-snippet":"max-snippet:-1","max-image-preview":"max-image-preview:large","max-video-preview":"max-video-preview:-1"},"canonical":"https:\/\/smirna.cl\/wordpress\/despedida-pastor-nadir-carreno\/","og_locale":"es_ES","og_type":"article","og_title":"Despedida Pastor Nadir Carre\u00f1o - Iglesia Smirna","og_description":"&nbsp; Amados hermanos en el Se\u00f1or. Siendo las 4:18 hr. del 08.04.2026, nuestro pastor Nadir Carre\u00f1o ha acabado su carrera y entrado a la gloria celestial. Sus hijos, nietos y bisnietos damos gracias al Se\u00f1or por el padre y abuelo que nos dio. Su ejemplo de vida y entrega a la causa del evangelio marc\u00f3 [&hellip;]","og_url":"https:\/\/smirna.cl\/wordpress\/despedida-pastor-nadir-carreno\/","og_site_name":"Iglesia Smirna","article_publisher":"http:\/\/www.facebook.com\/iglesiasmirna\/","article_modified_time":"2026-04-08T23:48:22+00:00","og_image":[{"width":1135,"height":1600,"url":"https:\/\/smirna.cl\/wordpress\/wp-content\/uploads\/2026\/04\/WhatsApp-Image-2026-04-08-at-7.17.00-AM.jpeg","type":"image\/jpeg"}],"twitter_misc":{"Tiempo de lectura":"2 minutos"},"schema":{"@context":"https:\/\/schema.org","@graph":[{"@type":"WebPage","@id":"https:\/\/smirna.cl\/wordpress\/despedida-pastor-nadir-carreno\/","url":"https:\/\/smirna.cl\/wordpress\/despedida-pastor-nadir-carreno\/","name":"Despedida Pastor Nadir Carre\u00f1o - Iglesia Smirna","isPartOf":{"@id":"https:\/\/smirna.cl\/wordpress\/#website"},"primaryImageOfPage":{"@id":"https:\/\/smirna.cl\/wordpress\/despedida-pastor-nadir-carreno\/#primaryimage"},"image":{"@id":"https:\/\/smirna.cl\/wordpress\/despedida-pastor-nadir-carreno\/#primaryimage"},"thumbnailUrl":"http:\/\/smirna.cl\/wordpress\/wp-content\/uploads\/2026\/04\/WhatsApp-Image-2026-04-08-at-7.17.00-AM-213x300.jpeg","datePublished":"2026-04-08T13:43:52+00:00","dateModified":"2026-04-08T23:48:22+00:00","breadcrumb":{"@id":"https:\/\/smirna.cl\/wordpress\/despedida-pastor-nadir-carreno\/#breadcrumb"},"inLanguage":"es","potentialAction":[{"@type":"ReadAction","target":["https:\/\/smirna.cl\/wordpress\/despedida-pastor-nadir-carreno\/"]}]},{"@type":"ImageObject","inLanguage":"es","@id":"https:\/\/smirna.cl\/wordpress\/despedida-pastor-nadir-carreno\/#primaryimage","url":"https:\/\/smirna.cl\/wordpress\/wp-content\/uploads\/2026\/04\/WhatsApp-Image-2026-04-08-at-7.17.00-AM.jpeg","contentUrl":"https:\/\/smirna.cl\/wordpress\/wp-content\/uploads\/2026\/04\/WhatsApp-Image-2026-04-08-at-7.17.00-AM.jpeg","width":1135,"height":1600},{"@type":"BreadcrumbList","@id":"https:\/\/smirna.cl\/wordpress\/despedida-pastor-nadir-carreno\/#breadcrumb","itemListElement":[{"@type":"ListItem","position":1,"name":"Home","item":"https:\/\/smirna.cl\/wordpress\/"},{"@type":"ListItem","position":2,"name":"Despedida Pastor Nadir Carre\u00f1o"}]},{"@type":"WebSite","@id":"https:\/\/smirna.cl\/wordpress\/#website","url":"https:\/\/smirna.cl\/wordpress\/","name":"Iglesia Smirna","description":"Iglesia Smirna","publisher":{"@id":"https:\/\/smirna.cl\/wordpress\/#organization"},"potentialAction":[{"@type":"SearchAction","target":{"@type":"EntryPoint","urlTemplate":"https:\/\/smirna.cl\/wordpress\/?s={search_term_string}"},"query-input":{"@type":"PropertyValueSpecification","valueRequired":true,"valueName":"search_term_string"}}],"inLanguage":"es"},{"@type":"Organization","@id":"https:\/\/smirna.cl\/wordpress\/#organization","name":"Iglesia Smirna","url":"https:\/\/smirna.cl\/wordpress\/","logo":{"@type":"ImageObject","inLanguage":"es","@id":"https:\/\/smirna.cl\/wordpress\/#\/schema\/logo\/image\/","url":"http:\/\/smirna.cl\/wordpress\/wp-content\/uploads\/2017\/11\/logo-1.jpg","contentUrl":"http:\/\/smirna.cl\/wordpress\/wp-content\/uploads\/2017\/11\/logo-1.jpg","width":65,"height":72,"caption":"Iglesia Smirna"},"image":{"@id":"https:\/\/smirna.cl\/wordpress\/#\/schema\/logo\/image\/"},"sameAs":["http:\/\/www.facebook.com\/iglesiasmirna\/","https:\/\/www.youtube.com\/channel\/UCNLg72edfDxAGpMGOHgxXMA"]}]}},"_links":{"self":[{"href":"https:\/\/smirna.cl\/wordpress\/wp-json\/wp\/v2\/pages\/3527","targetHints":{"allow":["GET"]}}],"collection":[{"href":"https:\/\/smirna.cl\/wordpress\/wp-json\/wp\/v2\/pages"}],"about":[{"href":"https:\/\/smirna.cl\/wordpress\/wp-json\/wp\/v2\/types\/page"}],"author":[{"embeddable":true,"href":"https:\/\/smirna.cl\/wordpress\/wp-json\/wp\/v2\/users\/1"}],"replies":[{"embeddable":true,"href":"https:\/\/smirna.cl\/wordpress\/wp-json\/wp\/v2\/comments?post=3527"}],"version-history":[{"count":3,"href":"https:\/\/smirna.cl\/wordpress\/wp-json\/wp\/v2\/pages\/3527\/revisions"}],"predecessor-version":[{"id":3534,"href":"https:\/\/smirna.cl\/wordpress\/wp-json\/wp\/v2\/pages\/3527\/revisions\/3534"}],"wp:attachment":[{"href":"https:\/\/smirna.cl\/wordpress\/wp-json\/wp\/v2\/media?parent=3527"}],"curies":[{"name":"wp","href":"https:\/\/api.w.org\/{rel}","templated":true}]}}