{"id":3399,"date":"2025-04-09T13:57:36","date_gmt":"2025-04-09T17:57:36","guid":{"rendered":"https:\/\/smirna.cl\/wordpress\/?page_id=3399"},"modified":"2025-04-11T17:34:58","modified_gmt":"2025-04-11T21:34:58","slug":"guia-para-la-lectura-de-la-biblia-un-capitulo-por-dia","status":"publish","type":"page","link":"https:\/\/smirna.cl\/wordpress\/guia-para-la-lectura-de-la-biblia-un-capitulo-por-dia\/","title":{"rendered":"Gu\u00eda para la lectura de la Biblia, un cap\u00edtulo por d\u00eda"},"content":{"rendered":"<h2><strong>Presentaci\u00f3n del Trabajo<\/strong><\/h2>\n<p>En la Iglesia Smirna, hace unos 40 a\u00f1os, el pastor Nadir Carre\u00f1o con su esposa, incentivaron un programa de lectura b\u00edblica diaria. Se trataba de leer un cap\u00edtulo por d\u00eda y as\u00ed completar la lectura completa en un plazo de aprox. tres a\u00f1os y medio.<\/p>\n<p>Al comienzo, cada vez que se iniciaba la lectura de un nuevo libro el pastor presentaba un breve resumen de lo que encontrar\u00edamos en nuestra lectura.<\/p>\n<p>Este programa ha sido de gran bendici\u00f3n para numerosas familias de la Iglesia, en algunos casos han le\u00eddo la Biblia completa varias veces.<\/p>\n<p>Hoy, vemos que cada d\u00eda enfrentamos dos situaciones que nos inquietan, a saber:<\/p>\n<ol>\n<li>Situaci\u00f3n externa. Un mundo m\u00e1s reticente hacia el evangelio y a la vez m\u00e1s agresivo con los evang\u00e9licos. Esto hace muy necesario que los hijos de Dios desarrollemos convicciones fuertes que sean sostenidas <em>\u201cpor la fe una vez dada a los santos\u201d<\/em> (<strong><em>Judas 3<\/em><\/strong>).<\/li>\n<li>Situaci\u00f3n interna. Muchos creyentes dan muestras de conductas asociadas con la tibieza con la que se describe en <strong><em> 3:14\u201322<\/em><\/strong> la conducta de la Iglesia de Laodicea y que desembocan en una apat\u00eda hacia la Palabra de Dios que no puede dejarnos indiferentes a los siervos a quienes se nos ha encomendado el cuidado del reba\u00f1o del Se\u00f1or.<\/li>\n<\/ol>\n<p>Para facilitar una lectura devocional que, adem\u00e1s, pueda servir de apoyo a la realizaci\u00f3n del culto familiar o el desarrollo de instancias de conversaci\u00f3n familiar en torno a la Biblia, se presenta el siguiente trabajo, que se compone b\u00e1sicamente de tres partes:<\/p>\n<ol>\n<li>Cada libro se encabeza con un breve resumen de su contenido y un bosquejo sencillo del mismo.<\/li>\n<li>Luego cap\u00edtulo a cap\u00edtulo se entrega un resumen espec\u00edfico del cap\u00edtulo y una serie de posibles puntos de reflexi\u00f3n que se generan a partir del contenido, se indica el vers\u00edculo de referencia y una orientaci\u00f3n sencilla para guiar la conversaci\u00f3n asociada.<\/li>\n<li>Al final se presenta la Bibliograf\u00eda considerada en la preparaci\u00f3n de cada libro.<\/li>\n<\/ol>\n<p>Acercarme a la Palabra de Dios con el objetivo de preparar cap\u00edtulo a cap\u00edtulo este trabajo ha sido un tiempo muy enriquecedor, a veces extenuante por la cantidad de asuntos a los que es necesario prestar atenci\u00f3n y hacer referencia.<\/p>\n<p>Siguiendo el ejemplo que he visto en mi pap\u00e1, la mirada del trabajo es netamente devocional, busca la edificaci\u00f3n de los creyentes comunes de nuestra iglesia, aquellos que est\u00e1n en el d\u00eda a d\u00eda enfrentando sus luchas con Satan\u00e1s y su propia carne y lo hacen mirando al Se\u00f1or y dependiendo de \u00c9l para tener la victoria sobre el pecado.<\/p>\n<p>Agradezco los aportes en su revisi\u00f3n exhaustiva de la primera versi\u00f3n hecha por mi pap\u00e1 y pastor, Nadir Carre\u00f1o. Y a la paciencia de mi esposa que ha tenido que soportar noche a noche la hora en que el trabajo ha quedado concluido para su despacho al otro d\u00eda en la ma\u00f1ana.<\/p>\n<p>Alvar Carre\u00f1o E.<\/p>\n<p>IPFB Smirna, Santiago<\/p>\n<p>Santiago, Septiembre de 2024.<\/p>\n<h2>\u00cdndice:<\/h2>\n<p><a href=\"https:\/\/smirna.cl\/wordpress\/breve-presentacion-de-genesis\/\">Breve presentaci\u00f3n de G\u00e9nesis (en proceso)<\/a><\/p>\n<p><a href=\"https:\/\/smirna.cl\/wordpress\/breve-presentacion-de-exodo\/\">Breve presentaci\u00f3n de Exodo<\/a><\/p>\n<p><a href=\"https:\/\/smirna.cl\/wordpress\/breve-presentacion-de-levitico\/\">Breve presentaci\u00f3n de Lev\u00edtico<\/a><\/p>\n<p><a href=\"https:\/\/smirna.cl\/wordpress\/breve-presentacion-de-numeros\/\">Breve presentaci\u00f3n de N\u00fameros<\/a><\/p>\n<p><a href=\"https:\/\/smirna.cl\/wordpress\/breve-presentacion-de-deuteronomio\/\">Breve presentaci\u00f3n de Deuteronomio<\/a><\/p>\n<p><a href=\"https:\/\/smirna.cl\/wordpress\/breve-presentacion-de-josue\/\">Breve presentaci\u00f3n de Josu\u00e9<\/a><\/p>\n<p><a href=\"https:\/\/smirna.cl\/wordpress\/breve-presentacion-de-jueces\/\">Breve presentaci\u00f3n de Jueces<\/a><\/p>\n<p><a href=\"https:\/\/smirna.cl\/wordpress\/breve-presentacion-de-rut\/\">Breve presentaci\u00f3n de Rut<\/a><\/p>\n<p><a href=\"https:\/\/smirna.cl\/wordpress\/breve-presentacion-de-1-de-samuel\/\">Breve presentaci\u00f3n de 1\u00b0 de Samuel<\/a><\/p>\n<p><a href=\"https:\/\/smirna.cl\/wordpress\/3337-2\/\">Breve presentaci\u00f3n de 2\u00b0 de Samuel<\/a><\/p>\n<p>&nbsp;<\/p>\n<p><a href=\"https:\/\/smirna.cl\/wordpress\/guia-al-estudio-personal-del-libro-de-job\/\">Breve presentaci\u00f3n de Job<\/a><\/p>\n<p>&nbsp;<\/p>\n<p><a href=\"https:\/\/smirna.cl\/wordpress\/breve-presentacion-de-ecclesiastes\/\">Breve presentaci\u00f3n de Ecclesiast\u00e9s<\/a><\/p>\n<p>&nbsp;<\/p>\n<p><a href=\"https:\/\/smirna.cl\/wordpress\/devocionales-carta-a-los-hebreos\/\">Devocionales, Carta a los Hebreos<\/a><\/p>\n<p>&nbsp;<\/p>\n<p><em>* Esta p\u00e1gina se ir\u00e1 actualizando a medida que se vayan generando nuevas series de estudios.<\/em><\/p>\n","protected":false},"excerpt":{"rendered":"<p>Presentaci\u00f3n del Trabajo En la Iglesia Smirna, hace unos 40 a\u00f1os, el pastor Nadir Carre\u00f1o con su esposa, incentivaron un programa de lectura b\u00edblica diaria. Se trataba de leer un cap\u00edtulo por d\u00eda y as\u00ed completar la lectura completa en un plazo de aprox. tres a\u00f1os y medio. Al comienzo, cada vez que se iniciaba [&hellip;]<\/p>\n","protected":false},"author":1,"featured_media":0,"parent":0,"menu_order":0,"comment_status":"closed","ping_status":"closed","template":"","meta":{"_monsterinsights_skip_tracking":false,"_monsterinsights_sitenote_active":false,"_monsterinsights_sitenote_note":"","_monsterinsights_sitenote_category":0,"__cvm_playback_settings":[],"__cvm_video_id":"","footnotes":""},"class_list":["post-3399","page","type-page","status-publish","hentry"],"yoast_head":"<!-- This site is optimized with the Yoast SEO plugin v27.5 - https:\/\/yoast.com\/product\/yoast-seo-wordpress\/ -->\n<title>Gu\u00eda para la lectura de la Biblia, un cap\u00edtulo por d\u00eda - Iglesia Smirna<\/title>\n<meta name=\"description\" content=\"Este trabajo se presenta para facilitar una lectura devocional que, adem\u00e1s, pueda servir de apoyo a la realizaci\u00f3n del culto familiar o el desarrollo de instancias de conversaci\u00f3n familiar en torno a la Biblia.\" \/>\n<meta name=\"robots\" content=\"index, follow, max-snippet:-1, max-image-preview:large, max-video-preview:-1\" \/>\n<link rel=\"canonical\" href=\"https:\/\/smirna.cl\/wordpress\/guia-para-la-lectura-de-la-biblia-un-capitulo-por-dia\/\" \/>\n<meta property=\"og:locale\" content=\"es_ES\" \/>\n<meta property=\"og:type\" content=\"article\" \/>\n<meta property=\"og:title\" content=\"Gu\u00eda para la lectura de la Biblia, un cap\u00edtulo por d\u00eda - Iglesia Smirna\" \/>\n<meta property=\"og:description\" content=\"Este trabajo se presenta para facilitar una lectura devocional que, adem\u00e1s, pueda servir de apoyo a la realizaci\u00f3n del culto familiar o el desarrollo de instancias de conversaci\u00f3n familiar en torno a la Biblia.\" \/>\n<meta property=\"og:url\" content=\"https:\/\/smirna.cl\/wordpress\/guia-para-la-lectura-de-la-biblia-un-capitulo-por-dia\/\" \/>\n<meta property=\"og:site_name\" content=\"Iglesia Smirna\" \/>\n<meta property=\"article:publisher\" content=\"http:\/\/www.facebook.com\/iglesiasmirna\/\" \/>\n<meta property=\"article:modified_time\" content=\"2025-04-11T21:34:58+00:00\" \/>\n<meta property=\"og:image\" content=\"https:\/\/smirna.cl\/wordpress\/wp-content\/uploads\/2017\/11\/logo-1.jpg\" \/>\n\t<meta property=\"og:image:width\" content=\"65\" \/>\n\t<meta property=\"og:image:height\" content=\"72\" \/>\n\t<meta property=\"og:image:type\" content=\"image\/jpeg\" \/>\n<meta name=\"twitter:label1\" content=\"Tiempo de lectura\" \/>\n\t<meta name=\"twitter:data1\" content=\"3 minutos\" \/>\n<script type=\"application\/ld+json\" class=\"yoast-schema-graph\">{\"@context\":\"https:\\\/\\\/schema.org\",\"@graph\":[{\"@type\":\"WebPage\",\"@id\":\"https:\\\/\\\/smirna.cl\\\/wordpress\\\/guia-para-la-lectura-de-la-biblia-un-capitulo-por-dia\\\/\",\"url\":\"https:\\\/\\\/smirna.cl\\\/wordpress\\\/guia-para-la-lectura-de-la-biblia-un-capitulo-por-dia\\\/\",\"name\":\"Gu\u00eda para la lectura de la Biblia, un cap\u00edtulo por d\u00eda - Iglesia Smirna\",\"isPartOf\":{\"@id\":\"https:\\\/\\\/smirna.cl\\\/wordpress\\\/#website\"},\"datePublished\":\"2025-04-09T17:57:36+00:00\",\"dateModified\":\"2025-04-11T21:34:58+00:00\",\"description\":\"Este trabajo se presenta para facilitar una lectura devocional que, adem\u00e1s, pueda servir de apoyo a la realizaci\u00f3n del culto familiar o el desarrollo de instancias de conversaci\u00f3n familiar en torno a la Biblia.\",\"breadcrumb\":{\"@id\":\"https:\\\/\\\/smirna.cl\\\/wordpress\\\/guia-para-la-lectura-de-la-biblia-un-capitulo-por-dia\\\/#breadcrumb\"},\"inLanguage\":\"es\",\"potentialAction\":[{\"@type\":\"ReadAction\",\"target\":[\"https:\\\/\\\/smirna.cl\\\/wordpress\\\/guia-para-la-lectura-de-la-biblia-un-capitulo-por-dia\\\/\"]}]},{\"@type\":\"BreadcrumbList\",\"@id\":\"https:\\\/\\\/smirna.cl\\\/wordpress\\\/guia-para-la-lectura-de-la-biblia-un-capitulo-por-dia\\\/#breadcrumb\",\"itemListElement\":[{\"@type\":\"ListItem\",\"position\":1,\"name\":\"Home\",\"item\":\"https:\\\/\\\/smirna.cl\\\/wordpress\\\/\"},{\"@type\":\"ListItem\",\"position\":2,\"name\":\"Gu\u00eda para la lectura de la Biblia, un cap\u00edtulo por d\u00eda\"}]},{\"@type\":\"WebSite\",\"@id\":\"https:\\\/\\\/smirna.cl\\\/wordpress\\\/#website\",\"url\":\"https:\\\/\\\/smirna.cl\\\/wordpress\\\/\",\"name\":\"Iglesia Smirna\",\"description\":\"Iglesia Smirna\",\"publisher\":{\"@id\":\"https:\\\/\\\/smirna.cl\\\/wordpress\\\/#organization\"},\"potentialAction\":[{\"@type\":\"SearchAction\",\"target\":{\"@type\":\"EntryPoint\",\"urlTemplate\":\"https:\\\/\\\/smirna.cl\\\/wordpress\\\/?s={search_term_string}\"},\"query-input\":{\"@type\":\"PropertyValueSpecification\",\"valueRequired\":true,\"valueName\":\"search_term_string\"}}],\"inLanguage\":\"es\"},{\"@type\":\"Organization\",\"@id\":\"https:\\\/\\\/smirna.cl\\\/wordpress\\\/#organization\",\"name\":\"Iglesia Smirna\",\"url\":\"https:\\\/\\\/smirna.cl\\\/wordpress\\\/\",\"logo\":{\"@type\":\"ImageObject\",\"inLanguage\":\"es\",\"@id\":\"https:\\\/\\\/smirna.cl\\\/wordpress\\\/#\\\/schema\\\/logo\\\/image\\\/\",\"url\":\"http:\\\/\\\/smirna.cl\\\/wordpress\\\/wp-content\\\/uploads\\\/2017\\\/11\\\/logo-1.jpg\",\"contentUrl\":\"http:\\\/\\\/smirna.cl\\\/wordpress\\\/wp-content\\\/uploads\\\/2017\\\/11\\\/logo-1.jpg\",\"width\":65,\"height\":72,\"caption\":\"Iglesia Smirna\"},\"image\":{\"@id\":\"https:\\\/\\\/smirna.cl\\\/wordpress\\\/#\\\/schema\\\/logo\\\/image\\\/\"},\"sameAs\":[\"http:\\\/\\\/www.facebook.com\\\/iglesiasmirna\\\/\",\"https:\\\/\\\/www.youtube.com\\\/channel\\\/UCNLg72edfDxAGpMGOHgxXMA\"]}]}<\/script>\n<!-- \/ Yoast SEO plugin. -->","yoast_head_json":{"title":"Gu\u00eda para la lectura de la Biblia, un cap\u00edtulo por d\u00eda - Iglesia Smirna","description":"Este trabajo se presenta para facilitar una lectura devocional que, adem\u00e1s, pueda servir de apoyo a la realizaci\u00f3n del culto familiar o el desarrollo de instancias de conversaci\u00f3n familiar en torno a la Biblia.","robots":{"index":"index","follow":"follow","max-snippet":"max-snippet:-1","max-image-preview":"max-image-preview:large","max-video-preview":"max-video-preview:-1"},"canonical":"https:\/\/smirna.cl\/wordpress\/guia-para-la-lectura-de-la-biblia-un-capitulo-por-dia\/","og_locale":"es_ES","og_type":"article","og_title":"Gu\u00eda para la lectura de la Biblia, un cap\u00edtulo por d\u00eda - Iglesia Smirna","og_description":"Este trabajo se presenta para facilitar una lectura devocional que, adem\u00e1s, pueda servir de apoyo a la realizaci\u00f3n del culto familiar o el desarrollo de instancias de conversaci\u00f3n familiar en torno a la Biblia.","og_url":"https:\/\/smirna.cl\/wordpress\/guia-para-la-lectura-de-la-biblia-un-capitulo-por-dia\/","og_site_name":"Iglesia Smirna","article_publisher":"http:\/\/www.facebook.com\/iglesiasmirna\/","article_modified_time":"2025-04-11T21:34:58+00:00","og_image":[{"width":65,"height":72,"url":"https:\/\/smirna.cl\/wordpress\/wp-content\/uploads\/2017\/11\/logo-1.jpg","type":"image\/jpeg"}],"twitter_misc":{"Tiempo de lectura":"3 minutos"},"schema":{"@context":"https:\/\/schema.org","@graph":[{"@type":"WebPage","@id":"https:\/\/smirna.cl\/wordpress\/guia-para-la-lectura-de-la-biblia-un-capitulo-por-dia\/","url":"https:\/\/smirna.cl\/wordpress\/guia-para-la-lectura-de-la-biblia-un-capitulo-por-dia\/","name":"Gu\u00eda para la lectura de la Biblia, un cap\u00edtulo por d\u00eda - Iglesia Smirna","isPartOf":{"@id":"https:\/\/smirna.cl\/wordpress\/#website"},"datePublished":"2025-04-09T17:57:36+00:00","dateModified":"2025-04-11T21:34:58+00:00","description":"Este trabajo se presenta para facilitar una lectura devocional que, adem\u00e1s, pueda servir de apoyo a la realizaci\u00f3n del culto familiar o el desarrollo de instancias de conversaci\u00f3n familiar en torno a la Biblia.","breadcrumb":{"@id":"https:\/\/smirna.cl\/wordpress\/guia-para-la-lectura-de-la-biblia-un-capitulo-por-dia\/#breadcrumb"},"inLanguage":"es","potentialAction":[{"@type":"ReadAction","target":["https:\/\/smirna.cl\/wordpress\/guia-para-la-lectura-de-la-biblia-un-capitulo-por-dia\/"]}]},{"@type":"BreadcrumbList","@id":"https:\/\/smirna.cl\/wordpress\/guia-para-la-lectura-de-la-biblia-un-capitulo-por-dia\/#breadcrumb","itemListElement":[{"@type":"ListItem","position":1,"name":"Home","item":"https:\/\/smirna.cl\/wordpress\/"},{"@type":"ListItem","position":2,"name":"Gu\u00eda para la lectura de la Biblia, un cap\u00edtulo por d\u00eda"}]},{"@type":"WebSite","@id":"https:\/\/smirna.cl\/wordpress\/#website","url":"https:\/\/smirna.cl\/wordpress\/","name":"Iglesia Smirna","description":"Iglesia Smirna","publisher":{"@id":"https:\/\/smirna.cl\/wordpress\/#organization"},"potentialAction":[{"@type":"SearchAction","target":{"@type":"EntryPoint","urlTemplate":"https:\/\/smirna.cl\/wordpress\/?s={search_term_string}"},"query-input":{"@type":"PropertyValueSpecification","valueRequired":true,"valueName":"search_term_string"}}],"inLanguage":"es"},{"@type":"Organization","@id":"https:\/\/smirna.cl\/wordpress\/#organization","name":"Iglesia Smirna","url":"https:\/\/smirna.cl\/wordpress\/","logo":{"@type":"ImageObject","inLanguage":"es","@id":"https:\/\/smirna.cl\/wordpress\/#\/schema\/logo\/image\/","url":"http:\/\/smirna.cl\/wordpress\/wp-content\/uploads\/2017\/11\/logo-1.jpg","contentUrl":"http:\/\/smirna.cl\/wordpress\/wp-content\/uploads\/2017\/11\/logo-1.jpg","width":65,"height":72,"caption":"Iglesia Smirna"},"image":{"@id":"https:\/\/smirna.cl\/wordpress\/#\/schema\/logo\/image\/"},"sameAs":["http:\/\/www.facebook.com\/iglesiasmirna\/","https:\/\/www.youtube.com\/channel\/UCNLg72edfDxAGpMGOHgxXMA"]}]}},"_links":{"self":[{"href":"https:\/\/smirna.cl\/wordpress\/wp-json\/wp\/v2\/pages\/3399","targetHints":{"allow":["GET"]}}],"collection":[{"href":"https:\/\/smirna.cl\/wordpress\/wp-json\/wp\/v2\/pages"}],"about":[{"href":"https:\/\/smirna.cl\/wordpress\/wp-json\/wp\/v2\/types\/page"}],"author":[{"embeddable":true,"href":"https:\/\/smirna.cl\/wordpress\/wp-json\/wp\/v2\/users\/1"}],"replies":[{"embeddable":true,"href":"https:\/\/smirna.cl\/wordpress\/wp-json\/wp\/v2\/comments?post=3399"}],"version-history":[{"count":4,"href":"https:\/\/smirna.cl\/wordpress\/wp-json\/wp\/v2\/pages\/3399\/revisions"}],"predecessor-version":[{"id":3499,"href":"https:\/\/smirna.cl\/wordpress\/wp-json\/wp\/v2\/pages\/3399\/revisions\/3499"}],"wp:attachment":[{"href":"https:\/\/smirna.cl\/wordpress\/wp-json\/wp\/v2\/media?parent=3399"}],"curies":[{"name":"wp","href":"https:\/\/api.w.org\/{rel}","templated":true}]}}