{"id":2274,"date":"2020-05-24T20:05:19","date_gmt":"2020-05-25T00:05:19","guid":{"rendered":"http:\/\/smirna.cl\/wordpress\/?page_id=2274"},"modified":"2026-04-18T18:51:24","modified_gmt":"2026-04-18T22:51:24","slug":"biografia-del-pastor-olivero-maufras","status":"publish","type":"page","link":"https:\/\/smirna.cl\/wordpress\/biografia-del-pastor-olivero-maufras\/","title":{"rendered":"Biograf\u00eda del Pastor Olivero Maufr\u00e1s"},"content":{"rendered":"<h3>Olivier Just Maufras Thomas.<\/h3>\n<p><img loading=\"lazy\" decoding=\"async\" class=\" wp-image-2276\" src=\"http:\/\/smirna.cl\/wordpress\/wp-content\/uploads\/2020\/05\/olivero.jpg\" alt=\"\" width=\"406\" height=\"215\" srcset=\"https:\/\/smirna.cl\/wordpress\/wp-content\/uploads\/2020\/05\/olivero.jpg 655w, https:\/\/smirna.cl\/wordpress\/wp-content\/uploads\/2020\/05\/olivero-300x159.jpg 300w\" sizes=\"auto, (max-width: 406px) 100vw, 406px\" \/><\/p>\n<p>Naci\u00f3 en Hiersac, Charente, Poitou-Charentes, Francia el 21 de enero de 1888.<\/p>\n<p>Parti\u00f3 a la presencia del Se\u00f1or a mediados de 1972.<\/p>\n<p>Casado con Buenventura D\u00edaz Tapia.<\/p>\n<p>Tuvieron tres hijos: los pastores Daniel y Roberto Maufras D\u00edaz y la Misionera Raquel Maufras D\u00edaz.<\/p>\n<p>En el Seminario, por creer que la Biblia es la Palabra de Dios y nuestra \u00fanica regla de fe y conducta mantuvo fuertes controversias con los profesores modernistas, recibiendo siempre el apoyo de los profesores fieles a la Palabra de Dios.<\/p>\n<p>Fue ordenado pastor.<\/p>\n<p>Se destac\u00f3 por su celo por la Palabra de Dios, lo que lo llev\u00f3 siempre a tener una posici\u00f3n firme y fiel al Se\u00f1or, sin dudar enfrent\u00f3 la apostas\u00eda que hac\u00eda presa del Presbiterio de Chile.<\/p>\n<p>Por apoyar al Grupo de Acci\u00f3n Evang\u00e9lica fue expulsado del Presbiterio de Chile el 18 de mayo de 1944 junto al misionero Jorge Gilchrist y 40 Ancianos Gobernantes fieles al Se\u00f1or.<\/p>\n<p>Ministr\u00f3 las iglesias de Talca, Copiap\u00f3 desde donde visitaba Chiguinto, Traigu\u00e9n, Santiago (Iglesia Uni\u00f3n Cristiana), Valpara\u00edso.<\/p>\n<p>Fue un te\u00f3logo destacado en la obra presbiteriana de nuestro pa\u00eds, profesor del seminario y maestro de todos los pastores de una generaci\u00f3n que ya se apaga y de quienes hemos recibido una herencia gloriosa que debemos cuidar y traspasar a las nuevas generaciones.<\/p>\n<p>Fue el segundo pastor de la Iglesia Smirna en Santiago.<\/p>\n<p>De peque\u00f1o siempre me gustaba estar cerca de \u00e9l, porque aunque era de pocas palabras, siempre ten\u00eda alg\u00fan dato interesante que comentar ya sea de las abejas, de los tipos de duraznos que ten\u00eda en su Huerta en Quinta y lo mejor: de las estrellas.<\/p>\n<p>Fue un hombre autodidacta en lo secular, privilegiado con una mente brillante y gran lucidez para interpretar las Sagradas Escrituras.<\/p>\n<p>&nbsp;<\/p>\n<p>Por Alvar Carre\u00f1o (bisnieto)<\/p>\n<p>&nbsp;<\/p>\n<p>Otro emocionante reportaje para conocer m\u00e1s del pastor Olivero: <a href=\"http:\/\/smirna.cl\/wordpress\/de-los-pirineos-a-los-andes\/\">\u00abDe los Pirineos a Los Andes\u00bb<\/a><\/p>\n<p style=\"text-align: right;\">\u00a9 Iglesia Smirna. Todos los derechos reservados.<\/p>\n","protected":false},"excerpt":{"rendered":"<p>Olivier Just Maufras Thomas. Naci\u00f3 en Hiersac, Charente, Poitou-Charentes, Francia el 21 de enero de 1888. Parti\u00f3 a la presencia del Se\u00f1or a mediados de 1972. Casado con Buenventura D\u00edaz Tapia. Tuvieron tres hijos: los pastores Daniel y Roberto Maufras D\u00edaz y la Misionera Raquel Maufras D\u00edaz. En el Seminario, por creer que la Biblia [&hellip;]<\/p>\n","protected":false},"author":1,"featured_media":0,"parent":0,"menu_order":0,"comment_status":"closed","ping_status":"closed","template":"","meta":{"_monsterinsights_skip_tracking":false,"_monsterinsights_sitenote_active":false,"_monsterinsights_sitenote_note":"","_monsterinsights_sitenote_category":0,"__cvm_playback_settings":[],"__cvm_video_id":"","footnotes":""},"class_list":["post-2274","page","type-page","status-publish","hentry"],"yoast_head":"<!-- This site is optimized with the Yoast SEO plugin v27.5 - https:\/\/yoast.com\/product\/yoast-seo-wordpress\/ -->\n<title>Biograf\u00eda del Pastor Olivero Maufr\u00e1s - Iglesia Smirna<\/title>\n<meta name=\"description\" content=\"Biograf\u00eda del reverendo Olivero Maufr\u00e1s, uno de los fundadores y pilar de nuestra iglesia. Recuerdo en el d\u00eda del Pastor (Mayo 2020)\" \/>\n<meta name=\"robots\" content=\"index, follow, max-snippet:-1, max-image-preview:large, max-video-preview:-1\" \/>\n<link rel=\"canonical\" href=\"https:\/\/smirna.cl\/wordpress\/biografia-del-pastor-olivero-maufras\/\" \/>\n<meta property=\"og:locale\" content=\"es_ES\" \/>\n<meta property=\"og:type\" content=\"article\" \/>\n<meta property=\"og:title\" content=\"Biograf\u00eda del Pastor Olivero Maufr\u00e1s - Iglesia Smirna\" \/>\n<meta property=\"og:description\" content=\"Biograf\u00eda del reverendo Olivero Maufr\u00e1s, uno de los fundadores y pilar de nuestra iglesia. Recuerdo en el d\u00eda del Pastor (Mayo 2020)\" \/>\n<meta property=\"og:url\" content=\"https:\/\/smirna.cl\/wordpress\/biografia-del-pastor-olivero-maufras\/\" \/>\n<meta property=\"og:site_name\" content=\"Iglesia Smirna\" \/>\n<meta property=\"article:publisher\" content=\"http:\/\/www.facebook.com\/iglesiasmirna\/\" \/>\n<meta property=\"article:modified_time\" content=\"2026-04-18T22:51:24+00:00\" \/>\n<meta property=\"og:image\" content=\"https:\/\/smirna.cl\/wordpress\/wp-content\/uploads\/2020\/05\/olivero.jpg\" \/>\n\t<meta property=\"og:image:width\" content=\"655\" \/>\n\t<meta property=\"og:image:height\" content=\"347\" \/>\n\t<meta property=\"og:image:type\" content=\"image\/jpeg\" \/>\n<meta name=\"twitter:label1\" content=\"Tiempo de lectura\" \/>\n\t<meta name=\"twitter:data1\" content=\"2 minutos\" \/>\n<script type=\"application\/ld+json\" class=\"yoast-schema-graph\">{\"@context\":\"https:\\\/\\\/schema.org\",\"@graph\":[{\"@type\":\"WebPage\",\"@id\":\"https:\\\/\\\/smirna.cl\\\/wordpress\\\/biografia-del-pastor-olivero-maufras\\\/\",\"url\":\"https:\\\/\\\/smirna.cl\\\/wordpress\\\/biografia-del-pastor-olivero-maufras\\\/\",\"name\":\"Biograf\u00eda del Pastor Olivero Maufr\u00e1s - Iglesia Smirna\",\"isPartOf\":{\"@id\":\"https:\\\/\\\/smirna.cl\\\/wordpress\\\/#website\"},\"primaryImageOfPage\":{\"@id\":\"https:\\\/\\\/smirna.cl\\\/wordpress\\\/biografia-del-pastor-olivero-maufras\\\/#primaryimage\"},\"image\":{\"@id\":\"https:\\\/\\\/smirna.cl\\\/wordpress\\\/biografia-del-pastor-olivero-maufras\\\/#primaryimage\"},\"thumbnailUrl\":\"http:\\\/\\\/smirna.cl\\\/wordpress\\\/wp-content\\\/uploads\\\/2020\\\/05\\\/olivero.jpg\",\"datePublished\":\"2020-05-25T00:05:19+00:00\",\"dateModified\":\"2026-04-18T22:51:24+00:00\",\"description\":\"Biograf\u00eda del reverendo Olivero Maufr\u00e1s, uno de los fundadores y pilar de nuestra iglesia. Recuerdo en el d\u00eda del Pastor (Mayo 2020)\",\"breadcrumb\":{\"@id\":\"https:\\\/\\\/smirna.cl\\\/wordpress\\\/biografia-del-pastor-olivero-maufras\\\/#breadcrumb\"},\"inLanguage\":\"es\",\"potentialAction\":[{\"@type\":\"ReadAction\",\"target\":[\"https:\\\/\\\/smirna.cl\\\/wordpress\\\/biografia-del-pastor-olivero-maufras\\\/\"]}]},{\"@type\":\"ImageObject\",\"inLanguage\":\"es\",\"@id\":\"https:\\\/\\\/smirna.cl\\\/wordpress\\\/biografia-del-pastor-olivero-maufras\\\/#primaryimage\",\"url\":\"https:\\\/\\\/smirna.cl\\\/wordpress\\\/wp-content\\\/uploads\\\/2020\\\/05\\\/olivero.jpg\",\"contentUrl\":\"https:\\\/\\\/smirna.cl\\\/wordpress\\\/wp-content\\\/uploads\\\/2020\\\/05\\\/olivero.jpg\",\"width\":655,\"height\":347,\"caption\":\"Olivero y Buenaventura\"},{\"@type\":\"BreadcrumbList\",\"@id\":\"https:\\\/\\\/smirna.cl\\\/wordpress\\\/biografia-del-pastor-olivero-maufras\\\/#breadcrumb\",\"itemListElement\":[{\"@type\":\"ListItem\",\"position\":1,\"name\":\"Home\",\"item\":\"https:\\\/\\\/smirna.cl\\\/wordpress\\\/\"},{\"@type\":\"ListItem\",\"position\":2,\"name\":\"Biograf\u00eda del Pastor Olivero Maufr\u00e1s\"}]},{\"@type\":\"WebSite\",\"@id\":\"https:\\\/\\\/smirna.cl\\\/wordpress\\\/#website\",\"url\":\"https:\\\/\\\/smirna.cl\\\/wordpress\\\/\",\"name\":\"Iglesia Smirna\",\"description\":\"Iglesia Smirna\",\"publisher\":{\"@id\":\"https:\\\/\\\/smirna.cl\\\/wordpress\\\/#organization\"},\"potentialAction\":[{\"@type\":\"SearchAction\",\"target\":{\"@type\":\"EntryPoint\",\"urlTemplate\":\"https:\\\/\\\/smirna.cl\\\/wordpress\\\/?s={search_term_string}\"},\"query-input\":{\"@type\":\"PropertyValueSpecification\",\"valueRequired\":true,\"valueName\":\"search_term_string\"}}],\"inLanguage\":\"es\"},{\"@type\":\"Organization\",\"@id\":\"https:\\\/\\\/smirna.cl\\\/wordpress\\\/#organization\",\"name\":\"Iglesia Smirna\",\"url\":\"https:\\\/\\\/smirna.cl\\\/wordpress\\\/\",\"logo\":{\"@type\":\"ImageObject\",\"inLanguage\":\"es\",\"@id\":\"https:\\\/\\\/smirna.cl\\\/wordpress\\\/#\\\/schema\\\/logo\\\/image\\\/\",\"url\":\"http:\\\/\\\/smirna.cl\\\/wordpress\\\/wp-content\\\/uploads\\\/2017\\\/11\\\/logo-1.jpg\",\"contentUrl\":\"http:\\\/\\\/smirna.cl\\\/wordpress\\\/wp-content\\\/uploads\\\/2017\\\/11\\\/logo-1.jpg\",\"width\":65,\"height\":72,\"caption\":\"Iglesia Smirna\"},\"image\":{\"@id\":\"https:\\\/\\\/smirna.cl\\\/wordpress\\\/#\\\/schema\\\/logo\\\/image\\\/\"},\"sameAs\":[\"http:\\\/\\\/www.facebook.com\\\/iglesiasmirna\\\/\",\"https:\\\/\\\/www.youtube.com\\\/channel\\\/UCNLg72edfDxAGpMGOHgxXMA\"]}]}<\/script>\n<!-- \/ Yoast SEO plugin. -->","yoast_head_json":{"title":"Biograf\u00eda del Pastor Olivero Maufr\u00e1s - Iglesia Smirna","description":"Biograf\u00eda del reverendo Olivero Maufr\u00e1s, uno de los fundadores y pilar de nuestra iglesia. Recuerdo en el d\u00eda del Pastor (Mayo 2020)","robots":{"index":"index","follow":"follow","max-snippet":"max-snippet:-1","max-image-preview":"max-image-preview:large","max-video-preview":"max-video-preview:-1"},"canonical":"https:\/\/smirna.cl\/wordpress\/biografia-del-pastor-olivero-maufras\/","og_locale":"es_ES","og_type":"article","og_title":"Biograf\u00eda del Pastor Olivero Maufr\u00e1s - Iglesia Smirna","og_description":"Biograf\u00eda del reverendo Olivero Maufr\u00e1s, uno de los fundadores y pilar de nuestra iglesia. Recuerdo en el d\u00eda del Pastor (Mayo 2020)","og_url":"https:\/\/smirna.cl\/wordpress\/biografia-del-pastor-olivero-maufras\/","og_site_name":"Iglesia Smirna","article_publisher":"http:\/\/www.facebook.com\/iglesiasmirna\/","article_modified_time":"2026-04-18T22:51:24+00:00","og_image":[{"width":655,"height":347,"url":"https:\/\/smirna.cl\/wordpress\/wp-content\/uploads\/2020\/05\/olivero.jpg","type":"image\/jpeg"}],"twitter_misc":{"Tiempo de lectura":"2 minutos"},"schema":{"@context":"https:\/\/schema.org","@graph":[{"@type":"WebPage","@id":"https:\/\/smirna.cl\/wordpress\/biografia-del-pastor-olivero-maufras\/","url":"https:\/\/smirna.cl\/wordpress\/biografia-del-pastor-olivero-maufras\/","name":"Biograf\u00eda del Pastor Olivero Maufr\u00e1s - Iglesia Smirna","isPartOf":{"@id":"https:\/\/smirna.cl\/wordpress\/#website"},"primaryImageOfPage":{"@id":"https:\/\/smirna.cl\/wordpress\/biografia-del-pastor-olivero-maufras\/#primaryimage"},"image":{"@id":"https:\/\/smirna.cl\/wordpress\/biografia-del-pastor-olivero-maufras\/#primaryimage"},"thumbnailUrl":"http:\/\/smirna.cl\/wordpress\/wp-content\/uploads\/2020\/05\/olivero.jpg","datePublished":"2020-05-25T00:05:19+00:00","dateModified":"2026-04-18T22:51:24+00:00","description":"Biograf\u00eda del reverendo Olivero Maufr\u00e1s, uno de los fundadores y pilar de nuestra iglesia. Recuerdo en el d\u00eda del Pastor (Mayo 2020)","breadcrumb":{"@id":"https:\/\/smirna.cl\/wordpress\/biografia-del-pastor-olivero-maufras\/#breadcrumb"},"inLanguage":"es","potentialAction":[{"@type":"ReadAction","target":["https:\/\/smirna.cl\/wordpress\/biografia-del-pastor-olivero-maufras\/"]}]},{"@type":"ImageObject","inLanguage":"es","@id":"https:\/\/smirna.cl\/wordpress\/biografia-del-pastor-olivero-maufras\/#primaryimage","url":"https:\/\/smirna.cl\/wordpress\/wp-content\/uploads\/2020\/05\/olivero.jpg","contentUrl":"https:\/\/smirna.cl\/wordpress\/wp-content\/uploads\/2020\/05\/olivero.jpg","width":655,"height":347,"caption":"Olivero y Buenaventura"},{"@type":"BreadcrumbList","@id":"https:\/\/smirna.cl\/wordpress\/biografia-del-pastor-olivero-maufras\/#breadcrumb","itemListElement":[{"@type":"ListItem","position":1,"name":"Home","item":"https:\/\/smirna.cl\/wordpress\/"},{"@type":"ListItem","position":2,"name":"Biograf\u00eda del Pastor Olivero Maufr\u00e1s"}]},{"@type":"WebSite","@id":"https:\/\/smirna.cl\/wordpress\/#website","url":"https:\/\/smirna.cl\/wordpress\/","name":"Iglesia Smirna","description":"Iglesia Smirna","publisher":{"@id":"https:\/\/smirna.cl\/wordpress\/#organization"},"potentialAction":[{"@type":"SearchAction","target":{"@type":"EntryPoint","urlTemplate":"https:\/\/smirna.cl\/wordpress\/?s={search_term_string}"},"query-input":{"@type":"PropertyValueSpecification","valueRequired":true,"valueName":"search_term_string"}}],"inLanguage":"es"},{"@type":"Organization","@id":"https:\/\/smirna.cl\/wordpress\/#organization","name":"Iglesia Smirna","url":"https:\/\/smirna.cl\/wordpress\/","logo":{"@type":"ImageObject","inLanguage":"es","@id":"https:\/\/smirna.cl\/wordpress\/#\/schema\/logo\/image\/","url":"http:\/\/smirna.cl\/wordpress\/wp-content\/uploads\/2017\/11\/logo-1.jpg","contentUrl":"http:\/\/smirna.cl\/wordpress\/wp-content\/uploads\/2017\/11\/logo-1.jpg","width":65,"height":72,"caption":"Iglesia Smirna"},"image":{"@id":"https:\/\/smirna.cl\/wordpress\/#\/schema\/logo\/image\/"},"sameAs":["http:\/\/www.facebook.com\/iglesiasmirna\/","https:\/\/www.youtube.com\/channel\/UCNLg72edfDxAGpMGOHgxXMA"]}]}},"_links":{"self":[{"href":"https:\/\/smirna.cl\/wordpress\/wp-json\/wp\/v2\/pages\/2274","targetHints":{"allow":["GET"]}}],"collection":[{"href":"https:\/\/smirna.cl\/wordpress\/wp-json\/wp\/v2\/pages"}],"about":[{"href":"https:\/\/smirna.cl\/wordpress\/wp-json\/wp\/v2\/types\/page"}],"author":[{"embeddable":true,"href":"https:\/\/smirna.cl\/wordpress\/wp-json\/wp\/v2\/users\/1"}],"replies":[{"embeddable":true,"href":"https:\/\/smirna.cl\/wordpress\/wp-json\/wp\/v2\/comments?post=2274"}],"version-history":[{"count":7,"href":"https:\/\/smirna.cl\/wordpress\/wp-json\/wp\/v2\/pages\/2274\/revisions"}],"predecessor-version":[{"id":3590,"href":"https:\/\/smirna.cl\/wordpress\/wp-json\/wp\/v2\/pages\/2274\/revisions\/3590"}],"wp:attachment":[{"href":"https:\/\/smirna.cl\/wordpress\/wp-json\/wp\/v2\/media?parent=2274"}],"curies":[{"name":"wp","href":"https:\/\/api.w.org\/{rel}","templated":true}]}}