{"id":2241,"date":"2020-05-21T20:05:26","date_gmt":"2020-05-22T00:05:26","guid":{"rendered":"http:\/\/smirna.cl\/wordpress\/?page_id=2241"},"modified":"2020-05-21T21:15:45","modified_gmt":"2020-05-22T01:15:45","slug":"probad-los-espiritus-si-son-de-dios","status":"publish","type":"page","link":"https:\/\/smirna.cl\/wordpress\/probad-los-espiritus-si-son-de-dios\/","title":{"rendered":"Probad los esp\u00edritus si son de Dios"},"content":{"rendered":"<h3>\u201cPROBAD LOS ESP\u00cdRITUS SI SON DE DIOS\u201d<\/h3>\n<p>Para el a\u00f1o 100 d.C. en que Juan escribe la carta, la apostas\u00eda se ha introducido en la iglesia; en el gnosticismo, la filosof\u00eda griega se ha amalgamado con la doctrina de los ap\u00f3stoles; los cristianos jud\u00edos se encuentran desmotivados; Jerusal\u00e9n, la ciudad santa, ha sido destruida; el Mes\u00edas prometido no ha llegado; la esperanza de la pronta venida del Mes\u00edas se ha enfriado; es una etapa de crisis espiritual en la iglesia.<\/p>\n<p>1. La recomendaci\u00f3n del ap\u00f3stol Juan: \u201c<em>No cre\u00e1is a todo esp\u00edritu<\/em>\u201d <a href=\"https:\/\/www.biblegateway.com\/passage\/?search=1+juan+4%3A1&amp;version=RVA\">I Juan 4: 1.<\/a><\/p>\n<p>2. La advertencia de nuestro Se\u00f1or Jesucristo: \u201c<em>Mirad que nadie os enga\u00f1e<\/em>\u201d <a href=\"https:\/\/www.biblegateway.com\/passage\/?search=Mateo+24%3A+4&amp;version=RVA\">Mateo 24: 4<\/a>.<\/p>\n<p>3. La raz\u00f3n: \u201c<em>Muchos falsos profetas son salidos en el mundo<\/em>\u201d I Juan 4: 1; <a href=\"https:\/\/www.biblegateway.com\/passage\/?search=Mateo+7%3A+15&amp;version=RVA\">Mateo 7: 15.<\/a><\/p>\n<p>4. \u00bfQu\u00e9 hacer? \u201c<em>Probad los esp\u00edritus si son de Dios\u201d<\/em> I Juan 4: 1. Si no es de Dios, pues entonces es del diablo.<\/p>\n<p>5. \u00bfC\u00f3mo hacerlo? No era tarea f\u00e1cil.<\/p>\n<p>5.1 Jes\u00fas deb\u00eda discernir si el que estaba en la sinagoga de Capernaum era alguien influido por un mal esp\u00edritu o si ven\u00eda de parte de Dios. El esp\u00edritu dec\u00eda: \u201c<em>S\u00e9 qui\u00e9n eres, el santo de Dios\u201d<\/em> <a href=\"https:\/\/www.biblegateway.com\/passage\/?search=Mateo+7%3A+15&amp;version=RVA\">Marcos 1: 24<\/a>, sin embargo, Jes\u00fas le dice: \u201c<em>Enmudece y sal de \u00e9l<\/em>\u201d.<\/p>\n<p>5.2 Pablo deb\u00eda discernir si la muchacha que les hac\u00eda propaganda cada vez que iban a la oraci\u00f3n era de Dios o del diablo. La muchacha dec\u00eda: \u201cEstos hombres son siervos del Dios alto, los cuales os anuncian el camino de salvaci\u00f3n\u201d <a href=\"https:\/\/www.biblegateway.com\/passage\/?search=Hechos+16%3A+17&amp;version=RVA\">Hechos 16: 17;<\/a> aunque su declaraci\u00f3n era una gran verdad, Pablo entiende que el prop\u00f3sito de esta mujer es distraerles de la oraci\u00f3n, con la cual cobran fuerza espiritual para su predicaci\u00f3n.<\/p>\n<p>Entonces dice al esp\u00edritu: \u201cTe mando en el nombre de Jesucristo, que salgas de ella\u201d <a href=\"https:\/\/www.biblegateway.com\/passage\/?search=Hechos+16%3A+18&amp;version=RVA\">Hechos 16: 18.<\/a><\/p>\n<p>5.3 El cristiano fiel no debe dejarse impresionar con la apariencia de piedad o manifestaci\u00f3n de poder.<\/p>\n<p>Los hermanos de Berea no se dejaron impresionar f\u00e1cilmente por la autoridad con que Pablo hablaba, ni de la apariencia f\u00edsica de Pablo, ni de los milagros hechos por Pablo, ni de la fama con que ven\u00eda: <a href=\"https:\/\/www.biblegateway.com\/passage\/?search=Hechos+17%3A+10-12&amp;version=RVA\">Hechos 17: 10-12<\/a>.<\/p>\n<p>Jesucristo nos advierte que estos falsos maestros har\u00e1n milagros, lanzar\u00e1n demonios, profetizar\u00e1n, etc., aun utilizando el nombre de Jesucristo, lo cual es mucho m\u00e1s peligroso. Sin embargo no podemos dejarnos impresionar por esto, hay que discernir si vienen de parte de Dios, del diablo o de los hombres: <a href=\"https:\/\/www.biblegateway.com\/passage\/?search=Mateo+7%3A+21-23&amp;version=RVA\">Mateo 7: 21-23;<\/a> <a href=\"https:\/\/www.biblegateway.com\/passage\/?search=Mateo+24%3A+24&amp;version=RVA\">Mateo 24: 24<\/a>; <a href=\"https:\/\/www.biblegateway.com\/passage\/?search=Apocalipsis+13%3A+11-14&amp;version=RVA\">Apocalipsis 13: 11-14<\/a>.<\/p>\n<p>5.4 El cristiano fiel escudri\u00f1a, estudia las Escrituras y eval\u00faa bajo la gu\u00eda del Esp\u00edritu Santo si el mensajero es de Dios o es del diablo o es de los hombres: I<a href=\"https:\/\/www.biblegateway.com\/passage\/?search=1+Juan+4%3A+4-6&amp;version=RVA\"> Juan 4: 4-6.<\/a><\/p>\n<p>5.5 El cristiano fiel eval\u00faa el fruto del mensajero y discierne bajo la gu\u00eda del Esp\u00edritu Santo si el mensajero es de Dios o es del diablo o es de los hombres. Este falso mensajero:<\/p>\n<p>a) No reconoce el ministerio y obra de Jesucristo; es posible que lo reconozca intelectualmente o por conveniencia, pero no con su vivencia:<a href=\"https:\/\/www.biblegateway.com\/passage\/?search=1+Juan+4%3A+2&amp;version=RVA\"> I Juan 4: 2<\/a>.<\/p>\n<p>b) No da frutos dignos de arrepentimiento. Todo \u00e1rbol da su fruto seg\u00fan su naturaleza, si vid da uvas, si es naranjo da naranjas, si es un creyente fiel da frutos dignos de arrepentimiento; por el contrario estos falsos maestros dan frutos de maldad: <a href=\"https:\/\/www.biblegateway.com\/passage\/?search=Mateo+7%3A+16-18&amp;version=RVA\">Mateo 7: 16-18<\/a>; <a href=\"https:\/\/www.biblegateway.com\/passage\/?search=2+Timoteo+3%3A+1-8&amp;version=RVA\">II Timoteo 3: 1-8.<\/a><\/p>\n<p>c) No utiliza las armas espirituales para el avance de la iglesia, sino estrategias humanas enga\u00f1osas: Efesios 4: 14-15;<\/p>\n<p>d) No se sujeta a la sana doctrina. Hay aspectos de la liturgia y de forma que pueden ser pasados por alto en la iglesia, sin embargo las verdades b\u00e1sicas de la Palabra de Dios no se pueden transar: I<a href=\"https:\/\/www.biblegateway.com\/passage\/?search=2+Timoteo+4%3A+3-4&amp;version=RVA\">I Timoteo 4: 3-4<\/a>;<\/p>\n<p>e) No le interesan las almas, sino las ganancias temporales de pecado. Este es el mensaje actual de prosperidad que el mundo quiere escuchar hoy en la sociedad netamente capitalista:<a href=\"https:\/\/www.biblegateway.com\/passage\/?search=2+Pedro+2%3A+3%3B+2+Pedro+2%3A15-+16&amp;version=RVA\"> II Pedro 2: 3 y 15: 16;<\/a><\/p>\n<p>f) No miden la magnitud de sus declaraciones y hablan con liviandad de lo que no conocen: <a href=\"https:\/\/www.biblegateway.com\/passage\/?search=2+Pedro+2%3A+10-14&amp;version=RVA\">II Pedro 2: 10-14.<\/a><\/p>\n<h4>CONCLUSI\u00d3N:<\/h4>\n<p>Nuestro Se\u00f1or Jesucristo nos dice que aquel que escucha esta palabras y las pone por obra es un hombre que edifica sobre un fundamento firme, que cuando venga la adversidad y la prueba de su fe permanecer\u00e1 firme e inamovible, su vida ser\u00e1 prosperada en el plan de Dios; sin embargo aquel que no escucha estas palabras, ni las pone por obra, es un hombre necio que no ha edificado su fe en un cimiento firme; cuando venga la adversidad y la prueba de su fe se ver\u00e1 totalmente derrumbado, su vida arruinada y sin sentido, totalmente desorientado: <a href=\"https:\/\/www.biblegateway.com\/passage\/?search=Mateo+7%3A+21-27&amp;version=RVA\">Mateo 7: 21-27<\/a>.<\/p>\n<p><strong>\u201cPROBAD LOS ESP\u00cdRITUS SI SON DE DIOS\u201d.<\/strong><\/p>\n","protected":false},"excerpt":{"rendered":"<p>\u201cPROBAD LOS ESP\u00cdRITUS SI SON DE DIOS\u201d Para el a\u00f1o 100 d.C. en que Juan escribe la carta, la apostas\u00eda se ha introducido en la iglesia; en el gnosticismo, la filosof\u00eda griega se ha amalgamado con la doctrina de los ap\u00f3stoles; los cristianos jud\u00edos se encuentran desmotivados; Jerusal\u00e9n, la ciudad santa, ha sido destruida; el [&hellip;]<\/p>\n","protected":false},"author":1,"featured_media":0,"parent":0,"menu_order":0,"comment_status":"closed","ping_status":"closed","template":"","meta":{"_monsterinsights_skip_tracking":false,"_monsterinsights_sitenote_active":false,"_monsterinsights_sitenote_note":"","_monsterinsights_sitenote_category":0,"__cvm_playback_settings":[],"__cvm_video_id":"","footnotes":""},"class_list":["post-2241","page","type-page","status-publish","hentry"],"yoast_head":"<!-- This site is optimized with the Yoast SEO plugin v27.5 - https:\/\/yoast.com\/product\/yoast-seo-wordpress\/ -->\n<title>Probad los esp\u00edritus si son de Dios - Iglesia Smirna<\/title>\n<meta name=\"description\" content=\"Probad los esp\u00edritus si son de Dios. La Biblia anuncia que vendr\u00e1n muchos en nombre de Jes\u00fas. Este resumen nos ayuda a reconocer a los falsos maestros.\" \/>\n<meta name=\"robots\" content=\"index, follow, max-snippet:-1, max-image-preview:large, max-video-preview:-1\" \/>\n<link rel=\"canonical\" href=\"https:\/\/smirna.cl\/wordpress\/probad-los-espiritus-si-son-de-dios\/\" \/>\n<meta property=\"og:locale\" content=\"es_ES\" \/>\n<meta property=\"og:type\" content=\"article\" \/>\n<meta property=\"og:title\" content=\"Probad los esp\u00edritus si son de Dios - Iglesia Smirna\" \/>\n<meta property=\"og:description\" content=\"Probad los esp\u00edritus si son de Dios. La Biblia anuncia que vendr\u00e1n muchos en nombre de Jes\u00fas. Este resumen nos ayuda a reconocer a los falsos maestros.\" \/>\n<meta property=\"og:url\" content=\"https:\/\/smirna.cl\/wordpress\/probad-los-espiritus-si-son-de-dios\/\" \/>\n<meta property=\"og:site_name\" content=\"Iglesia Smirna\" \/>\n<meta property=\"article:publisher\" content=\"http:\/\/www.facebook.com\/iglesiasmirna\/\" \/>\n<meta property=\"article:modified_time\" content=\"2020-05-22T01:15:45+00:00\" \/>\n<meta property=\"og:image\" content=\"https:\/\/smirna.cl\/wordpress\/wp-content\/uploads\/2017\/11\/logo-1.jpg\" \/>\n\t<meta property=\"og:image:width\" content=\"65\" \/>\n\t<meta property=\"og:image:height\" content=\"72\" \/>\n\t<meta property=\"og:image:type\" content=\"image\/jpeg\" \/>\n<meta name=\"twitter:label1\" content=\"Tiempo de lectura\" \/>\n\t<meta name=\"twitter:data1\" content=\"4 minutos\" \/>\n<script type=\"application\/ld+json\" class=\"yoast-schema-graph\">{\"@context\":\"https:\\\/\\\/schema.org\",\"@graph\":[{\"@type\":\"WebPage\",\"@id\":\"https:\\\/\\\/smirna.cl\\\/wordpress\\\/probad-los-espiritus-si-son-de-dios\\\/\",\"url\":\"https:\\\/\\\/smirna.cl\\\/wordpress\\\/probad-los-espiritus-si-son-de-dios\\\/\",\"name\":\"Probad los esp\u00edritus si son de Dios - Iglesia Smirna\",\"isPartOf\":{\"@id\":\"https:\\\/\\\/smirna.cl\\\/wordpress\\\/#website\"},\"datePublished\":\"2020-05-22T00:05:26+00:00\",\"dateModified\":\"2020-05-22T01:15:45+00:00\",\"description\":\"Probad los esp\u00edritus si son de Dios. La Biblia anuncia que vendr\u00e1n muchos en nombre de Jes\u00fas. Este resumen nos ayuda a reconocer a los falsos maestros.\",\"breadcrumb\":{\"@id\":\"https:\\\/\\\/smirna.cl\\\/wordpress\\\/probad-los-espiritus-si-son-de-dios\\\/#breadcrumb\"},\"inLanguage\":\"es\",\"potentialAction\":[{\"@type\":\"ReadAction\",\"target\":[\"https:\\\/\\\/smirna.cl\\\/wordpress\\\/probad-los-espiritus-si-son-de-dios\\\/\"]}]},{\"@type\":\"BreadcrumbList\",\"@id\":\"https:\\\/\\\/smirna.cl\\\/wordpress\\\/probad-los-espiritus-si-son-de-dios\\\/#breadcrumb\",\"itemListElement\":[{\"@type\":\"ListItem\",\"position\":1,\"name\":\"Home\",\"item\":\"https:\\\/\\\/smirna.cl\\\/wordpress\\\/\"},{\"@type\":\"ListItem\",\"position\":2,\"name\":\"Probad los esp\u00edritus si son de Dios\"}]},{\"@type\":\"WebSite\",\"@id\":\"https:\\\/\\\/smirna.cl\\\/wordpress\\\/#website\",\"url\":\"https:\\\/\\\/smirna.cl\\\/wordpress\\\/\",\"name\":\"Iglesia Smirna\",\"description\":\"Iglesia Smirna\",\"publisher\":{\"@id\":\"https:\\\/\\\/smirna.cl\\\/wordpress\\\/#organization\"},\"potentialAction\":[{\"@type\":\"SearchAction\",\"target\":{\"@type\":\"EntryPoint\",\"urlTemplate\":\"https:\\\/\\\/smirna.cl\\\/wordpress\\\/?s={search_term_string}\"},\"query-input\":{\"@type\":\"PropertyValueSpecification\",\"valueRequired\":true,\"valueName\":\"search_term_string\"}}],\"inLanguage\":\"es\"},{\"@type\":\"Organization\",\"@id\":\"https:\\\/\\\/smirna.cl\\\/wordpress\\\/#organization\",\"name\":\"Iglesia Smirna\",\"url\":\"https:\\\/\\\/smirna.cl\\\/wordpress\\\/\",\"logo\":{\"@type\":\"ImageObject\",\"inLanguage\":\"es\",\"@id\":\"https:\\\/\\\/smirna.cl\\\/wordpress\\\/#\\\/schema\\\/logo\\\/image\\\/\",\"url\":\"http:\\\/\\\/smirna.cl\\\/wordpress\\\/wp-content\\\/uploads\\\/2017\\\/11\\\/logo-1.jpg\",\"contentUrl\":\"http:\\\/\\\/smirna.cl\\\/wordpress\\\/wp-content\\\/uploads\\\/2017\\\/11\\\/logo-1.jpg\",\"width\":65,\"height\":72,\"caption\":\"Iglesia Smirna\"},\"image\":{\"@id\":\"https:\\\/\\\/smirna.cl\\\/wordpress\\\/#\\\/schema\\\/logo\\\/image\\\/\"},\"sameAs\":[\"http:\\\/\\\/www.facebook.com\\\/iglesiasmirna\\\/\",\"https:\\\/\\\/www.youtube.com\\\/channel\\\/UCNLg72edfDxAGpMGOHgxXMA\"]}]}<\/script>\n<!-- \/ Yoast SEO plugin. -->","yoast_head_json":{"title":"Probad los esp\u00edritus si son de Dios - Iglesia Smirna","description":"Probad los esp\u00edritus si son de Dios. La Biblia anuncia que vendr\u00e1n muchos en nombre de Jes\u00fas. Este resumen nos ayuda a reconocer a los falsos maestros.","robots":{"index":"index","follow":"follow","max-snippet":"max-snippet:-1","max-image-preview":"max-image-preview:large","max-video-preview":"max-video-preview:-1"},"canonical":"https:\/\/smirna.cl\/wordpress\/probad-los-espiritus-si-son-de-dios\/","og_locale":"es_ES","og_type":"article","og_title":"Probad los esp\u00edritus si son de Dios - Iglesia Smirna","og_description":"Probad los esp\u00edritus si son de Dios. La Biblia anuncia que vendr\u00e1n muchos en nombre de Jes\u00fas. Este resumen nos ayuda a reconocer a los falsos maestros.","og_url":"https:\/\/smirna.cl\/wordpress\/probad-los-espiritus-si-son-de-dios\/","og_site_name":"Iglesia Smirna","article_publisher":"http:\/\/www.facebook.com\/iglesiasmirna\/","article_modified_time":"2020-05-22T01:15:45+00:00","og_image":[{"width":65,"height":72,"url":"https:\/\/smirna.cl\/wordpress\/wp-content\/uploads\/2017\/11\/logo-1.jpg","type":"image\/jpeg"}],"twitter_misc":{"Tiempo de lectura":"4 minutos"},"schema":{"@context":"https:\/\/schema.org","@graph":[{"@type":"WebPage","@id":"https:\/\/smirna.cl\/wordpress\/probad-los-espiritus-si-son-de-dios\/","url":"https:\/\/smirna.cl\/wordpress\/probad-los-espiritus-si-son-de-dios\/","name":"Probad los esp\u00edritus si son de Dios - Iglesia Smirna","isPartOf":{"@id":"https:\/\/smirna.cl\/wordpress\/#website"},"datePublished":"2020-05-22T00:05:26+00:00","dateModified":"2020-05-22T01:15:45+00:00","description":"Probad los esp\u00edritus si son de Dios. La Biblia anuncia que vendr\u00e1n muchos en nombre de Jes\u00fas. Este resumen nos ayuda a reconocer a los falsos maestros.","breadcrumb":{"@id":"https:\/\/smirna.cl\/wordpress\/probad-los-espiritus-si-son-de-dios\/#breadcrumb"},"inLanguage":"es","potentialAction":[{"@type":"ReadAction","target":["https:\/\/smirna.cl\/wordpress\/probad-los-espiritus-si-son-de-dios\/"]}]},{"@type":"BreadcrumbList","@id":"https:\/\/smirna.cl\/wordpress\/probad-los-espiritus-si-son-de-dios\/#breadcrumb","itemListElement":[{"@type":"ListItem","position":1,"name":"Home","item":"https:\/\/smirna.cl\/wordpress\/"},{"@type":"ListItem","position":2,"name":"Probad los esp\u00edritus si son de Dios"}]},{"@type":"WebSite","@id":"https:\/\/smirna.cl\/wordpress\/#website","url":"https:\/\/smirna.cl\/wordpress\/","name":"Iglesia Smirna","description":"Iglesia Smirna","publisher":{"@id":"https:\/\/smirna.cl\/wordpress\/#organization"},"potentialAction":[{"@type":"SearchAction","target":{"@type":"EntryPoint","urlTemplate":"https:\/\/smirna.cl\/wordpress\/?s={search_term_string}"},"query-input":{"@type":"PropertyValueSpecification","valueRequired":true,"valueName":"search_term_string"}}],"inLanguage":"es"},{"@type":"Organization","@id":"https:\/\/smirna.cl\/wordpress\/#organization","name":"Iglesia Smirna","url":"https:\/\/smirna.cl\/wordpress\/","logo":{"@type":"ImageObject","inLanguage":"es","@id":"https:\/\/smirna.cl\/wordpress\/#\/schema\/logo\/image\/","url":"http:\/\/smirna.cl\/wordpress\/wp-content\/uploads\/2017\/11\/logo-1.jpg","contentUrl":"http:\/\/smirna.cl\/wordpress\/wp-content\/uploads\/2017\/11\/logo-1.jpg","width":65,"height":72,"caption":"Iglesia Smirna"},"image":{"@id":"https:\/\/smirna.cl\/wordpress\/#\/schema\/logo\/image\/"},"sameAs":["http:\/\/www.facebook.com\/iglesiasmirna\/","https:\/\/www.youtube.com\/channel\/UCNLg72edfDxAGpMGOHgxXMA"]}]}},"_links":{"self":[{"href":"https:\/\/smirna.cl\/wordpress\/wp-json\/wp\/v2\/pages\/2241","targetHints":{"allow":["GET"]}}],"collection":[{"href":"https:\/\/smirna.cl\/wordpress\/wp-json\/wp\/v2\/pages"}],"about":[{"href":"https:\/\/smirna.cl\/wordpress\/wp-json\/wp\/v2\/types\/page"}],"author":[{"embeddable":true,"href":"https:\/\/smirna.cl\/wordpress\/wp-json\/wp\/v2\/users\/1"}],"replies":[{"embeddable":true,"href":"https:\/\/smirna.cl\/wordpress\/wp-json\/wp\/v2\/comments?post=2241"}],"version-history":[{"count":1,"href":"https:\/\/smirna.cl\/wordpress\/wp-json\/wp\/v2\/pages\/2241\/revisions"}],"predecessor-version":[{"id":2242,"href":"https:\/\/smirna.cl\/wordpress\/wp-json\/wp\/v2\/pages\/2241\/revisions\/2242"}],"wp:attachment":[{"href":"https:\/\/smirna.cl\/wordpress\/wp-json\/wp\/v2\/media?parent=2241"}],"curies":[{"name":"wp","href":"https:\/\/api.w.org\/{rel}","templated":true}]}}