{"id":2119,"date":"2020-05-06T23:05:25","date_gmt":"2020-05-07T03:05:25","guid":{"rendered":"http:\/\/smirna.cl\/wordpress\/?page_id=2119"},"modified":"2020-05-06T23:05:25","modified_gmt":"2020-05-07T03:05:25","slug":"el-plan-de-salvacion","status":"publish","type":"page","link":"https:\/\/smirna.cl\/wordpress\/el-plan-de-salvacion\/","title":{"rendered":"El plan de Salvaci\u00f3n"},"content":{"rendered":"<h2>EL PLAN DE SALVACION<\/h2>\n<p>Para ser salvo eternamente necesita usted saber estos 5 principios fundamentales.<\/p>\n<p>Puede usted no saber nada de la Biblia, ni de la teolog\u00eda; pero precisa que sepa lo siguiente:<\/p>\n<h3><\/h3>\n<h3>1.-DEBE SABER QUE ES USTED UN PECADOR ANTE LOS OJOS DE DIOS.<\/h3>\n<p>La Biblia dice: \u201c<em>No hay justo, ni aun uno\u201d (Romanos 3:10).<\/em><\/p>\n<p>Si es as\u00ed que no hay ning\u00fan justo, entonces usted no es justo ni bueno, sino que es un pecador.<\/p>\n<p><em>\u201cTodos nosotros nos descarriamos como ovejas, cada cual se apart\u00f3 por su camino\u201d (Isa\u00edas 53:6).<\/em><\/p>\n<p>\u201c<em>Todos<\/em>\u201d le incluye a usted. S\u00f3lo hay dos caminos: su propio camino y el camino de Dios.<\/p>\n<p>Si usted no est\u00e1 en el camino de Dios, entonces est\u00e1 en su propio camino.<\/p>\n<p>Se ha desviado, pues, y es pecador a la vista de Dios.<\/p>\n<h3><\/h3>\n<h3>2.-DEBE USTED SABER QUE CRISTO CARG\u00d3 CON SU PECADO.<\/h3>\n<p>La Biblia dice: <em>\u201cJehov\u00e1 carg\u00f3 en \u00e9l<\/em> [su siervo justo: Jesucristo] <em>el pecado de todos nosotros\u201d (Isa\u00edas 53:6)<\/em> .<\/p>\n<p>Dios tenia que juzgar el pecado de usted para poder ofrecerle la salvaci\u00f3n.<\/p>\n<p>Tenia que hacerse una expiaci\u00f3n [reparaci\u00f3n de las ofensas].Jesucristo hizo tal reparaci\u00f3n cuando llev\u00f3 los pecados de usted en su propio cuerpo en la cruz y muri\u00f3 en su lugar.<\/p>\n<h3><\/h3>\n<h3>3.-DEBE USTED SABER QUE NO PUEDE SALVARSE A SI MISMO.<\/h3>\n<p><em>\u201cPorque por gracia sois salvos por la fe; y esto no de vosotros, pues es don de Dios\u201d (Efesios 2:8).<\/em><\/p>\n<p>Dice la Biblia \u201c<em>No de vosotros\u201d<\/em>, pues nadie puede ser su propio salvador.<\/p>\n<p>El hecho de que Cristo muri\u00f3 en el Calvario por usted es prueba clara y definitiva de que no puede usted salvarse a s\u00ed mismo.<\/p>\n<h3><\/h3>\n<h3>4.-DEBE SABER QUE JESUCRISTO- Y SOLO \u00c9L-PUEDE SALVARLE.<\/h3>\n<p><em>\u201cLlamar\u00e1s su nombre Jes\u00fas, porque \u00e9l salvar\u00e1 a su pueblo de sus pecados \u201d (Mateo 1:21)<\/em> , prometi\u00f3 el \u00e1ngel que anunci\u00f3 el nacimiento de Jes\u00fas.<\/p>\n<p><em>\u201cEn ning\u00fan otro hay salvaci\u00f3n; porque no hay otro nombre debajo del cielo, dado a los hombres, en que podamos ser salvos\u201d (Hechos 4:12)<\/em><\/p>\n<p>\u201c<em>Yo soy el camino\u2026nadie viene al Padre, sino por m\u00ed\u201d dijo Jes\u00fas (Juan 14:6).<\/em><\/p>\n<p>La Biblia dice claramente, pues, que el Se\u00f1or Jesucristo, y s\u00f3lo \u00e9l, puede salvarle. Nadie m\u00e1s.<\/p>\n<h3><\/h3>\n<h3>5.-DEBE SABER QUE NECESITA RECIBIR A CRISTO COMO SU SALVADOR PERSONAL.<\/h3>\n<p>No importar\u00eda cu\u00e1nto alimento tuviera usted; ello no le salvar\u00eda de morirse de hambre si usted no lo come.<\/p>\n<p>Si se est\u00e1 muriendo de sed, debe beber el agua que se le ofrece. O si le pica una serpiente y se est\u00e1 muriendo del veneno, debe tomar el ant\u00eddoto.<\/p>\n<p><em>\u201cM\u00e1s a todos los que le recibieron, di\u00f3les potestad<\/em> [derecho] <em>de ser hechos hijos de Dios, a los que creen en su nombre \u201d (Juan 1:12).<\/em><\/p>\n<p>\u00bfC\u00f3mo puede usted ser hijo de Dios?<\/p>\n<p>Reciba al Se\u00f1or Jesucristo como su Salvador propio y personal.<\/p>\n<h3><\/h3>\n<h3>DEBE USTED HACER SU DECISION.<\/h3>\n<p>Ahora que sabe estas cinco cosas \u00bfQu\u00e9 har\u00e1 usted?<\/p>\n<p>Ahora mismo, \u00bfle invitar\u00e1 a Jesucristo en su coraz\u00f3n? \u00bfLe recibir\u00e1?<\/p>\n<p>&nbsp;<\/p>\n","protected":false},"excerpt":{"rendered":"<p>EL PLAN DE SALVACION Para ser salvo eternamente necesita usted saber estos 5 principios fundamentales. Puede usted no saber nada de la Biblia, ni de la teolog\u00eda; pero precisa que sepa lo siguiente: 1.-DEBE SABER QUE ES USTED UN PECADOR ANTE LOS OJOS DE DIOS. La Biblia dice: \u201cNo hay justo, ni aun uno\u201d (Romanos [&hellip;]<\/p>\n","protected":false},"author":1,"featured_media":0,"parent":0,"menu_order":0,"comment_status":"closed","ping_status":"closed","template":"","meta":{"_monsterinsights_skip_tracking":false,"_monsterinsights_sitenote_active":false,"_monsterinsights_sitenote_note":"","_monsterinsights_sitenote_category":0,"__cvm_playback_settings":[],"__cvm_video_id":"","footnotes":""},"class_list":["post-2119","page","type-page","status-publish","hentry"],"yoast_head":"<!-- This site is optimized with the Yoast SEO plugin v27.5 - https:\/\/yoast.com\/product\/yoast-seo-wordpress\/ -->\n<title>El plan de Salvaci\u00f3n - Iglesia Smirna<\/title>\n<meta name=\"description\" content=\"\u00bfC\u00f3mo puedo ser salvo? Respuesta sencilla para quien se da cuenta que necesita un salvador y siente la urgencia de reconciliarse con Dios.\" \/>\n<meta name=\"robots\" content=\"index, follow, max-snippet:-1, max-image-preview:large, max-video-preview:-1\" \/>\n<link rel=\"canonical\" href=\"https:\/\/smirna.cl\/wordpress\/el-plan-de-salvacion\/\" \/>\n<meta property=\"og:locale\" content=\"es_ES\" \/>\n<meta property=\"og:type\" content=\"article\" \/>\n<meta property=\"og:title\" content=\"El plan de Salvaci\u00f3n - Iglesia Smirna\" \/>\n<meta property=\"og:description\" content=\"\u00bfC\u00f3mo puedo ser salvo? Respuesta sencilla para quien se da cuenta que necesita un salvador y siente la urgencia de reconciliarse con Dios.\" \/>\n<meta property=\"og:url\" content=\"https:\/\/smirna.cl\/wordpress\/el-plan-de-salvacion\/\" \/>\n<meta property=\"og:site_name\" content=\"Iglesia Smirna\" \/>\n<meta property=\"article:publisher\" content=\"http:\/\/www.facebook.com\/iglesiasmirna\/\" \/>\n<meta property=\"og:image\" content=\"https:\/\/smirna.cl\/wordpress\/wp-content\/uploads\/2017\/11\/logo-1.jpg\" \/>\n\t<meta property=\"og:image:width\" content=\"65\" \/>\n\t<meta property=\"og:image:height\" content=\"72\" \/>\n\t<meta property=\"og:image:type\" content=\"image\/jpeg\" \/>\n<meta name=\"twitter:label1\" content=\"Tiempo de lectura\" \/>\n\t<meta name=\"twitter:data1\" content=\"3 minutos\" \/>\n<script type=\"application\/ld+json\" class=\"yoast-schema-graph\">{\"@context\":\"https:\\\/\\\/schema.org\",\"@graph\":[{\"@type\":\"WebPage\",\"@id\":\"https:\\\/\\\/smirna.cl\\\/wordpress\\\/el-plan-de-salvacion\\\/\",\"url\":\"https:\\\/\\\/smirna.cl\\\/wordpress\\\/el-plan-de-salvacion\\\/\",\"name\":\"El plan de Salvaci\u00f3n - Iglesia Smirna\",\"isPartOf\":{\"@id\":\"https:\\\/\\\/smirna.cl\\\/wordpress\\\/#website\"},\"datePublished\":\"2020-05-07T03:05:25+00:00\",\"description\":\"\u00bfC\u00f3mo puedo ser salvo? Respuesta sencilla para quien se da cuenta que necesita un salvador y siente la urgencia de reconciliarse con Dios.\",\"breadcrumb\":{\"@id\":\"https:\\\/\\\/smirna.cl\\\/wordpress\\\/el-plan-de-salvacion\\\/#breadcrumb\"},\"inLanguage\":\"es\",\"potentialAction\":[{\"@type\":\"ReadAction\",\"target\":[\"https:\\\/\\\/smirna.cl\\\/wordpress\\\/el-plan-de-salvacion\\\/\"]}]},{\"@type\":\"BreadcrumbList\",\"@id\":\"https:\\\/\\\/smirna.cl\\\/wordpress\\\/el-plan-de-salvacion\\\/#breadcrumb\",\"itemListElement\":[{\"@type\":\"ListItem\",\"position\":1,\"name\":\"Home\",\"item\":\"https:\\\/\\\/smirna.cl\\\/wordpress\\\/\"},{\"@type\":\"ListItem\",\"position\":2,\"name\":\"El plan de Salvaci\u00f3n\"}]},{\"@type\":\"WebSite\",\"@id\":\"https:\\\/\\\/smirna.cl\\\/wordpress\\\/#website\",\"url\":\"https:\\\/\\\/smirna.cl\\\/wordpress\\\/\",\"name\":\"Iglesia Smirna\",\"description\":\"Iglesia Smirna\",\"publisher\":{\"@id\":\"https:\\\/\\\/smirna.cl\\\/wordpress\\\/#organization\"},\"potentialAction\":[{\"@type\":\"SearchAction\",\"target\":{\"@type\":\"EntryPoint\",\"urlTemplate\":\"https:\\\/\\\/smirna.cl\\\/wordpress\\\/?s={search_term_string}\"},\"query-input\":{\"@type\":\"PropertyValueSpecification\",\"valueRequired\":true,\"valueName\":\"search_term_string\"}}],\"inLanguage\":\"es\"},{\"@type\":\"Organization\",\"@id\":\"https:\\\/\\\/smirna.cl\\\/wordpress\\\/#organization\",\"name\":\"Iglesia Smirna\",\"url\":\"https:\\\/\\\/smirna.cl\\\/wordpress\\\/\",\"logo\":{\"@type\":\"ImageObject\",\"inLanguage\":\"es\",\"@id\":\"https:\\\/\\\/smirna.cl\\\/wordpress\\\/#\\\/schema\\\/logo\\\/image\\\/\",\"url\":\"http:\\\/\\\/smirna.cl\\\/wordpress\\\/wp-content\\\/uploads\\\/2017\\\/11\\\/logo-1.jpg\",\"contentUrl\":\"http:\\\/\\\/smirna.cl\\\/wordpress\\\/wp-content\\\/uploads\\\/2017\\\/11\\\/logo-1.jpg\",\"width\":65,\"height\":72,\"caption\":\"Iglesia Smirna\"},\"image\":{\"@id\":\"https:\\\/\\\/smirna.cl\\\/wordpress\\\/#\\\/schema\\\/logo\\\/image\\\/\"},\"sameAs\":[\"http:\\\/\\\/www.facebook.com\\\/iglesiasmirna\\\/\",\"https:\\\/\\\/www.youtube.com\\\/channel\\\/UCNLg72edfDxAGpMGOHgxXMA\"]}]}<\/script>\n<!-- \/ Yoast SEO plugin. -->","yoast_head_json":{"title":"El plan de Salvaci\u00f3n - Iglesia Smirna","description":"\u00bfC\u00f3mo puedo ser salvo? Respuesta sencilla para quien se da cuenta que necesita un salvador y siente la urgencia de reconciliarse con Dios.","robots":{"index":"index","follow":"follow","max-snippet":"max-snippet:-1","max-image-preview":"max-image-preview:large","max-video-preview":"max-video-preview:-1"},"canonical":"https:\/\/smirna.cl\/wordpress\/el-plan-de-salvacion\/","og_locale":"es_ES","og_type":"article","og_title":"El plan de Salvaci\u00f3n - Iglesia Smirna","og_description":"\u00bfC\u00f3mo puedo ser salvo? Respuesta sencilla para quien se da cuenta que necesita un salvador y siente la urgencia de reconciliarse con Dios.","og_url":"https:\/\/smirna.cl\/wordpress\/el-plan-de-salvacion\/","og_site_name":"Iglesia Smirna","article_publisher":"http:\/\/www.facebook.com\/iglesiasmirna\/","og_image":[{"width":65,"height":72,"url":"https:\/\/smirna.cl\/wordpress\/wp-content\/uploads\/2017\/11\/logo-1.jpg","type":"image\/jpeg"}],"twitter_misc":{"Tiempo de lectura":"3 minutos"},"schema":{"@context":"https:\/\/schema.org","@graph":[{"@type":"WebPage","@id":"https:\/\/smirna.cl\/wordpress\/el-plan-de-salvacion\/","url":"https:\/\/smirna.cl\/wordpress\/el-plan-de-salvacion\/","name":"El plan de Salvaci\u00f3n - Iglesia Smirna","isPartOf":{"@id":"https:\/\/smirna.cl\/wordpress\/#website"},"datePublished":"2020-05-07T03:05:25+00:00","description":"\u00bfC\u00f3mo puedo ser salvo? Respuesta sencilla para quien se da cuenta que necesita un salvador y siente la urgencia de reconciliarse con Dios.","breadcrumb":{"@id":"https:\/\/smirna.cl\/wordpress\/el-plan-de-salvacion\/#breadcrumb"},"inLanguage":"es","potentialAction":[{"@type":"ReadAction","target":["https:\/\/smirna.cl\/wordpress\/el-plan-de-salvacion\/"]}]},{"@type":"BreadcrumbList","@id":"https:\/\/smirna.cl\/wordpress\/el-plan-de-salvacion\/#breadcrumb","itemListElement":[{"@type":"ListItem","position":1,"name":"Home","item":"https:\/\/smirna.cl\/wordpress\/"},{"@type":"ListItem","position":2,"name":"El plan de Salvaci\u00f3n"}]},{"@type":"WebSite","@id":"https:\/\/smirna.cl\/wordpress\/#website","url":"https:\/\/smirna.cl\/wordpress\/","name":"Iglesia Smirna","description":"Iglesia Smirna","publisher":{"@id":"https:\/\/smirna.cl\/wordpress\/#organization"},"potentialAction":[{"@type":"SearchAction","target":{"@type":"EntryPoint","urlTemplate":"https:\/\/smirna.cl\/wordpress\/?s={search_term_string}"},"query-input":{"@type":"PropertyValueSpecification","valueRequired":true,"valueName":"search_term_string"}}],"inLanguage":"es"},{"@type":"Organization","@id":"https:\/\/smirna.cl\/wordpress\/#organization","name":"Iglesia Smirna","url":"https:\/\/smirna.cl\/wordpress\/","logo":{"@type":"ImageObject","inLanguage":"es","@id":"https:\/\/smirna.cl\/wordpress\/#\/schema\/logo\/image\/","url":"http:\/\/smirna.cl\/wordpress\/wp-content\/uploads\/2017\/11\/logo-1.jpg","contentUrl":"http:\/\/smirna.cl\/wordpress\/wp-content\/uploads\/2017\/11\/logo-1.jpg","width":65,"height":72,"caption":"Iglesia Smirna"},"image":{"@id":"https:\/\/smirna.cl\/wordpress\/#\/schema\/logo\/image\/"},"sameAs":["http:\/\/www.facebook.com\/iglesiasmirna\/","https:\/\/www.youtube.com\/channel\/UCNLg72edfDxAGpMGOHgxXMA"]}]}},"_links":{"self":[{"href":"https:\/\/smirna.cl\/wordpress\/wp-json\/wp\/v2\/pages\/2119","targetHints":{"allow":["GET"]}}],"collection":[{"href":"https:\/\/smirna.cl\/wordpress\/wp-json\/wp\/v2\/pages"}],"about":[{"href":"https:\/\/smirna.cl\/wordpress\/wp-json\/wp\/v2\/types\/page"}],"author":[{"embeddable":true,"href":"https:\/\/smirna.cl\/wordpress\/wp-json\/wp\/v2\/users\/1"}],"replies":[{"embeddable":true,"href":"https:\/\/smirna.cl\/wordpress\/wp-json\/wp\/v2\/comments?post=2119"}],"version-history":[{"count":1,"href":"https:\/\/smirna.cl\/wordpress\/wp-json\/wp\/v2\/pages\/2119\/revisions"}],"predecessor-version":[{"id":2120,"href":"https:\/\/smirna.cl\/wordpress\/wp-json\/wp\/v2\/pages\/2119\/revisions\/2120"}],"wp:attachment":[{"href":"https:\/\/smirna.cl\/wordpress\/wp-json\/wp\/v2\/media?parent=2119"}],"curies":[{"name":"wp","href":"https:\/\/api.w.org\/{rel}","templated":true}]}}