{"id":1838,"date":"2020-04-22T23:27:18","date_gmt":"2020-04-23T03:27:18","guid":{"rendered":"http:\/\/smirna.cl\/wordpress\/?page_id=1838"},"modified":"2020-04-25T12:52:12","modified_gmt":"2020-04-25T16:52:12","slug":"biblias-adulteradas-o-falsificadas","status":"publish","type":"page","link":"https:\/\/smirna.cl\/wordpress\/biblias-adulteradas-o-falsificadas\/","title":{"rendered":"Biblias adulteradas o falsificadas"},"content":{"rendered":"<h3>Biblias Adulteradas o Falsificadas<\/h3>\n<h4>Las Sociedades B\u00edblicas<\/h4>\n<p>Las sociedades B\u00edblicas fueron fundadas debido a la visi\u00f3n de un Pastor, que qued\u00f3 muy impresionado al darse cuenta que la gente pobre de su \u00e9poca, dif\u00edcilmente pod\u00eda comprar una Biblia, por lo costosa que eran.<\/p>\n<p>Interes\u00f3 a gente piadosa y as\u00ed surgi\u00f3 La Sociedad B\u00edblica Brit\u00e1nica y Extranjera con el prop\u00f3sito de imprimir Biblias fieles a bajo costo, a comienzos del siglo XIX. Desde entonces esa sociedad y otras afines que se fueron fundando, han realizado una labor inmensa cuyo alcance no se puede medir en el tiempo, pero se apreciar\u00e1 bien en la eternidad. Debido a esta labor no solo se ha traducido la Biblia mas que cualquier otro libro y se la ha impreso en grandes cantidades, sino que se ha hecho posible venderla a precio tan bajo que queda al alcance de todo el mundo.<\/p>\n<p>Sin embargo, tristemente, el diablo sabedor del tremendo impacto que la lectura de la Biblia en contra su reino de las tinieblas, empez\u00f3 a infiltrar con sus agentes estas sociedades casi desde un comienzo.<\/p>\n<p>Ya hacia 1830 un grupo se separ\u00f3 de la Sociedad B\u00edblica Brit\u00e1nica y Extranjera, para formar la Sociedad B\u00edblica Trinitaria, debido a que se hab\u00edan infiltrado \u201cunitarios \u201c (que niegan la Trinidad. Esta Sociedad permanece fiel hasta hoy, pero los que se negaron a separarse de los agentes infiltrados por Satan\u00e1s, en su seno se fueron corrompiendo cada vez mas, hasta llegar a una completa apostas\u00eda en nuestros d\u00edas.<\/p>\n<p>Las Sociedades han ca\u00eddo totalmente en manos del ecumenismo y ya ni siquiera lo niegan. Al contrario con orgullo hablan continuamente de sus relaciones y trabajos ecum\u00e9nicos.<\/p>\n<p>De esa apostas\u00eda han salido las versiones adulteradas o falsificadas de la Biblia en castellano, lo que se ha repetido en todos los idiomas.<\/p>\n<h4>Versiones adulteradas de la Biblias<\/h4>\n<p>En Latinoam\u00e9rica apareci\u00f3 por all\u00e1 por 1950 la llamada versi\u00f3n biling\u00fce, en ingles y castellano, que era la versi\u00f3n revisada Standard, en ingles, una traducci\u00f3n blasfema que ataca una y otra vez la Divinidad, entre otras adulteraciones . La reacci\u00f3n de los latinoamericanos, todav\u00eda muy apegados a la Biblia y sus doctrinas fundamentales en ese tiempo fue tan contraria, que las sociedades B\u00edblicas se vieron obligadas a retirarlas de la circulaci\u00f3n, hoy no se le encuentra sino solo como curiosidad.<\/p>\n<p>Pero aprendieron la lecci\u00f3n y en 1960 publicaron la revisi\u00f3n de la Versi\u00f3n Reina Valera, que usan ahora casi todos los evang\u00e9licos. La primera edici\u00f3n de esta revisi\u00f3n ven\u00eda acompa\u00f1ada de un folleto explicativo que muestra, claramente la mala fe que hab\u00eda detr\u00e1s de ella.<\/p>\n<p>Dec\u00eda este folleto que la revisi\u00f3n se hab\u00eda hecho solo para modernizar el lenguaje, pero no se hab\u00eda hecho ninguna interpretaci\u00f3n. Triste es decirlo, pero esto era simplemente mentira, pues la revisi\u00f3n de 1960 hizonumerosos cambios de interpretaci\u00f3n y no de mero lenguaje.<\/p>\n<h4>Algunos ejemplos:<\/h4>\n<p>Veamos solo un ejemplo de los muchos que pueden darse.<\/p>\n<p>Si usted tiene ah\u00ed una Biblia Reina Valera, revisi\u00f3n 1960, Tesalonicenses cap. 4 vers. 4 \u201cque cada uno de vosotros sepa tener su propia esposa en santidad y honor\u2026.\u201d<\/p>\n<p>En el original no dice \u201cesposa\u201d, sino \u201cvaso\u201d como se encuentra el la Reina Valera antigua o de 1909. Esto es claramente una interpretaci\u00f3n y las Sociedades B\u00edblicas dijeron que no hab\u00edan hecho interpretaciones.<\/p>\n<p>Adem\u00e1s se hicieron miles de cambios injustificados de palabras de uso com\u00fan por otras tambi\u00e9n de uso com\u00fan e incluso se da el caso que en un mismo pasaje cambiaban en un vers\u00edculo una palabra por otra y luego un par de vers\u00edculos mas adelante cambian esas dos palabras al rev\u00e9s .<\/p>\n<p>Un ejemplo de esta clase es el de Juan 3:15 y 17 (donde se ha hecho un cambio sin justificaci\u00f3n en el capitulo mas conocido de toda la Biblia) :<\/p>\n<p>La versi\u00f3n antigua (1909) dice : \u201cPara que todo aquel que en \u00e9l creyere, no se pierda, sino que tenga vida eterna\u2026.Porque no envi\u00f3 Dios a su hijo al mundo para que condene al mundo, mas para que el mundo sea salvo por \u00e9l\u201d<\/p>\n<p>La revisi\u00f3n de 1960 cambia las palabras exactamente al rev\u00e9s: en el vers\u00edculo 15 cambia \u201csino\u201d de la revisi\u00f3n 1909 por \u201cmas\u201d y en el versiculo 17 cambia \u201cmas\u201d por \u201csino\u201d.<\/p>\n<p>Lo menos que se puede decir es que la revisi\u00f3n de 1960 fue hecha con descuido y liviandad.<\/p>\n<h4>Adulteraciones que podr\u00e1 verificar en su propia Biblia<\/h4>\n<p>Sin embargo, lo verdaderamente malo, y muy malo de la Revisi\u00f3n de 1960, es la adulteraci\u00f3n de pasajes que se relacionan con doctrinas importantes, y a veces b\u00e1sicas de nuestra fe.<\/p>\n<p>1\u00ba.- <strong>G\u00e9nesis 1:14<\/strong><\/p>\n<p>La Revisi\u00f3n 1960 dice: \u201cDijo luego Dios: Haya lumbreras en la expansi\u00f3n de los cielos para separar el d\u00eda de la noche; y sirvan de se\u00f1ales para las estaciones, para d\u00edas y a\u00f1os\u201d.<\/p>\n<p>Los revisores se han arrogado e derecho de enmendarle la plana al Esp\u00edritu Santo que inspir\u00f3 el pasaje original. Seg\u00fan ellos las lumbreras tienen dos objetivos: separar el d\u00eda de la noche y se\u00f1alar la estaciones, d\u00edas y a\u00f1os (las lumbreras son por supuesto el sol y la luna)<\/p>\n<p>El original esta correctamente traducido en la Versi\u00f3n Reina Valera antigua (o de 1909): \u201cY dijo Dios sean lumbreras en la expansi\u00f3n de los cielos para apartar el d\u00eda y la noche y sean por se\u00f1ales y para las estaciones y para d\u00edas y a\u00f1os\u201d.<\/p>\n<p>El Esp\u00edritu Santo dice que las lumbreras tienen tres objetivos: separar el d\u00eda de la noche, servir de se\u00f1ales y se\u00f1alar las estaciones, d\u00edas y a\u00f1os.<\/p>\n<p>Los revisores modernos eliminaron el hecho que Dios creo el sol y la luna tambi\u00e9n para servir de se\u00f1al de grandes acontecimientos prof\u00e9ticos.<\/p>\n<p>Ve\u00e1moslo en Apocalipsis 6:12b \u201cy el sol se puso negro como un saco de silicio y la luna se puso toda como sangre\u201d<\/p>\n<p>Esto es el cumplimiento de lo profetizado por Joel en cap. 2:31 \u201cel sol se tornar\u00e1 en tinieblas y la luna en sangre antes que venga el d\u00eda grade y espantoso de Jehov\u00e1\u201d y tambi\u00e9n por el Se\u00f1or en Mateo cap. 24:29\u00aa \u201dY luego despu\u00e9s de la aflicci\u00f3n de aquellos d\u00edas el sol se obscurecer\u00e1 y la luna no dar\u00e1 su lumbre&#8230;\u201d<br \/>\nNo es poca cosa que los revisores corrijan al Esp\u00edritu Santo, eliminando el prop\u00f3sito de servir de \u201cse\u00f1ales\u201d el sol y la luna.<\/p>\n<p>2\u00ba <strong>Zacar\u00edas cap 6: 12 y 13.<\/strong><\/p>\n<p>El original correctamente traducido por la revisi\u00f3n Reina Valera de 1909 dice:\u201d He aqu\u00ed el var\u00f3n cuyo nombre es Pimpollo, el cual germinar\u00e1 de su lugar y edificar\u00e1 el Templo de Jehov\u00e1. El edificar\u00e1 el Templo de Jehov\u00e1 y \u00c9l llevar\u00e1 gloria y se sentar\u00e1 y dominar\u00e1 en su trono y ser\u00e1 sacerdote en su solio y consejo de paz ser\u00e1 entre ambos a dos\u201d<\/p>\n<p>Como el pasaje habla de una sola persona y habla de ella como rey y sacerdote, pero luego dice que habr\u00e1 consejo de paz entre \u201clos dos\u201d el celebre modernista Wellhausen (o liberal como se le llamaba en el siglo XIX) corrigi\u00f3 por su cuenta y riesgo el pasaje no basado en alg\u00fan manuscrito nuevo y mejor que se hubiera encontrado o en alguna clase de evidencia B\u00edblica, sino simplemente su propio criterio que, por lo visto, estimaba mejor que la sabidur\u00eda del Esp\u00edritu Santo que inspir\u00f3 el pasaje del original.<\/p>\n<p>La \u201ccorrecci\u00f3n\u201d de Wellhausen aparece en todas las numerosas Biblias adulteradas o falsificadas que se publican tan profusamente. La revisi\u00f3n de 1960 la incluye as\u00ed:\u201d&#8230;He aqu\u00ed el var\u00f3n cuyo nombre es Renuevo, el cual brotar\u00e1 de sus ra\u00edces y edificar\u00e1 el templo de Jehov\u00e1. El llevar\u00e1 la gloria y se sentar\u00e1 y dominar\u00e1 en su trono y habr\u00e1 sacerdote a su lado; y consejo de paz habr\u00e1 entre ambos\u201d.<\/p>\n<p>Noten ustedes que ya no se trata de una persona que es Rey y Sacerdote sino de dos personas: uno es Rey y el otro es Sacerdote y ambos est\u00e1n plenamente de acuerdo. Todos los evang\u00e9licos creemos que ese Pimpollo o Renuevo es el Se\u00f1or Jesucristo( de lo cual hay suficiente prueba b\u00edblica).<\/p>\n<p>Pero \u00bfQue necesidad tiene Jesucristo de tener \u201csacerdote a su lado\u201d? ninguna. \u00c9l es todo suficiente como Rey, Sacerdote y Profeta. Los revisores sin embargo le han puesto un sacerdote al lado, lo que sin duda esta muy en l\u00ednea con el ecumenismo que acepta cada vez mas una uni\u00f3n de las iglesia cristianas bajo el Papa.<\/p>\n<p>El hecho de que el original diga que habr\u00e1 consejo de paz entre el rey y el sacerdote no significa que se trata de dos personas, sino de una sola persona nuestro Se\u00f1or Jesucristo quien cumple los dos oficios. No puede ser mayor el acuerdo, entre estos dos oficios, puesto que los desempe\u00f1a la misma persona.<\/p>\n<p>&nbsp;<\/p>\n<p>Si necesita mas informaci\u00f3n por favor escriba a:<br \/>\niglesia@smirna.cl<\/p>\n","protected":false},"excerpt":{"rendered":"<p>Biblias Adulteradas o Falsificadas Las Sociedades B\u00edblicas Las sociedades B\u00edblicas fueron fundadas debido a la visi\u00f3n de un Pastor, que qued\u00f3 muy impresionado al darse cuenta que la gente pobre de su \u00e9poca, dif\u00edcilmente pod\u00eda comprar una Biblia, por lo costosa que eran. Interes\u00f3 a gente piadosa y as\u00ed surgi\u00f3 La Sociedad B\u00edblica Brit\u00e1nica y [&hellip;]<\/p>\n","protected":false},"author":1,"featured_media":0,"parent":0,"menu_order":0,"comment_status":"closed","ping_status":"closed","template":"","meta":{"_monsterinsights_skip_tracking":false,"_monsterinsights_sitenote_active":false,"_monsterinsights_sitenote_note":"","_monsterinsights_sitenote_category":0,"__cvm_playback_settings":[],"__cvm_video_id":"","footnotes":""},"class_list":["post-1838","page","type-page","status-publish","hentry"],"yoast_head":"<!-- This site is optimized with the Yoast SEO plugin v27.5 - https:\/\/yoast.com\/product\/yoast-seo-wordpress\/ -->\n<title>Biblias adulteradas o falsificadas - Iglesia Smirna<\/title>\n<meta name=\"description\" content=\"Las sociedades b\u00edblicas y el surgimiento de las Biblias adulteradas. Un breve resumen de los hechos m\u00e1s importantes y algunas muestras de lo expuesto\" \/>\n<meta name=\"robots\" content=\"index, follow, max-snippet:-1, max-image-preview:large, max-video-preview:-1\" \/>\n<link rel=\"canonical\" href=\"https:\/\/smirna.cl\/wordpress\/biblias-adulteradas-o-falsificadas\/\" \/>\n<meta property=\"og:locale\" content=\"es_ES\" \/>\n<meta property=\"og:type\" content=\"article\" \/>\n<meta property=\"og:title\" content=\"Biblias adulteradas o falsificadas - Iglesia Smirna\" \/>\n<meta property=\"og:description\" content=\"Las sociedades b\u00edblicas y el surgimiento de las Biblias adulteradas. Un breve resumen de los hechos m\u00e1s importantes y algunas muestras de lo expuesto\" \/>\n<meta property=\"og:url\" content=\"https:\/\/smirna.cl\/wordpress\/biblias-adulteradas-o-falsificadas\/\" \/>\n<meta property=\"og:site_name\" content=\"Iglesia Smirna\" \/>\n<meta property=\"article:publisher\" content=\"http:\/\/www.facebook.com\/iglesiasmirna\/\" \/>\n<meta property=\"article:modified_time\" content=\"2020-04-25T16:52:12+00:00\" \/>\n<meta property=\"og:image\" content=\"https:\/\/smirna.cl\/wordpress\/wp-content\/uploads\/2017\/11\/logo-1.jpg\" \/>\n\t<meta property=\"og:image:width\" content=\"65\" \/>\n\t<meta property=\"og:image:height\" content=\"72\" \/>\n\t<meta property=\"og:image:type\" content=\"image\/jpeg\" \/>\n<meta name=\"twitter:label1\" content=\"Tiempo de lectura\" \/>\n\t<meta name=\"twitter:data1\" content=\"8 minutos\" \/>\n<script type=\"application\/ld+json\" class=\"yoast-schema-graph\">{\"@context\":\"https:\\\/\\\/schema.org\",\"@graph\":[{\"@type\":\"WebPage\",\"@id\":\"https:\\\/\\\/smirna.cl\\\/wordpress\\\/biblias-adulteradas-o-falsificadas\\\/\",\"url\":\"https:\\\/\\\/smirna.cl\\\/wordpress\\\/biblias-adulteradas-o-falsificadas\\\/\",\"name\":\"Biblias adulteradas o falsificadas - Iglesia Smirna\",\"isPartOf\":{\"@id\":\"https:\\\/\\\/smirna.cl\\\/wordpress\\\/#website\"},\"datePublished\":\"2020-04-23T03:27:18+00:00\",\"dateModified\":\"2020-04-25T16:52:12+00:00\",\"description\":\"Las sociedades b\u00edblicas y el surgimiento de las Biblias adulteradas. Un breve resumen de los hechos m\u00e1s importantes y algunas muestras de lo expuesto\",\"breadcrumb\":{\"@id\":\"https:\\\/\\\/smirna.cl\\\/wordpress\\\/biblias-adulteradas-o-falsificadas\\\/#breadcrumb\"},\"inLanguage\":\"es\",\"potentialAction\":[{\"@type\":\"ReadAction\",\"target\":[\"https:\\\/\\\/smirna.cl\\\/wordpress\\\/biblias-adulteradas-o-falsificadas\\\/\"]}]},{\"@type\":\"BreadcrumbList\",\"@id\":\"https:\\\/\\\/smirna.cl\\\/wordpress\\\/biblias-adulteradas-o-falsificadas\\\/#breadcrumb\",\"itemListElement\":[{\"@type\":\"ListItem\",\"position\":1,\"name\":\"Home\",\"item\":\"https:\\\/\\\/smirna.cl\\\/wordpress\\\/\"},{\"@type\":\"ListItem\",\"position\":2,\"name\":\"Biblias adulteradas o falsificadas\"}]},{\"@type\":\"WebSite\",\"@id\":\"https:\\\/\\\/smirna.cl\\\/wordpress\\\/#website\",\"url\":\"https:\\\/\\\/smirna.cl\\\/wordpress\\\/\",\"name\":\"Iglesia Smirna\",\"description\":\"Iglesia Smirna\",\"publisher\":{\"@id\":\"https:\\\/\\\/smirna.cl\\\/wordpress\\\/#organization\"},\"potentialAction\":[{\"@type\":\"SearchAction\",\"target\":{\"@type\":\"EntryPoint\",\"urlTemplate\":\"https:\\\/\\\/smirna.cl\\\/wordpress\\\/?s={search_term_string}\"},\"query-input\":{\"@type\":\"PropertyValueSpecification\",\"valueRequired\":true,\"valueName\":\"search_term_string\"}}],\"inLanguage\":\"es\"},{\"@type\":\"Organization\",\"@id\":\"https:\\\/\\\/smirna.cl\\\/wordpress\\\/#organization\",\"name\":\"Iglesia Smirna\",\"url\":\"https:\\\/\\\/smirna.cl\\\/wordpress\\\/\",\"logo\":{\"@type\":\"ImageObject\",\"inLanguage\":\"es\",\"@id\":\"https:\\\/\\\/smirna.cl\\\/wordpress\\\/#\\\/schema\\\/logo\\\/image\\\/\",\"url\":\"http:\\\/\\\/smirna.cl\\\/wordpress\\\/wp-content\\\/uploads\\\/2017\\\/11\\\/logo-1.jpg\",\"contentUrl\":\"http:\\\/\\\/smirna.cl\\\/wordpress\\\/wp-content\\\/uploads\\\/2017\\\/11\\\/logo-1.jpg\",\"width\":65,\"height\":72,\"caption\":\"Iglesia Smirna\"},\"image\":{\"@id\":\"https:\\\/\\\/smirna.cl\\\/wordpress\\\/#\\\/schema\\\/logo\\\/image\\\/\"},\"sameAs\":[\"http:\\\/\\\/www.facebook.com\\\/iglesiasmirna\\\/\",\"https:\\\/\\\/www.youtube.com\\\/channel\\\/UCNLg72edfDxAGpMGOHgxXMA\"]}]}<\/script>\n<!-- \/ Yoast SEO plugin. -->","yoast_head_json":{"title":"Biblias adulteradas o falsificadas - Iglesia Smirna","description":"Las sociedades b\u00edblicas y el surgimiento de las Biblias adulteradas. Un breve resumen de los hechos m\u00e1s importantes y algunas muestras de lo expuesto","robots":{"index":"index","follow":"follow","max-snippet":"max-snippet:-1","max-image-preview":"max-image-preview:large","max-video-preview":"max-video-preview:-1"},"canonical":"https:\/\/smirna.cl\/wordpress\/biblias-adulteradas-o-falsificadas\/","og_locale":"es_ES","og_type":"article","og_title":"Biblias adulteradas o falsificadas - Iglesia Smirna","og_description":"Las sociedades b\u00edblicas y el surgimiento de las Biblias adulteradas. Un breve resumen de los hechos m\u00e1s importantes y algunas muestras de lo expuesto","og_url":"https:\/\/smirna.cl\/wordpress\/biblias-adulteradas-o-falsificadas\/","og_site_name":"Iglesia Smirna","article_publisher":"http:\/\/www.facebook.com\/iglesiasmirna\/","article_modified_time":"2020-04-25T16:52:12+00:00","og_image":[{"width":65,"height":72,"url":"https:\/\/smirna.cl\/wordpress\/wp-content\/uploads\/2017\/11\/logo-1.jpg","type":"image\/jpeg"}],"twitter_misc":{"Tiempo de lectura":"8 minutos"},"schema":{"@context":"https:\/\/schema.org","@graph":[{"@type":"WebPage","@id":"https:\/\/smirna.cl\/wordpress\/biblias-adulteradas-o-falsificadas\/","url":"https:\/\/smirna.cl\/wordpress\/biblias-adulteradas-o-falsificadas\/","name":"Biblias adulteradas o falsificadas - Iglesia Smirna","isPartOf":{"@id":"https:\/\/smirna.cl\/wordpress\/#website"},"datePublished":"2020-04-23T03:27:18+00:00","dateModified":"2020-04-25T16:52:12+00:00","description":"Las sociedades b\u00edblicas y el surgimiento de las Biblias adulteradas. Un breve resumen de los hechos m\u00e1s importantes y algunas muestras de lo expuesto","breadcrumb":{"@id":"https:\/\/smirna.cl\/wordpress\/biblias-adulteradas-o-falsificadas\/#breadcrumb"},"inLanguage":"es","potentialAction":[{"@type":"ReadAction","target":["https:\/\/smirna.cl\/wordpress\/biblias-adulteradas-o-falsificadas\/"]}]},{"@type":"BreadcrumbList","@id":"https:\/\/smirna.cl\/wordpress\/biblias-adulteradas-o-falsificadas\/#breadcrumb","itemListElement":[{"@type":"ListItem","position":1,"name":"Home","item":"https:\/\/smirna.cl\/wordpress\/"},{"@type":"ListItem","position":2,"name":"Biblias adulteradas o falsificadas"}]},{"@type":"WebSite","@id":"https:\/\/smirna.cl\/wordpress\/#website","url":"https:\/\/smirna.cl\/wordpress\/","name":"Iglesia Smirna","description":"Iglesia Smirna","publisher":{"@id":"https:\/\/smirna.cl\/wordpress\/#organization"},"potentialAction":[{"@type":"SearchAction","target":{"@type":"EntryPoint","urlTemplate":"https:\/\/smirna.cl\/wordpress\/?s={search_term_string}"},"query-input":{"@type":"PropertyValueSpecification","valueRequired":true,"valueName":"search_term_string"}}],"inLanguage":"es"},{"@type":"Organization","@id":"https:\/\/smirna.cl\/wordpress\/#organization","name":"Iglesia Smirna","url":"https:\/\/smirna.cl\/wordpress\/","logo":{"@type":"ImageObject","inLanguage":"es","@id":"https:\/\/smirna.cl\/wordpress\/#\/schema\/logo\/image\/","url":"http:\/\/smirna.cl\/wordpress\/wp-content\/uploads\/2017\/11\/logo-1.jpg","contentUrl":"http:\/\/smirna.cl\/wordpress\/wp-content\/uploads\/2017\/11\/logo-1.jpg","width":65,"height":72,"caption":"Iglesia Smirna"},"image":{"@id":"https:\/\/smirna.cl\/wordpress\/#\/schema\/logo\/image\/"},"sameAs":["http:\/\/www.facebook.com\/iglesiasmirna\/","https:\/\/www.youtube.com\/channel\/UCNLg72edfDxAGpMGOHgxXMA"]}]}},"_links":{"self":[{"href":"https:\/\/smirna.cl\/wordpress\/wp-json\/wp\/v2\/pages\/1838","targetHints":{"allow":["GET"]}}],"collection":[{"href":"https:\/\/smirna.cl\/wordpress\/wp-json\/wp\/v2\/pages"}],"about":[{"href":"https:\/\/smirna.cl\/wordpress\/wp-json\/wp\/v2\/types\/page"}],"author":[{"embeddable":true,"href":"https:\/\/smirna.cl\/wordpress\/wp-json\/wp\/v2\/users\/1"}],"replies":[{"embeddable":true,"href":"https:\/\/smirna.cl\/wordpress\/wp-json\/wp\/v2\/comments?post=1838"}],"version-history":[{"count":1,"href":"https:\/\/smirna.cl\/wordpress\/wp-json\/wp\/v2\/pages\/1838\/revisions"}],"predecessor-version":[{"id":1839,"href":"https:\/\/smirna.cl\/wordpress\/wp-json\/wp\/v2\/pages\/1838\/revisions\/1839"}],"wp:attachment":[{"href":"https:\/\/smirna.cl\/wordpress\/wp-json\/wp\/v2\/media?parent=1838"}],"curies":[{"name":"wp","href":"https:\/\/api.w.org\/{rel}","templated":true}]}}