{"id":146,"date":"2017-11-22T04:02:03","date_gmt":"2017-11-22T04:02:03","guid":{"rendered":"http:\/\/smirna.cl\/wordpress\/?page_id=146"},"modified":"2023-09-25T22:09:28","modified_gmt":"2023-09-26T01:09:28","slug":"en-que-creemos","status":"publish","type":"page","link":"https:\/\/smirna.cl\/wordpress\/en-que-creemos\/","title":{"rendered":"En qu\u00e9 creemos"},"content":{"rendered":"<p>Las doctrinas fundamentales que cree todo cristiano genuino:<\/p>\n<ol>\n<li>La inspiraci\u00f3n divina, plenaria y verbal, de las Sagradas Escrituras en sus originales; su consecuente inerrabilidad e infalibilidad y, como Palabra de Dios su autoridad \u00fanica y final para la fe y la conducta.<\/li>\n<li>El Dios Trino: Padre, Hijo y Esp\u00edritu Santo.<\/li>\n<li>La deidad eterna, esencial y absoluta, as\u00ed como la real, propia e inmaculada humanidad de nuestro Se\u00f1or Jesucristo.<\/li>\n<li>Su nacimiento de Maria virgen<\/li>\n<li>Su muerte expiatoria y substitucional, puesto que \u201cdio su vida en rescate por muchos\u201d<\/li>\n<li>Su resurrecci\u00f3n de entre los muertos con el mismo cuerpo con que fue crucificado y su segunda venida, con poder y gran gloria.<\/li>\n<li>La depravaci\u00f3n total del hombre, debido a la ca\u00edda.<\/li>\n<li>La salvaci\u00f3n como resultado de la regeneraci\u00f3n por el Esp\u00edritu Santo y la Palabra de Dios; no por obras, sino por gracia, por medio de la fe; y<\/li>\n<li>La eterna felicidad de los salvos y el sufrimiento eterno de los perdidos.<\/li>\n<li>La unidad espiritual verdadera en Cristo de todos los redimidos por su preciosa sangre, a causa del Esp\u00edritu Santo que vive en ellos.<\/li>\n<li>La necesidad de mantener, conforme a la palabra de Dios, la pureza de la Iglesia en doctrina y conducta.<\/li>\n<li>Creemos tambi\u00e9n que el Credo de los ap\u00f3stoles es, principalmente una afirmaci\u00f3n de la verdad b\u00edblica.<\/li>\n<\/ol>\n<div><\/div>\n<div>Como fundamentalistas b\u00edblicos rechazamos toda acci\u00f3n violenta y terrorista y creemos que es tarea esencial de la Iglesia:<\/div>\n<ol>\n<li>Evangelizar<\/li>\n<li>Edificar la fe de los creyentes; y<\/li>\n<li>Defender la fe activa y militantemente y mantenerse separada de los que profesan ser cristianos, pero no son fieles a la Palabra de Dios, y de toda forma de apostas\u00eda.<\/li>\n<\/ol>\n<div><\/div>\n<div>Adem\u00e1s como presbiterianos, creemos en:<\/div>\n<ol>\n<li>La soberana elecci\u00f3n de gracia desde la eternidad de los redimidos y en su predestinaci\u00f3n para la salvaci\u00f3n;<\/li>\n<li>La recepci\u00f3n voluntaria del evangelio por parte de los elegidos, debido a que Dios inclina su voluntad, sin forzarla, para que lo haga;<\/li>\n<li>Que solo Dios es Se\u00f1or de la conciencia, por lo cual la ha hecho libre de toda doctrina o mandamiento de hombre, pero completamente sometida a la Palabra de Dios.<\/li>\n<\/ol>\n<div><\/div>\n<div>Que una parte mayor de la Iglesia debe gobernar a una parte menor y resolver toda controversia de doctrina o conducta que se produzca en la parte menor.<\/div>\n<div><\/div>\n","protected":false},"excerpt":{"rendered":"<p>Las doctrinas fundamentales que cree todo cristiano genuino: La inspiraci\u00f3n divina, plenaria y verbal, de las Sagradas Escrituras en sus originales; su consecuente inerrabilidad e infalibilidad y, como Palabra de Dios su autoridad \u00fanica y final para la fe y la conducta. El Dios Trino: Padre, Hijo y Esp\u00edritu Santo. La deidad eterna, esencial y [&hellip;]<\/p>\n","protected":false},"author":1,"featured_media":0,"parent":0,"menu_order":0,"comment_status":"closed","ping_status":"closed","template":"","meta":{"_monsterinsights_skip_tracking":false,"_monsterinsights_sitenote_active":false,"_monsterinsights_sitenote_note":"","_monsterinsights_sitenote_category":0,"__cvm_playback_settings":[],"__cvm_video_id":"","footnotes":""},"class_list":["post-146","page","type-page","status-publish","hentry"],"yoast_head":"<!-- This site is optimized with the Yoast SEO plugin v27.5 - https:\/\/yoast.com\/product\/yoast-seo-wordpress\/ -->\n<title>En qu\u00e9 creemos - Iglesia Smirna<\/title>\n<meta name=\"description\" content=\"\u00bfEn qu\u00e9 creemos en Iglesia Smirna? \u00bfCu\u00e1les son nuestras bases doctrinales y que nos distinguen de otras congregaciones?\" \/>\n<meta name=\"robots\" content=\"index, follow, max-snippet:-1, max-image-preview:large, max-video-preview:-1\" \/>\n<link rel=\"canonical\" href=\"https:\/\/smirna.cl\/wordpress\/en-que-creemos\/\" \/>\n<meta property=\"og:locale\" content=\"es_ES\" \/>\n<meta property=\"og:type\" content=\"article\" \/>\n<meta property=\"og:title\" content=\"En qu\u00e9 creemos - Iglesia Smirna\" \/>\n<meta property=\"og:description\" content=\"\u00bfEn qu\u00e9 creemos en Iglesia Smirna? \u00bfCu\u00e1les son nuestras bases doctrinales y que nos distinguen de otras congregaciones?\" \/>\n<meta property=\"og:url\" content=\"https:\/\/smirna.cl\/wordpress\/en-que-creemos\/\" \/>\n<meta property=\"og:site_name\" content=\"Iglesia Smirna\" \/>\n<meta property=\"article:publisher\" content=\"http:\/\/www.facebook.com\/iglesiasmirna\/\" \/>\n<meta property=\"article:modified_time\" content=\"2023-09-26T01:09:28+00:00\" \/>\n<meta property=\"og:image\" content=\"https:\/\/smirna.cl\/wordpress\/wp-content\/uploads\/2017\/11\/logo-1.jpg\" \/>\n\t<meta property=\"og:image:width\" content=\"65\" \/>\n\t<meta property=\"og:image:height\" content=\"72\" \/>\n\t<meta property=\"og:image:type\" content=\"image\/jpeg\" \/>\n<meta name=\"twitter:label1\" content=\"Tiempo de lectura\" \/>\n\t<meta name=\"twitter:data1\" content=\"2 minutos\" \/>\n<script type=\"application\/ld+json\" class=\"yoast-schema-graph\">{\"@context\":\"https:\\\/\\\/schema.org\",\"@graph\":[{\"@type\":\"WebPage\",\"@id\":\"https:\\\/\\\/smirna.cl\\\/wordpress\\\/en-que-creemos\\\/\",\"url\":\"https:\\\/\\\/smirna.cl\\\/wordpress\\\/en-que-creemos\\\/\",\"name\":\"En qu\u00e9 creemos - Iglesia Smirna\",\"isPartOf\":{\"@id\":\"https:\\\/\\\/smirna.cl\\\/wordpress\\\/#website\"},\"datePublished\":\"2017-11-22T04:02:03+00:00\",\"dateModified\":\"2023-09-26T01:09:28+00:00\",\"description\":\"\u00bfEn qu\u00e9 creemos en Iglesia Smirna? \u00bfCu\u00e1les son nuestras bases doctrinales y que nos distinguen de otras congregaciones?\",\"breadcrumb\":{\"@id\":\"https:\\\/\\\/smirna.cl\\\/wordpress\\\/en-que-creemos\\\/#breadcrumb\"},\"inLanguage\":\"es\",\"potentialAction\":[{\"@type\":\"ReadAction\",\"target\":[\"https:\\\/\\\/smirna.cl\\\/wordpress\\\/en-que-creemos\\\/\"]}]},{\"@type\":\"BreadcrumbList\",\"@id\":\"https:\\\/\\\/smirna.cl\\\/wordpress\\\/en-que-creemos\\\/#breadcrumb\",\"itemListElement\":[{\"@type\":\"ListItem\",\"position\":1,\"name\":\"Home\",\"item\":\"https:\\\/\\\/smirna.cl\\\/wordpress\\\/\"},{\"@type\":\"ListItem\",\"position\":2,\"name\":\"En qu\u00e9 creemos\"}]},{\"@type\":\"WebSite\",\"@id\":\"https:\\\/\\\/smirna.cl\\\/wordpress\\\/#website\",\"url\":\"https:\\\/\\\/smirna.cl\\\/wordpress\\\/\",\"name\":\"Iglesia Smirna\",\"description\":\"Iglesia Smirna\",\"publisher\":{\"@id\":\"https:\\\/\\\/smirna.cl\\\/wordpress\\\/#organization\"},\"potentialAction\":[{\"@type\":\"SearchAction\",\"target\":{\"@type\":\"EntryPoint\",\"urlTemplate\":\"https:\\\/\\\/smirna.cl\\\/wordpress\\\/?s={search_term_string}\"},\"query-input\":{\"@type\":\"PropertyValueSpecification\",\"valueRequired\":true,\"valueName\":\"search_term_string\"}}],\"inLanguage\":\"es\"},{\"@type\":\"Organization\",\"@id\":\"https:\\\/\\\/smirna.cl\\\/wordpress\\\/#organization\",\"name\":\"Iglesia Smirna\",\"url\":\"https:\\\/\\\/smirna.cl\\\/wordpress\\\/\",\"logo\":{\"@type\":\"ImageObject\",\"inLanguage\":\"es\",\"@id\":\"https:\\\/\\\/smirna.cl\\\/wordpress\\\/#\\\/schema\\\/logo\\\/image\\\/\",\"url\":\"http:\\\/\\\/smirna.cl\\\/wordpress\\\/wp-content\\\/uploads\\\/2017\\\/11\\\/logo-1.jpg\",\"contentUrl\":\"http:\\\/\\\/smirna.cl\\\/wordpress\\\/wp-content\\\/uploads\\\/2017\\\/11\\\/logo-1.jpg\",\"width\":65,\"height\":72,\"caption\":\"Iglesia Smirna\"},\"image\":{\"@id\":\"https:\\\/\\\/smirna.cl\\\/wordpress\\\/#\\\/schema\\\/logo\\\/image\\\/\"},\"sameAs\":[\"http:\\\/\\\/www.facebook.com\\\/iglesiasmirna\\\/\",\"https:\\\/\\\/www.youtube.com\\\/channel\\\/UCNLg72edfDxAGpMGOHgxXMA\"]}]}<\/script>\n<!-- \/ Yoast SEO plugin. -->","yoast_head_json":{"title":"En qu\u00e9 creemos - Iglesia Smirna","description":"\u00bfEn qu\u00e9 creemos en Iglesia Smirna? \u00bfCu\u00e1les son nuestras bases doctrinales y que nos distinguen de otras congregaciones?","robots":{"index":"index","follow":"follow","max-snippet":"max-snippet:-1","max-image-preview":"max-image-preview:large","max-video-preview":"max-video-preview:-1"},"canonical":"https:\/\/smirna.cl\/wordpress\/en-que-creemos\/","og_locale":"es_ES","og_type":"article","og_title":"En qu\u00e9 creemos - Iglesia Smirna","og_description":"\u00bfEn qu\u00e9 creemos en Iglesia Smirna? \u00bfCu\u00e1les son nuestras bases doctrinales y que nos distinguen de otras congregaciones?","og_url":"https:\/\/smirna.cl\/wordpress\/en-que-creemos\/","og_site_name":"Iglesia Smirna","article_publisher":"http:\/\/www.facebook.com\/iglesiasmirna\/","article_modified_time":"2023-09-26T01:09:28+00:00","og_image":[{"width":65,"height":72,"url":"https:\/\/smirna.cl\/wordpress\/wp-content\/uploads\/2017\/11\/logo-1.jpg","type":"image\/jpeg"}],"twitter_misc":{"Tiempo de lectura":"2 minutos"},"schema":{"@context":"https:\/\/schema.org","@graph":[{"@type":"WebPage","@id":"https:\/\/smirna.cl\/wordpress\/en-que-creemos\/","url":"https:\/\/smirna.cl\/wordpress\/en-que-creemos\/","name":"En qu\u00e9 creemos - Iglesia Smirna","isPartOf":{"@id":"https:\/\/smirna.cl\/wordpress\/#website"},"datePublished":"2017-11-22T04:02:03+00:00","dateModified":"2023-09-26T01:09:28+00:00","description":"\u00bfEn qu\u00e9 creemos en Iglesia Smirna? \u00bfCu\u00e1les son nuestras bases doctrinales y que nos distinguen de otras congregaciones?","breadcrumb":{"@id":"https:\/\/smirna.cl\/wordpress\/en-que-creemos\/#breadcrumb"},"inLanguage":"es","potentialAction":[{"@type":"ReadAction","target":["https:\/\/smirna.cl\/wordpress\/en-que-creemos\/"]}]},{"@type":"BreadcrumbList","@id":"https:\/\/smirna.cl\/wordpress\/en-que-creemos\/#breadcrumb","itemListElement":[{"@type":"ListItem","position":1,"name":"Home","item":"https:\/\/smirna.cl\/wordpress\/"},{"@type":"ListItem","position":2,"name":"En qu\u00e9 creemos"}]},{"@type":"WebSite","@id":"https:\/\/smirna.cl\/wordpress\/#website","url":"https:\/\/smirna.cl\/wordpress\/","name":"Iglesia Smirna","description":"Iglesia Smirna","publisher":{"@id":"https:\/\/smirna.cl\/wordpress\/#organization"},"potentialAction":[{"@type":"SearchAction","target":{"@type":"EntryPoint","urlTemplate":"https:\/\/smirna.cl\/wordpress\/?s={search_term_string}"},"query-input":{"@type":"PropertyValueSpecification","valueRequired":true,"valueName":"search_term_string"}}],"inLanguage":"es"},{"@type":"Organization","@id":"https:\/\/smirna.cl\/wordpress\/#organization","name":"Iglesia Smirna","url":"https:\/\/smirna.cl\/wordpress\/","logo":{"@type":"ImageObject","inLanguage":"es","@id":"https:\/\/smirna.cl\/wordpress\/#\/schema\/logo\/image\/","url":"http:\/\/smirna.cl\/wordpress\/wp-content\/uploads\/2017\/11\/logo-1.jpg","contentUrl":"http:\/\/smirna.cl\/wordpress\/wp-content\/uploads\/2017\/11\/logo-1.jpg","width":65,"height":72,"caption":"Iglesia Smirna"},"image":{"@id":"https:\/\/smirna.cl\/wordpress\/#\/schema\/logo\/image\/"},"sameAs":["http:\/\/www.facebook.com\/iglesiasmirna\/","https:\/\/www.youtube.com\/channel\/UCNLg72edfDxAGpMGOHgxXMA"]}]}},"_links":{"self":[{"href":"https:\/\/smirna.cl\/wordpress\/wp-json\/wp\/v2\/pages\/146","targetHints":{"allow":["GET"]}}],"collection":[{"href":"https:\/\/smirna.cl\/wordpress\/wp-json\/wp\/v2\/pages"}],"about":[{"href":"https:\/\/smirna.cl\/wordpress\/wp-json\/wp\/v2\/types\/page"}],"author":[{"embeddable":true,"href":"https:\/\/smirna.cl\/wordpress\/wp-json\/wp\/v2\/users\/1"}],"replies":[{"embeddable":true,"href":"https:\/\/smirna.cl\/wordpress\/wp-json\/wp\/v2\/comments?post=146"}],"version-history":[{"count":3,"href":"https:\/\/smirna.cl\/wordpress\/wp-json\/wp\/v2\/pages\/146\/revisions"}],"predecessor-version":[{"id":3232,"href":"https:\/\/smirna.cl\/wordpress\/wp-json\/wp\/v2\/pages\/146\/revisions\/3232"}],"wp:attachment":[{"href":"https:\/\/smirna.cl\/wordpress\/wp-json\/wp\/v2\/media?parent=146"}],"curies":[{"name":"wp","href":"https:\/\/api.w.org\/{rel}","templated":true}]}}