{"id":1427,"date":"2020-03-17T20:13:04","date_gmt":"2020-03-17T23:13:04","guid":{"rendered":"http:\/\/smirna.cl\/wordpress\/?page_id=1427"},"modified":"2020-03-17T21:25:02","modified_gmt":"2020-03-18T00:25:02","slug":"declaracion-de-fe-concilio-internacional-de-iglesias-cristianas","status":"publish","type":"page","link":"https:\/\/smirna.cl\/wordpress\/declaracion-de-fe-concilio-internacional-de-iglesias-cristianas\/","title":{"rendered":"Declaraci\u00f3n de Fe del Concilio Internacional de Iglesias Cristianas"},"content":{"rendered":"<p>&nbsp;<\/p>\n<p>Entre\u00a0 otras\u00a0 verdades\u00a0 igualmente\u00a0 b\u00edblicas,\u00a0 creemos\u00a0 y\u00a0 sostenemos las siguientes:<\/p>\n<p>&nbsp;<\/p>\n<p>1. La inspiraci\u00f3n divina, plenaria y verbal de la Sagradas Escrituras en los idiomas originales; su consecuente inerrabilidad e infalibilidad, y, como Palabra de Dios, su autoridad \u00fanica y final en la fe y en la vida;<\/p>\n<p>2. El Dios Trino: Padre, Hijo y Esp\u00edritu Santo;<\/p>\n<p>3. La deidad eterna, esencial y absoluta, as\u00ed como la real, propia e inmaculada humanidad de nuestro Se\u00f1or Jesucristo;<\/p>\n<p>4. Su nacimiento de Mar\u00eda, virgen;<\/p>\n<p>5. Su muerte expiatoria y substitucional, puesto que \u201cdio su vida en rescate por muchos\u201d;<\/p>\n<p>6. Su resurrecci\u00f3n de entre los muertos con el mismo cuerpo con que fue crucificado, y la segunda venida de este mismo Jes\u00fas, con poder y grande gloria;<\/p>\n<p>7. La salvaci\u00f3n como resultado de la regeneraci\u00f3n por el Esp\u00edritu Santo y la Palabra de Dios; no por obras, sino por gracia, por medio de la fe;<\/p>\n<p>8. La eterna felicidad de los salvos y el sufrimiento eterno de los perdidos;<\/p>\n<p>9. La unidad espiritual verdadera en Cristo de todos los redimidos por su preciosa sangre;<\/p>\n<p>10. La necesidad de mantener, conforme a la Palabra de Dios, la pureza de la iglesia en doctrina y vida.<\/p>\n<p>&nbsp;<\/p>\n<p>Y como aceptamos tambi\u00e9n el Credo de los Ap\u00f3stoles como afirmaci\u00f3n de la verdad b\u00edblica, lo incorporamos, por tanto, a estos art\u00edculos de fe.<\/p>\n<p>&nbsp;<\/p>\n<p>Ver m\u00e1s:<\/p>\n<p><strong><a href=\"http:\/\/smirna.cl\/wordpress\/el-credo-de-los-apostoles\/\">&#8211; El Credo de los Ap\u00f3stoles<\/a> <\/strong><\/p>\n<p><strong><a href=\"http:\/\/smirna.cl\/wordpress\/el-catecismo-menor-de-la-asamblea-de-westminster\/\">&#8211; El Catecismo Menor de la Asamblea de Westminster<\/a><\/strong><\/p>\n","protected":false},"excerpt":{"rendered":"<p>&nbsp; Entre\u00a0 otras\u00a0 verdades\u00a0 igualmente\u00a0 b\u00edblicas,\u00a0 creemos\u00a0 y\u00a0 sostenemos las siguientes: &nbsp; 1. La inspiraci\u00f3n divina, plenaria y verbal de la Sagradas Escrituras en los idiomas originales; su consecuente inerrabilidad e infalibilidad, y, como Palabra de Dios, su autoridad \u00fanica y final en la fe y en la vida; 2. El Dios Trino: Padre, Hijo [&hellip;]<\/p>\n","protected":false},"author":1,"featured_media":0,"parent":0,"menu_order":0,"comment_status":"closed","ping_status":"closed","template":"","meta":{"_monsterinsights_skip_tracking":false,"_monsterinsights_sitenote_active":false,"_monsterinsights_sitenote_note":"","_monsterinsights_sitenote_category":0,"__cvm_playback_settings":[],"__cvm_video_id":"","footnotes":""},"class_list":["post-1427","page","type-page","status-publish","hentry"],"yoast_head":"<!-- This site is optimized with the Yoast SEO plugin v27.3 - https:\/\/yoast.com\/product\/yoast-seo-wordpress\/ -->\n<title>Declaraci\u00f3n de Fe del Concilio Internacional de Iglesias Cristianas - Iglesia Smirna<\/title>\n<meta name=\"description\" content=\"La declaraci\u00f3n de Fe del Concilio Internacional de Iglesias Cristianas\" \/>\n<meta name=\"robots\" content=\"index, follow, max-snippet:-1, max-image-preview:large, max-video-preview:-1\" \/>\n<link rel=\"canonical\" href=\"https:\/\/smirna.cl\/wordpress\/declaracion-de-fe-concilio-internacional-de-iglesias-cristianas\/\" \/>\n<meta property=\"og:locale\" content=\"es_ES\" \/>\n<meta property=\"og:type\" content=\"article\" \/>\n<meta property=\"og:title\" content=\"Declaraci\u00f3n de Fe del Concilio Internacional de Iglesias Cristianas - Iglesia Smirna\" \/>\n<meta property=\"og:description\" content=\"La declaraci\u00f3n de Fe del Concilio Internacional de Iglesias Cristianas\" \/>\n<meta property=\"og:url\" content=\"https:\/\/smirna.cl\/wordpress\/declaracion-de-fe-concilio-internacional-de-iglesias-cristianas\/\" \/>\n<meta property=\"og:site_name\" content=\"Iglesia Smirna\" \/>\n<meta property=\"article:publisher\" content=\"http:\/\/www.facebook.com\/iglesiasmirna\/\" \/>\n<meta property=\"article:modified_time\" content=\"2020-03-18T00:25:02+00:00\" \/>\n<meta property=\"og:image\" content=\"https:\/\/smirna.cl\/wordpress\/wp-content\/uploads\/2017\/11\/logo-1.jpg\" \/>\n\t<meta property=\"og:image:width\" content=\"65\" \/>\n\t<meta property=\"og:image:height\" content=\"72\" \/>\n\t<meta property=\"og:image:type\" content=\"image\/jpeg\" \/>\n<meta name=\"twitter:label1\" content=\"Tiempo de lectura\" \/>\n\t<meta name=\"twitter:data1\" content=\"1 minuto\" \/>\n<script type=\"application\/ld+json\" class=\"yoast-schema-graph\">{\"@context\":\"https:\\\/\\\/schema.org\",\"@graph\":[{\"@type\":\"WebPage\",\"@id\":\"https:\\\/\\\/smirna.cl\\\/wordpress\\\/declaracion-de-fe-concilio-internacional-de-iglesias-cristianas\\\/\",\"url\":\"https:\\\/\\\/smirna.cl\\\/wordpress\\\/declaracion-de-fe-concilio-internacional-de-iglesias-cristianas\\\/\",\"name\":\"Declaraci\u00f3n de Fe del Concilio Internacional de Iglesias Cristianas - Iglesia Smirna\",\"isPartOf\":{\"@id\":\"https:\\\/\\\/smirna.cl\\\/wordpress\\\/#website\"},\"datePublished\":\"2020-03-17T23:13:04+00:00\",\"dateModified\":\"2020-03-18T00:25:02+00:00\",\"description\":\"La declaraci\u00f3n de Fe del Concilio Internacional de Iglesias Cristianas\",\"breadcrumb\":{\"@id\":\"https:\\\/\\\/smirna.cl\\\/wordpress\\\/declaracion-de-fe-concilio-internacional-de-iglesias-cristianas\\\/#breadcrumb\"},\"inLanguage\":\"es\",\"potentialAction\":[{\"@type\":\"ReadAction\",\"target\":[\"https:\\\/\\\/smirna.cl\\\/wordpress\\\/declaracion-de-fe-concilio-internacional-de-iglesias-cristianas\\\/\"]}]},{\"@type\":\"BreadcrumbList\",\"@id\":\"https:\\\/\\\/smirna.cl\\\/wordpress\\\/declaracion-de-fe-concilio-internacional-de-iglesias-cristianas\\\/#breadcrumb\",\"itemListElement\":[{\"@type\":\"ListItem\",\"position\":1,\"name\":\"Home\",\"item\":\"https:\\\/\\\/smirna.cl\\\/wordpress\\\/\"},{\"@type\":\"ListItem\",\"position\":2,\"name\":\"Declaraci\u00f3n de Fe del Concilio Internacional de Iglesias Cristianas\"}]},{\"@type\":\"WebSite\",\"@id\":\"https:\\\/\\\/smirna.cl\\\/wordpress\\\/#website\",\"url\":\"https:\\\/\\\/smirna.cl\\\/wordpress\\\/\",\"name\":\"Iglesia Smirna\",\"description\":\"Iglesia Smirna\",\"publisher\":{\"@id\":\"https:\\\/\\\/smirna.cl\\\/wordpress\\\/#organization\"},\"potentialAction\":[{\"@type\":\"SearchAction\",\"target\":{\"@type\":\"EntryPoint\",\"urlTemplate\":\"https:\\\/\\\/smirna.cl\\\/wordpress\\\/?s={search_term_string}\"},\"query-input\":{\"@type\":\"PropertyValueSpecification\",\"valueRequired\":true,\"valueName\":\"search_term_string\"}}],\"inLanguage\":\"es\"},{\"@type\":\"Organization\",\"@id\":\"https:\\\/\\\/smirna.cl\\\/wordpress\\\/#organization\",\"name\":\"Iglesia Smirna\",\"url\":\"https:\\\/\\\/smirna.cl\\\/wordpress\\\/\",\"logo\":{\"@type\":\"ImageObject\",\"inLanguage\":\"es\",\"@id\":\"https:\\\/\\\/smirna.cl\\\/wordpress\\\/#\\\/schema\\\/logo\\\/image\\\/\",\"url\":\"http:\\\/\\\/smirna.cl\\\/wordpress\\\/wp-content\\\/uploads\\\/2017\\\/11\\\/logo-1.jpg\",\"contentUrl\":\"http:\\\/\\\/smirna.cl\\\/wordpress\\\/wp-content\\\/uploads\\\/2017\\\/11\\\/logo-1.jpg\",\"width\":65,\"height\":72,\"caption\":\"Iglesia Smirna\"},\"image\":{\"@id\":\"https:\\\/\\\/smirna.cl\\\/wordpress\\\/#\\\/schema\\\/logo\\\/image\\\/\"},\"sameAs\":[\"http:\\\/\\\/www.facebook.com\\\/iglesiasmirna\\\/\",\"https:\\\/\\\/www.youtube.com\\\/channel\\\/UCNLg72edfDxAGpMGOHgxXMA\"]}]}<\/script>\n<!-- \/ Yoast SEO plugin. -->","yoast_head_json":{"title":"Declaraci\u00f3n de Fe del Concilio Internacional de Iglesias Cristianas - Iglesia Smirna","description":"La declaraci\u00f3n de Fe del Concilio Internacional de Iglesias Cristianas","robots":{"index":"index","follow":"follow","max-snippet":"max-snippet:-1","max-image-preview":"max-image-preview:large","max-video-preview":"max-video-preview:-1"},"canonical":"https:\/\/smirna.cl\/wordpress\/declaracion-de-fe-concilio-internacional-de-iglesias-cristianas\/","og_locale":"es_ES","og_type":"article","og_title":"Declaraci\u00f3n de Fe del Concilio Internacional de Iglesias Cristianas - Iglesia Smirna","og_description":"La declaraci\u00f3n de Fe del Concilio Internacional de Iglesias Cristianas","og_url":"https:\/\/smirna.cl\/wordpress\/declaracion-de-fe-concilio-internacional-de-iglesias-cristianas\/","og_site_name":"Iglesia Smirna","article_publisher":"http:\/\/www.facebook.com\/iglesiasmirna\/","article_modified_time":"2020-03-18T00:25:02+00:00","og_image":[{"width":65,"height":72,"url":"https:\/\/smirna.cl\/wordpress\/wp-content\/uploads\/2017\/11\/logo-1.jpg","type":"image\/jpeg"}],"twitter_misc":{"Tiempo de lectura":"1 minuto"},"schema":{"@context":"https:\/\/schema.org","@graph":[{"@type":"WebPage","@id":"https:\/\/smirna.cl\/wordpress\/declaracion-de-fe-concilio-internacional-de-iglesias-cristianas\/","url":"https:\/\/smirna.cl\/wordpress\/declaracion-de-fe-concilio-internacional-de-iglesias-cristianas\/","name":"Declaraci\u00f3n de Fe del Concilio Internacional de Iglesias Cristianas - Iglesia Smirna","isPartOf":{"@id":"https:\/\/smirna.cl\/wordpress\/#website"},"datePublished":"2020-03-17T23:13:04+00:00","dateModified":"2020-03-18T00:25:02+00:00","description":"La declaraci\u00f3n de Fe del Concilio Internacional de Iglesias Cristianas","breadcrumb":{"@id":"https:\/\/smirna.cl\/wordpress\/declaracion-de-fe-concilio-internacional-de-iglesias-cristianas\/#breadcrumb"},"inLanguage":"es","potentialAction":[{"@type":"ReadAction","target":["https:\/\/smirna.cl\/wordpress\/declaracion-de-fe-concilio-internacional-de-iglesias-cristianas\/"]}]},{"@type":"BreadcrumbList","@id":"https:\/\/smirna.cl\/wordpress\/declaracion-de-fe-concilio-internacional-de-iglesias-cristianas\/#breadcrumb","itemListElement":[{"@type":"ListItem","position":1,"name":"Home","item":"https:\/\/smirna.cl\/wordpress\/"},{"@type":"ListItem","position":2,"name":"Declaraci\u00f3n de Fe del Concilio Internacional de Iglesias Cristianas"}]},{"@type":"WebSite","@id":"https:\/\/smirna.cl\/wordpress\/#website","url":"https:\/\/smirna.cl\/wordpress\/","name":"Iglesia Smirna","description":"Iglesia Smirna","publisher":{"@id":"https:\/\/smirna.cl\/wordpress\/#organization"},"potentialAction":[{"@type":"SearchAction","target":{"@type":"EntryPoint","urlTemplate":"https:\/\/smirna.cl\/wordpress\/?s={search_term_string}"},"query-input":{"@type":"PropertyValueSpecification","valueRequired":true,"valueName":"search_term_string"}}],"inLanguage":"es"},{"@type":"Organization","@id":"https:\/\/smirna.cl\/wordpress\/#organization","name":"Iglesia Smirna","url":"https:\/\/smirna.cl\/wordpress\/","logo":{"@type":"ImageObject","inLanguage":"es","@id":"https:\/\/smirna.cl\/wordpress\/#\/schema\/logo\/image\/","url":"http:\/\/smirna.cl\/wordpress\/wp-content\/uploads\/2017\/11\/logo-1.jpg","contentUrl":"http:\/\/smirna.cl\/wordpress\/wp-content\/uploads\/2017\/11\/logo-1.jpg","width":65,"height":72,"caption":"Iglesia Smirna"},"image":{"@id":"https:\/\/smirna.cl\/wordpress\/#\/schema\/logo\/image\/"},"sameAs":["http:\/\/www.facebook.com\/iglesiasmirna\/","https:\/\/www.youtube.com\/channel\/UCNLg72edfDxAGpMGOHgxXMA"]}]}},"_links":{"self":[{"href":"https:\/\/smirna.cl\/wordpress\/wp-json\/wp\/v2\/pages\/1427","targetHints":{"allow":["GET"]}}],"collection":[{"href":"https:\/\/smirna.cl\/wordpress\/wp-json\/wp\/v2\/pages"}],"about":[{"href":"https:\/\/smirna.cl\/wordpress\/wp-json\/wp\/v2\/types\/page"}],"author":[{"embeddable":true,"href":"https:\/\/smirna.cl\/wordpress\/wp-json\/wp\/v2\/users\/1"}],"replies":[{"embeddable":true,"href":"https:\/\/smirna.cl\/wordpress\/wp-json\/wp\/v2\/comments?post=1427"}],"version-history":[{"count":0,"href":"https:\/\/smirna.cl\/wordpress\/wp-json\/wp\/v2\/pages\/1427\/revisions"}],"wp:attachment":[{"href":"https:\/\/smirna.cl\/wordpress\/wp-json\/wp\/v2\/media?parent=1427"}],"curies":[{"name":"wp","href":"https:\/\/api.w.org\/{rel}","templated":true}]}}