{"id":137,"date":"2017-11-22T03:51:44","date_gmt":"2017-11-22T03:51:44","guid":{"rendered":"http:\/\/smirna.cl\/wordpress\/?page_id=137"},"modified":"2019-06-06T10:04:31","modified_gmt":"2019-06-06T14:04:31","slug":"resena-historica","status":"publish","type":"page","link":"https:\/\/smirna.cl\/wordpress\/resena-historica\/","title":{"rendered":"Rese\u00f1a Hist\u00f3rica"},"content":{"rendered":"<p><em>La Iglesia Presbiteriana lleg\u00f3 a Chile a mediados del siglo XIX.<\/em><\/p>\n<p><em>Se extendi\u00f3 r\u00e1pidamente, pero el liberalismo teol\u00f3gico o modernismo hizo que decreciera.<\/em><\/p>\n<p><em>Por eso surgi\u00f3 en 1942 un grupo que procur\u00f3 avivar la Iglesia y volverla a la fidelidad estricta a la palabra de Dios. Se llam\u00f3: Grupo de Acci\u00f3n Evang\u00e9lica (G.A.E).<\/em><\/p>\n<p><em>Rechazado por el presbiterio de Chile, se constituy\u00f3 en la Iglesia Presbiteriana Nacional (IPN), en 1944. Esta Iglesia fue fundada para defender activamente la fe, conforme al mandato del Se\u00f1or en Judas 3.<\/em><\/p>\n<p><em>Junto con grupos similares de todo el mundo, form\u00f3 en 1948 el Concilio Internacional de Iglesias Cristianas (CIIC), para oponerse y combatir al Consejo Mundial de Iglesias (CMI) y su ecumenismo ap\u00f3stata.<\/em><\/p>\n<p><em>Muy pronto llegaron misioneros que no simpatizaban con el CIIC, lo que condujo que en 1960 la IPN se separara del CIIC. Los fundadores del GAE y de la IPN declararon que no pod\u00edan acatar tal acuerdo, ya que desconoc\u00eda la raz\u00f3n misma de ser de la IPN.<\/em><\/p>\n<p><em>En Santiago empez\u00f3 a reunirse un grupo en el hogar del reverendo Baudilio Saavedra, fundador del GAE y de la IPN, en la avenida La Paz. Luego se trasladaron a Macul. Despu\u00e9s el grupo fue acogido en la primera Iglesia Metodista Independiente, donde celebraba sus cultos en la tarde. El reverendo Irwin Steele pastoreaba este grupo.<\/em><\/p>\n<p><em>Debido al terremoto de 1960 el CIIC envi\u00f3 gran cantidad de ayuda, la que fue almacenada y distribuida desde una bodega en calle San Pablo. All\u00ed continu\u00f3 reuni\u00e9ndose el grupo fundamentalista.<\/em><\/p>\n<p><em>Fue entonces cuando se arrend\u00f3 una casa en la esquina sur oriente de Cruchaga Montt con Compa\u00f1\u00eda, en la comuna de Quinta Normal. All\u00ed fue organizado el grupo como Iglesia Smirna, nombre adoptado por causa de los sufrimientos que rodearon su gestaci\u00f3n, el 25 de junio de 1961, con 23 miembros.<\/em><\/p>\n<p><em> Su primer pastor fue el reverendo Irwin Steele y su primer anciano gobernante el ahora reverendo Nadir Carre\u00f1o.<\/em><\/p>\n<p><em>De los miembros fundadores permanecen a\u00fan, en junio de 2018, los hermanos Nelson Arriagada, Doris Cerda y Nadir Carre\u00f1o.<\/em><\/p>\n<p><em>En 1964 asumi\u00f3 como presidente del consistorio el reverendo Olivero Maufras.<\/em><\/p>\n<p><em>Desde el comienzo la Iglesia Smirna ha tenido una visi\u00f3n misionera. Empez\u00f3 atendiendo al entonces grupo (hoy iglesia) de Rancagua, y ha continuado en ese camino dando origen a 7 Iglesias. Actualmente hay 5 grupos que integran la Iglesia, algunos cercanos a organizarse como Iglesias.<\/em><\/p>\n<p><em>En 1966 se compra la parte central de la actual propiedad, en Catedral 4474. Posteriormente se adquiere la propiedad ubicada al oriente y luego la ubicada al poniente del terreno original, por lo cual actualmente ocupa una propiedad de 32 x 84 mts. En ese terreno se habilitaron primero dos piezas antiguas, para servir de templo.<\/em><\/p>\n<p><em>En 1967 se construy\u00f3 un templo de madera de 5&#215;12 mts., que posteriormente se ampli\u00f3 a 15 mts de largo.<\/em><\/p>\n<p><em>En 1967 asume como presidente del consistorio el licenciado Nadir Carre\u00f1o, asumiendo posteriormente como pastor, en 1971, tras su ordenaci\u00f3n.<\/em><\/p>\n<p><em>En 1972 se inicia la construcci\u00f3n del primer edificio s\u00f3lido de tres pisos, hacia calle catedral, destinado a servir de clases para la escuela dominical y de sala social.<\/em><\/p>\n<p><em>En 1983 se inicia la construcci\u00f3n del templo actual, celebr\u00e1ndose el primer culto solemne en abril de 1984.<\/em><\/p>\n<p><em>En este templo se ha realizado un congreso de la Alianza Latinoamericana de Iglesias Cristianas (ALADIC) y varios congresos de la Confederaci\u00f3n de Iglesias Evang\u00e9lica Fundamentalistas (CIEF) y de nuestras denominaci\u00f3n presbiteriana.<\/em><\/p>\n<p><em>Anualmente se realiza aqu\u00ed el Instituto de Pedagog\u00eda Cristiana (IPEC) para formar profesores de la Escuela Dominical y un Curso de M\u00fasica.<\/em><\/p>\n","protected":false},"excerpt":{"rendered":"<p>La Iglesia Presbiteriana lleg\u00f3 a Chile a mediados del siglo XIX. Se extendi\u00f3 r\u00e1pidamente, pero el liberalismo teol\u00f3gico o modernismo hizo que decreciera. Por eso surgi\u00f3 en 1942 un grupo que procur\u00f3 avivar la Iglesia y volverla a la fidelidad estricta a la palabra de Dios. Se llam\u00f3: Grupo de Acci\u00f3n Evang\u00e9lica (G.A.E). Rechazado por [&hellip;]<\/p>\n","protected":false},"author":1,"featured_media":0,"parent":0,"menu_order":0,"comment_status":"closed","ping_status":"closed","template":"","meta":{"_monsterinsights_skip_tracking":false,"_monsterinsights_sitenote_active":false,"_monsterinsights_sitenote_note":"","_monsterinsights_sitenote_category":0,"__cvm_playback_settings":[],"__cvm_video_id":"","footnotes":""},"class_list":["post-137","page","type-page","status-publish","hentry"],"yoast_head":"<!-- This site is optimized with the Yoast SEO plugin v27.5 - https:\/\/yoast.com\/product\/yoast-seo-wordpress\/ -->\n<title>Rese\u00f1a Hist\u00f3rica - Iglesia Smirna<\/title>\n<meta name=\"description\" content=\"Rese\u00f1a hist\u00f3rica de la Iglesia Smirna. Nuestros comienzos y c\u00f3mo hemos llegado a lo que somos ahora.\" \/>\n<meta name=\"robots\" content=\"index, follow, max-snippet:-1, max-image-preview:large, max-video-preview:-1\" \/>\n<link rel=\"canonical\" href=\"https:\/\/smirna.cl\/wordpress\/resena-historica\/\" \/>\n<meta property=\"og:locale\" content=\"es_ES\" \/>\n<meta property=\"og:type\" content=\"article\" \/>\n<meta property=\"og:title\" content=\"Rese\u00f1a Hist\u00f3rica - Iglesia Smirna\" \/>\n<meta property=\"og:description\" content=\"Rese\u00f1a hist\u00f3rica de la Iglesia Smirna. Nuestros comienzos y c\u00f3mo hemos llegado a lo que somos ahora.\" \/>\n<meta property=\"og:url\" content=\"https:\/\/smirna.cl\/wordpress\/resena-historica\/\" \/>\n<meta property=\"og:site_name\" content=\"Iglesia Smirna\" \/>\n<meta property=\"article:publisher\" content=\"http:\/\/www.facebook.com\/iglesiasmirna\/\" \/>\n<meta property=\"article:modified_time\" content=\"2019-06-06T14:04:31+00:00\" \/>\n<meta property=\"og:image\" content=\"https:\/\/smirna.cl\/wordpress\/wp-content\/uploads\/2017\/11\/logo-1.jpg\" \/>\n\t<meta property=\"og:image:width\" content=\"65\" \/>\n\t<meta property=\"og:image:height\" content=\"72\" \/>\n\t<meta property=\"og:image:type\" content=\"image\/jpeg\" \/>\n<meta name=\"twitter:label1\" content=\"Tiempo de lectura\" \/>\n\t<meta name=\"twitter:data1\" content=\"3 minutos\" \/>\n<script type=\"application\/ld+json\" class=\"yoast-schema-graph\">{\"@context\":\"https:\\\/\\\/schema.org\",\"@graph\":[{\"@type\":\"WebPage\",\"@id\":\"https:\\\/\\\/smirna.cl\\\/wordpress\\\/resena-historica\\\/\",\"url\":\"https:\\\/\\\/smirna.cl\\\/wordpress\\\/resena-historica\\\/\",\"name\":\"Rese\u00f1a Hist\u00f3rica - Iglesia Smirna\",\"isPartOf\":{\"@id\":\"https:\\\/\\\/smirna.cl\\\/wordpress\\\/#website\"},\"datePublished\":\"2017-11-22T03:51:44+00:00\",\"dateModified\":\"2019-06-06T14:04:31+00:00\",\"description\":\"Rese\u00f1a hist\u00f3rica de la Iglesia Smirna. Nuestros comienzos y c\u00f3mo hemos llegado a lo que somos ahora.\",\"breadcrumb\":{\"@id\":\"https:\\\/\\\/smirna.cl\\\/wordpress\\\/resena-historica\\\/#breadcrumb\"},\"inLanguage\":\"es\",\"potentialAction\":[{\"@type\":\"ReadAction\",\"target\":[\"https:\\\/\\\/smirna.cl\\\/wordpress\\\/resena-historica\\\/\"]}]},{\"@type\":\"BreadcrumbList\",\"@id\":\"https:\\\/\\\/smirna.cl\\\/wordpress\\\/resena-historica\\\/#breadcrumb\",\"itemListElement\":[{\"@type\":\"ListItem\",\"position\":1,\"name\":\"Home\",\"item\":\"https:\\\/\\\/smirna.cl\\\/wordpress\\\/\"},{\"@type\":\"ListItem\",\"position\":2,\"name\":\"Rese\u00f1a Hist\u00f3rica\"}]},{\"@type\":\"WebSite\",\"@id\":\"https:\\\/\\\/smirna.cl\\\/wordpress\\\/#website\",\"url\":\"https:\\\/\\\/smirna.cl\\\/wordpress\\\/\",\"name\":\"Iglesia Smirna\",\"description\":\"Iglesia Smirna\",\"publisher\":{\"@id\":\"https:\\\/\\\/smirna.cl\\\/wordpress\\\/#organization\"},\"potentialAction\":[{\"@type\":\"SearchAction\",\"target\":{\"@type\":\"EntryPoint\",\"urlTemplate\":\"https:\\\/\\\/smirna.cl\\\/wordpress\\\/?s={search_term_string}\"},\"query-input\":{\"@type\":\"PropertyValueSpecification\",\"valueRequired\":true,\"valueName\":\"search_term_string\"}}],\"inLanguage\":\"es\"},{\"@type\":\"Organization\",\"@id\":\"https:\\\/\\\/smirna.cl\\\/wordpress\\\/#organization\",\"name\":\"Iglesia Smirna\",\"url\":\"https:\\\/\\\/smirna.cl\\\/wordpress\\\/\",\"logo\":{\"@type\":\"ImageObject\",\"inLanguage\":\"es\",\"@id\":\"https:\\\/\\\/smirna.cl\\\/wordpress\\\/#\\\/schema\\\/logo\\\/image\\\/\",\"url\":\"http:\\\/\\\/smirna.cl\\\/wordpress\\\/wp-content\\\/uploads\\\/2017\\\/11\\\/logo-1.jpg\",\"contentUrl\":\"http:\\\/\\\/smirna.cl\\\/wordpress\\\/wp-content\\\/uploads\\\/2017\\\/11\\\/logo-1.jpg\",\"width\":65,\"height\":72,\"caption\":\"Iglesia Smirna\"},\"image\":{\"@id\":\"https:\\\/\\\/smirna.cl\\\/wordpress\\\/#\\\/schema\\\/logo\\\/image\\\/\"},\"sameAs\":[\"http:\\\/\\\/www.facebook.com\\\/iglesiasmirna\\\/\",\"https:\\\/\\\/www.youtube.com\\\/channel\\\/UCNLg72edfDxAGpMGOHgxXMA\"]}]}<\/script>\n<!-- \/ Yoast SEO plugin. -->","yoast_head_json":{"title":"Rese\u00f1a Hist\u00f3rica - Iglesia Smirna","description":"Rese\u00f1a hist\u00f3rica de la Iglesia Smirna. Nuestros comienzos y c\u00f3mo hemos llegado a lo que somos ahora.","robots":{"index":"index","follow":"follow","max-snippet":"max-snippet:-1","max-image-preview":"max-image-preview:large","max-video-preview":"max-video-preview:-1"},"canonical":"https:\/\/smirna.cl\/wordpress\/resena-historica\/","og_locale":"es_ES","og_type":"article","og_title":"Rese\u00f1a Hist\u00f3rica - Iglesia Smirna","og_description":"Rese\u00f1a hist\u00f3rica de la Iglesia Smirna. Nuestros comienzos y c\u00f3mo hemos llegado a lo que somos ahora.","og_url":"https:\/\/smirna.cl\/wordpress\/resena-historica\/","og_site_name":"Iglesia Smirna","article_publisher":"http:\/\/www.facebook.com\/iglesiasmirna\/","article_modified_time":"2019-06-06T14:04:31+00:00","og_image":[{"width":65,"height":72,"url":"https:\/\/smirna.cl\/wordpress\/wp-content\/uploads\/2017\/11\/logo-1.jpg","type":"image\/jpeg"}],"twitter_misc":{"Tiempo de lectura":"3 minutos"},"schema":{"@context":"https:\/\/schema.org","@graph":[{"@type":"WebPage","@id":"https:\/\/smirna.cl\/wordpress\/resena-historica\/","url":"https:\/\/smirna.cl\/wordpress\/resena-historica\/","name":"Rese\u00f1a Hist\u00f3rica - Iglesia Smirna","isPartOf":{"@id":"https:\/\/smirna.cl\/wordpress\/#website"},"datePublished":"2017-11-22T03:51:44+00:00","dateModified":"2019-06-06T14:04:31+00:00","description":"Rese\u00f1a hist\u00f3rica de la Iglesia Smirna. Nuestros comienzos y c\u00f3mo hemos llegado a lo que somos ahora.","breadcrumb":{"@id":"https:\/\/smirna.cl\/wordpress\/resena-historica\/#breadcrumb"},"inLanguage":"es","potentialAction":[{"@type":"ReadAction","target":["https:\/\/smirna.cl\/wordpress\/resena-historica\/"]}]},{"@type":"BreadcrumbList","@id":"https:\/\/smirna.cl\/wordpress\/resena-historica\/#breadcrumb","itemListElement":[{"@type":"ListItem","position":1,"name":"Home","item":"https:\/\/smirna.cl\/wordpress\/"},{"@type":"ListItem","position":2,"name":"Rese\u00f1a Hist\u00f3rica"}]},{"@type":"WebSite","@id":"https:\/\/smirna.cl\/wordpress\/#website","url":"https:\/\/smirna.cl\/wordpress\/","name":"Iglesia Smirna","description":"Iglesia Smirna","publisher":{"@id":"https:\/\/smirna.cl\/wordpress\/#organization"},"potentialAction":[{"@type":"SearchAction","target":{"@type":"EntryPoint","urlTemplate":"https:\/\/smirna.cl\/wordpress\/?s={search_term_string}"},"query-input":{"@type":"PropertyValueSpecification","valueRequired":true,"valueName":"search_term_string"}}],"inLanguage":"es"},{"@type":"Organization","@id":"https:\/\/smirna.cl\/wordpress\/#organization","name":"Iglesia Smirna","url":"https:\/\/smirna.cl\/wordpress\/","logo":{"@type":"ImageObject","inLanguage":"es","@id":"https:\/\/smirna.cl\/wordpress\/#\/schema\/logo\/image\/","url":"http:\/\/smirna.cl\/wordpress\/wp-content\/uploads\/2017\/11\/logo-1.jpg","contentUrl":"http:\/\/smirna.cl\/wordpress\/wp-content\/uploads\/2017\/11\/logo-1.jpg","width":65,"height":72,"caption":"Iglesia Smirna"},"image":{"@id":"https:\/\/smirna.cl\/wordpress\/#\/schema\/logo\/image\/"},"sameAs":["http:\/\/www.facebook.com\/iglesiasmirna\/","https:\/\/www.youtube.com\/channel\/UCNLg72edfDxAGpMGOHgxXMA"]}]}},"_links":{"self":[{"href":"https:\/\/smirna.cl\/wordpress\/wp-json\/wp\/v2\/pages\/137","targetHints":{"allow":["GET"]}}],"collection":[{"href":"https:\/\/smirna.cl\/wordpress\/wp-json\/wp\/v2\/pages"}],"about":[{"href":"https:\/\/smirna.cl\/wordpress\/wp-json\/wp\/v2\/types\/page"}],"author":[{"embeddable":true,"href":"https:\/\/smirna.cl\/wordpress\/wp-json\/wp\/v2\/users\/1"}],"replies":[{"embeddable":true,"href":"https:\/\/smirna.cl\/wordpress\/wp-json\/wp\/v2\/comments?post=137"}],"version-history":[{"count":0,"href":"https:\/\/smirna.cl\/wordpress\/wp-json\/wp\/v2\/pages\/137\/revisions"}],"wp:attachment":[{"href":"https:\/\/smirna.cl\/wordpress\/wp-json\/wp\/v2\/media?parent=137"}],"curies":[{"name":"wp","href":"https:\/\/api.w.org\/{rel}","templated":true}]}}